{"id":3417,"date":"2023-07-29T14:38:59","date_gmt":"2023-07-29T12:38:59","guid":{"rendered":"https:\/\/www.agence-bildo.com\/maniaque\/?post_type=product&#038;p=3417"},"modified":"2026-04-15T22:24:03","modified_gmt":"2026-04-15T20:24:03","slug":"vrx-110-f","status":"publish","type":"product","link":"https:\/\/www.maniaquedistribution.com\/en\/product\/vrx-110-f\/","title":{"rendered":"VRX 110-F"},"content":{"rendered":"<p>Le quad enfant Apollo VRX 110-F a sp\u00e9cialement \u00e9t\u00e9 con\u00e7u pour offrir \u00e0 vos enfants un apprentissage de la conduite tout-terrain en toute s\u00e9curit\u00e9. Ce quad enfant est \u00e9quip\u00e9 d&#8217;un moteur de 110cm3 \u00e0 refroidissement par air, d&#8217;une transmission automatique avec reculons, de freins \u00e0 disque \u00e0 l&#8217;arri\u00e8re et de freins tambour \u00e0 l&#8217;avant pour un freinage optimal.<\/p>\n<p>D&#8217;un point de vue s\u00e9curit\u00e9, ce quad pour enfant poss\u00e8de l&#8217;\u00e9quipement n\u00e9cessaire pour permettre \u00e0 vos riders en herbe d&#8217;\u00e9voluer en toute confiance et de d\u00e9couvrir les joies de la conduite sur des chemins escarp\u00e9s. Il est entre autre \u00e9quip\u00e9 en option d&#8217;une t\u00e9l\u00e9commande d&#8217;arr\u00eat et de marche \u00e0 distance, d&#8217;un limiteur de vitesse, d&#8217;une protection de chaine et d&#8217;un pare-chaleur pour l&#8217;\u00e9chappement.<\/p>\n<p>Ce quad enfant est conseill\u00e9 \u00e0 partir pour les petits d\u00e9butant. Plusieurs couleurs de Quads sont disponibles.<\/p>\n<ul>\n<li>Quad enfant d&#8217;initiation<\/li>\n<li>Moteur 4 Temps 110cc<\/li>\n<li>Syst\u00e8me d&#8217;arr\u00eat \u00e0 distance avec une t\u00e9l\u00e9commande (option)<\/li>\n<li>Limitateur de vitesse<\/li>\n<li>Roues de 6 pouces<\/li>\n<\/ul>\n<p class=\"p1\">Montage inclus<\/p>\n<p class=\"p1\">Meilleur prix garanti !<\/p>\n<p class=\"p1\">Trouvez moins cher et nous \u00e9galiserons le prix !<\/p>\n<p>&nbsp;<\/p>\n<h2>Caract\u00e9ristiques<\/h2>\n<div>\n<h3>MOTORISATION<\/h3>\n<div class=\"list\">\n<p>D\u00c9MULTIPLICATION:\u00a0Couronne 76 dents<\/p>\n<p>TYPE DE MOTEUR:\u00a0Monocylindre 4T<\/p>\n<p>CAPACIT\u00c9 D&#8217;HUILE:\u00a0900mL<\/p>\n<p>BATTERIE:\u00a012V &#8211; 5Ah<\/p>\n<p>VITESSE MAXIMALE:\u00a035 KM\/H<\/p>\n<p>REFROIDISSEMENT:\u00a0Air<\/p>\n<p>CYLINDR\u00c9E:\u00a0110cc<\/p>\n<p>PUISSANCE MAXIMALE:\u00a07.1Ch (5.2 kW) \u00e0 7500 tr\/mn<\/p>\n<p>COUPLE MAX:\u00a07Nm \u00e0 6500 tr\/mn<\/p>\n<p>ALLUMAGE:\u00a0CDI microprocesseur<\/p>\n<p>MISE EN ROUTE:\u00a0Electrique<\/p>\n<p>TRANSMISSION: Automatique avec reculons<\/p>\n<p>TRANSMISSION FINALE:\u00a0Chaine 428<\/p>\n<\/div>\n<\/div>\n<div>\n<h3>PARTIES CYCLE<\/h3>\n<div class=\"list\">\n<p>SUSPENSION AVANT:\u00a0Double amortisseur 270mm<\/p>\n<p>SUSPENSION ARRI\u00c8RE:\u00a0Simple amortisseur 250mm<\/p>\n<p>FREIN AVANT:\u00a0Tambour<\/p>\n<p>FREIN ARRI\u00c8RE:\u00a0Disque<\/p>\n<p>ROUE AVANT:\u00a0145\/70-6&#8243; Tubeless<\/p>\n<p>ROUE ARRI\u00c8RE:\u00a0145\/70-6&#8243; Tubeless<\/p>\n<p>SELLE:\u00a0Noire<\/p>\n<p>R\u00c9SERVOIR:\u00a0Acier 1.8L<\/p>\n<p>COULEUR:\u00a0Rouge, Vert, Mauve<\/p>\n<p>GUIDON:\u00a0Acier noir<\/p>\n<p>CADRE:\u00a0Tubulaire acier<\/p>\n<p>POIGN\u00c9ES:\u00a0Noire<\/p>\n<\/div>\n<\/div>\n<div>\n<h3>DIMENSIONS<\/h3>\n<div class=\"list\">\n<p>HAUTEUR DE SELLE:\u00a0600mm<\/p>\n<p>EMPATTEMENT:\u00a0805mm<\/p>\n<p>GARDE AU SOL:\u00a080mm<\/p>\n<p>POIDS:\u00a078Kg<\/p>\n<\/div>\n<\/div>","protected":false},"excerpt":{"rendered":"<p>Marque: APOLLO<br \/>\nCylindre: 110CC<br \/>\nMoteur: Monocylindre 4T<\/p>\n<p>Transmission: Automatique avec reculons<\/p>","protected":false},"featured_media":7026,"template":"","meta":[],"product_cat":[42,673],"product_tag":[],"class_list":{"0":"post-3417","1":"product","2":"type-product","3":"status-publish","4":"has-post-thumbnail","6":"product_cat-apollo","7":"product_cat-apollo-vtt","9":"first","10":"instock","11":"taxable","12":"shipping-taxable","13":"purchasable","14":"product-type-simple"},"_links":{"self":[{"href":"https:\/\/www.maniaquedistribution.com\/en\/wp-json\/wp\/v2\/product\/3417","targetHints":{"allow":["GET"]}}],"collection":[{"href":"https:\/\/www.maniaquedistribution.com\/en\/wp-json\/wp\/v2\/product"}],"about":[{"href":"https:\/\/www.maniaquedistribution.com\/en\/wp-json\/wp\/v2\/types\/product"}],"wp:featuredmedia":[{"embeddable":true,"href":"https:\/\/www.maniaquedistribution.com\/en\/wp-json\/wp\/v2\/media\/7026"}],"wp:attachment":[{"href":"https:\/\/www.maniaquedistribution.com\/en\/wp-json\/wp\/v2\/media?parent=3417"}],"wp:term":[{"taxonomy":"product_cat","embeddable":true,"href":"https:\/\/www.maniaquedistribution.com\/en\/wp-json\/wp\/v2\/product_cat?post=3417"},{"taxonomy":"product_tag","embeddable":true,"href":"https:\/\/www.maniaquedistribution.com\/en\/wp-json\/wp\/v2\/product_tag?post=3417"}],"curies":[{"name":"wp","href":"https:\/\/api.w.org\/{rel}","templated":true}]}}