{"id":3422,"date":"2023-07-29T14:46:57","date_gmt":"2023-07-29T12:46:57","guid":{"rendered":"https:\/\/www.agence-bildo.com\/maniaque\/?post_type=product&#038;p=3422"},"modified":"2023-08-04T17:28:27","modified_gmt":"2023-08-04T15:28:27","slug":"vrx-125","status":"publish","type":"product","link":"https:\/\/www.maniaquedistribution.com\/en\/product\/vrx-125\/","title":{"rendered":"VRX 125"},"content":{"rendered":"<h4>CE TOUT NOUVEAU QUAD APOLLO VRX EST LA NOUVELLE R\u00c9F\u00c9RENCE DE QUAD DANS SA CAT\u00c9GORIE<\/h4>\n<p>Le VRX 125 est \u00e9quip\u00e9 du tout nouveau cadre derni\u00e8re g\u00e9n\u00e9ration, fait uniquement dans l&#8217;usine Apollo. Ce quad vous apportera confort et stabilit\u00e9 pour vos promenades hors routes. Mont\u00e9 avec des jantes 7&#8242;, ce VRX 125 pourra passer n&#8217;importe quel obstacle et constitue une excellente alternative pour offrir \u00e0 votre enfant la possibilit\u00e9 de ressentir ses premi\u00e8res sensations sur un v\u00e9hicule tout-terrain. M\u00eame pour l&#8217;adulte, il offre des performances plus qu&#8217;int\u00e9ressante !<\/p>\n<p>Il est \u00e9quip\u00e9 d&#8217;un moteur 4 temps YTX 125cc silencieux et \u00e9conomique ainsi que d&#8217;une boite de automatique d&#8217;avant, le neutre et le reculons. Gr\u00e2ce \u00e0 sa vitesse bridable. une stabilit\u00e9 \u00e0 toute \u00e9preuve et sa boite automatique, ce quad assure une vraie s\u00e9curit\u00e9 sans compromettre le plaisir de conduire un v\u00e9hicule tout terrain.<\/p>\n<p>Ce tout nouveau quad Apollo VRX est la nouvelle r\u00e9f\u00e9rence de quad dans sa cat\u00e9gorie. Avec son prix tr\u00e8s abordable, plus besoin d&#8217;h\u00e9siter pour l&#8217;acheter ! Pr\u00e9conis\u00e9 pour l&#8217;initiation des jeunes et moins jeunes.<\/p>\n<ul>\n<li>Nouveau cadre p\u00e9rim\u00e9trique<\/li>\n<li>Soutiens pieds en acier<\/li>\n<li>Quad enfant et ado d&#8217;initiation<\/li>\n<li>Moteur YTX 4 Temps 125cc<\/li>\n<li>Roues de 7\u00a0pouces<\/li>\n<li>Moteur automatique<\/li>\n<\/ul>\n<p class=\"p1\">Montage inclus<\/p>\n<p class=\"p1\">Meilleur prix garanti !<\/p>\n<p class=\"p1\">Trouvez moins cher et nous \u00e9galiserons le prix !<\/p>\n<p>&nbsp;<\/p>\n<h2>Caract\u00e9ristiques<\/h2>\n<div>\n<h3>MOTORISATION<\/h3>\n<div class=\"list\">\n<p>D\u00c9MULTIPLICATION:\u00a0Couronne 96 dents<\/p>\n<p>TYPE MOTEUR:\u00a0Monocylindre 4T<\/p>\n<p>CAPACIT\u00c9 D&#8217;HUILE:\u00a0900mL<\/p>\n<p>BATTERIE:\u00a012V &#8211; 5Ah<\/p>\n<p>VITESSE MAXIMALE:\u00a050KM\/H<\/p>\n<p>REFROIDISSEMENT:\u00a0Air<\/p>\n<p>CYLINDREE:\u00a0125cc<\/p>\n<p>PUISSANCE MAX:\u00a09Ch (6,6 kW) \u00e0 7500 tr\/mn<\/p>\n<p>COUPLE MAX:\u00a07Nm \u00e0 6500 tr\/mn<\/p>\n<p>ALLUMAGE:\u00a0CDI microprocesseur<\/p>\n<p>MISE EN ROUTE:\u00a0Electrique<\/p>\n<p>TRANSMISSION:\u00a0Automatique, neutre, reculon<\/p>\n<p>TRANSMISSION FINALE:\u00a0Chaine 428<\/p>\n<\/div>\n<\/div>\n<div>\n<h3>PARTIES CYCLE<\/h3>\n<div class=\"list\">\n<p>SUSPENSION AVANT:\u00a0Double amortisseur 325mm<\/p>\n<p>SUSPENSION ARRI\u00c8RE:\u00a0Simple amortisseur 370mm<\/p>\n<p>FREIN AVANT:\u00a0Tambour<\/p>\n<p>FREIN ARRI\u00c8RE:\u00a0Disque<\/p>\n<p>ROUE AVANT:\u00a016&#215;8.00-7 Tubeless<\/p>\n<p>ROUE ARRI\u00c8RE:\u00a016&#215;8.00-7 Tubeless<\/p>\n<p>SELLE:\u00a0Rouge, Vert, Noir<\/p>\n<p>R\u00c9SERVOIR:\u00a0Acier 2.3L<\/p>\n<p>COULEUR:\u00a0Rouge, Vert, Bleu<\/p>\n<p>GUIDON:\u00a0Acier noir<\/p>\n<p>CADRE:\u00a0P\u00e9rim\u00e9trique acier<\/p>\n<p>POIGN\u00c9ES:\u00a0Noire<\/p>\n<\/div>\n<\/div>\n<div>\n<h3>DIMENSIONS<\/h3>\n<div class=\"list\">\n<p>HAUTEUR DE SELLE:\u00a0720mm<\/p>\n<p>EMPATTEMENT:\u00a0950mm<\/p>\n<p>GARDE AU SOL:\u00a0130mm<\/p>\n<p>POIDS:\u00a0105Kg<\/p>\n<\/div>\n<\/div>","protected":false},"excerpt":{"rendered":"<p>Marque: APOLLO<br \/>\nCylindre: 125cc<br \/>\nMoteur: Monocylindre 4T<\/p>\n<p>Transmission: Automatique<\/p>","protected":false},"featured_media":3423,"template":"","meta":[],"product_cat":[42,673],"product_tag":[],"class_list":{"0":"post-3422","1":"product","2":"type-product","3":"status-publish","4":"has-post-thumbnail","6":"product_cat-apollo","7":"product_cat-apollo-vtt","9":"first","10":"instock","11":"taxable","12":"shipping-taxable","13":"purchasable","14":"product-type-simple"},"_links":{"self":[{"href":"https:\/\/www.maniaquedistribution.com\/en\/wp-json\/wp\/v2\/product\/3422","targetHints":{"allow":["GET"]}}],"collection":[{"href":"https:\/\/www.maniaquedistribution.com\/en\/wp-json\/wp\/v2\/product"}],"about":[{"href":"https:\/\/www.maniaquedistribution.com\/en\/wp-json\/wp\/v2\/types\/product"}],"wp:featuredmedia":[{"embeddable":true,"href":"https:\/\/www.maniaquedistribution.com\/en\/wp-json\/wp\/v2\/media\/3423"}],"wp:attachment":[{"href":"https:\/\/www.maniaquedistribution.com\/en\/wp-json\/wp\/v2\/media?parent=3422"}],"wp:term":[{"taxonomy":"product_cat","embeddable":true,"href":"https:\/\/www.maniaquedistribution.com\/en\/wp-json\/wp\/v2\/product_cat?post=3422"},{"taxonomy":"product_tag","embeddable":true,"href":"https:\/\/www.maniaquedistribution.com\/en\/wp-json\/wp\/v2\/product_tag?post=3422"}],"curies":[{"name":"wp","href":"https:\/\/api.w.org\/{rel}","templated":true}]}}