{"id":3428,"date":"2023-07-29T14:51:36","date_gmt":"2023-07-29T12:51:36","guid":{"rendered":"https:\/\/www.agence-bildo.com\/maniaque\/?post_type=product&#038;p=3428"},"modified":"2023-08-04T17:16:19","modified_gmt":"2023-08-04T15:16:19","slug":"rxf-mini","status":"publish","type":"product","link":"https:\/\/www.maniaquedistribution.com\/en\/product\/rxf-mini\/","title":{"rendered":"RXF MINI"},"content":{"rendered":"<p>La nouvelle gamme RXF fait rentrer la marque Apollo Motors dans une nouvelle \u00e8re! Nouveau look, nouveau cadre, accrochez-vous \u00e0 votre guidon ces motos mettent une claque \u00e0 toutes les autres du march\u00e9 du Dirt Bike. Cette RXF change de dimension et d&#8217;esth\u00e9tique afin de proposer des motos proches de celles du championnat du monde de moto cross. Vous en avez marre des motos jetables et peu performantes ? Vous voulez acheter une moto con\u00e7ue en France? Cette nouvelle RXF r\u00e9pond \u00e0 vos exigences.<\/p>\n<p>Le kit plastique des mod\u00e8les RXF a \u00e9t\u00e9 d\u00e9velopp\u00e9 en France dans leurs bureaux en \u00e9troite collaboration avec leurs pilotes usines: ligne de poutre ultra fine, libert\u00e9 de mouvement maximale, sans aucun compromis pour le placement des composants tout lui va comme un gant. L&#8217;intelligence de conception du nouveau kit plastique se ressent d\u00e8s que l&#8217;on s&#8217;assoit sur la moto. Apr\u00e8s les premiers tours, on r\u00e9alise la r\u00e9elle ampleur que g\u00e9n\u00e8rent toutes ces diff\u00e9rences.<\/p>\n<p>La nouvelle selle RXF a la particularit\u00e9 d&#8217;\u00eatre extr\u00eamement fine ce qui facilite le maintien de la moto avec les jambes. Cette selle est compl\u00e9tement ind\u00e9pendante aux plastiques et peut donc se d\u00e9monter en moins de 30 secondes! Le petit guidon Fatbar a \u00e9t\u00e9 sp\u00e9cialement con\u00e7u pour le ch\u00e2ssis de la RXF, cette moto est adapt\u00e9e aux plus petits pour un bien meilleur apprentissage.<\/p>\n<p>Cette RXF est \u00e9quip\u00e9e des toutes nouvelles suspensions Volt Racing, la fourche et l&#8217;amortisseur ont \u00e9t\u00e9 d\u00e9velopp\u00e9s en France pendant plus d&#8217;un an avec notre pr\u00e9parateur. La fourche Volt a \u00e9t\u00e9 d\u00e9velopp\u00e9e pour avoir un maximum de confort. Son design est unique, ses fourreaux sont blancs et ses t\u00eates de fourche sont bleues.<\/p>\n<p>Enfin un amortisseur qui fonctionne! Le tout nouveau amortisseur Volt a \u00e9t\u00e9 cr\u00e9\u00e9 uniquement pour cette moto, et adapt\u00e9 \u00e0 un poids d&#8217;enfant et non d&#8217;adulte comme on peut trouver chez d&#8217;autres marques. Votre enfant aura un vrai incontestable et une excellente stabilit\u00e9. Cot\u00e9 freinage, cette RXF est au top, pas de frein \u00e0 c\u00e2bles mais des freins \u00e0 disques hydrauliques qui vous apporteront une s\u00e9curit\u00e9 \u00e0 toutes \u00e9preuves, ceux-l\u00e0 s&#8217;utilisent \u00e0 l&#8217;aide de leviers de freins sur le guidon.<\/p>\n<p>En collaboration avec le fabriquant de Daytona, Apollo a d\u00e9velopp\u00e9 un nouveau moteur 50cc. Petit moteur, peu puissant, souple, qui sera parfait pour accompagner votre enfant lors de son apprentissage, vous avez aussi la possibilit\u00e9 de brider la puissance via la poign\u00e9e d&#8217;acc\u00e9l\u00e9rateur. Fini les coups de kick, cette moto se d\u00e9marre \u00e9lectriquement gr\u00e2ce \u00e0 son d\u00e9marreur \u00e9lectrique!<\/p>\n<ul>\n<li>Nouveau mod\u00e8le 100% d\u00e9velopp\u00e9 en France<\/li>\n<li>Nouveau moteur, exclusivit\u00e9 Apollo Motors<\/li>\n<li>Kits plastiques d\u00e9montables Easy-out<\/li>\n<li>Enfant et d\u00e9butant<\/li>\n<li>Freins avant et arri\u00e8re \u00e0 disques hydrauliques<\/li>\n<li>Suspensions Volt adapt\u00e9es aux poids des enfants<\/li>\n<li>Freins avant et arri\u00e8re au guidon<\/li>\n<li>D\u00e9marreur \u00e9lectrique<\/li>\n<li>Poign\u00e9e de gaz bridable<\/li>\n<li>Moteur automatique, pas de vitesse \u00e0 passer<\/li>\n<\/ul>\n<p class=\"p1\">Meilleur prix garanti !<\/p>\n<p class=\"p1\">Trouvez moins cher et nous \u00e9galiserons le prix !<\/p>\n<p>&nbsp;<\/p>\n<h2>Caract\u00e9ristiques<\/h2>\n<div>\n<h3>MOTORISATION<\/h3>\n<div class=\"list\">\n<p>D\u00c9MULTIPLICATION:\u00a0Couronne 41 dents, Pignon 10 dents<\/p>\n<p>TYPE DE MOTEUR:\u00a0Monocylindre 4T<\/p>\n<p>CAPACIT\u00c9 D&#8217;HUILE:\u00a0N\/D<\/p>\n<p>REFROIDISSEMENT:\u00a0Air<\/p>\n<p>CYLINDR\u00c9E:\u00a050cc<\/p>\n<p>AL\u00c9SAGE:\u00a052.4mm x 55.5mm<\/p>\n<p>CARBURATEUR:\u00a0Apollo PZ14<\/p>\n<p>EMBRAYAGE:\u00a0Multidisque en bain d&#8217;huile<\/p>\n<p>ALLUMAGE:\u00a0CDI microprocesseur<\/p>\n<p>MISE EN ROUTE:\u00a0Electrique<\/p>\n<p>TRANSMISSION:\u00a0Automatique<\/p>\n<p>TRANSMISSION FINALE:\u00a0Cha\u00eene 420<\/p>\n<\/div>\n<\/div>\n<div>\n<h3>PARTIES CYCLE<\/h3>\n<div class=\"list\">\n<p>T\u00c9S DE FOURCHE:\u00a0Aluminium embouti<\/p>\n<p>SUSPENSION AVANT:\u00a0VOLT V1 &#8211; 530 mm USD<\/p>\n<p>BRAS OSCILLANT:\u00a0Acier, mont\u00e9 sur cages \u00e0 aiguilles<\/p>\n<p>D\u00c9BATTEMENT AVANT:\u00a0200mm<\/p>\n<p>SUSPENSION ARRI\u00c8RE:\u00a0VOLT V1 &#8211; 190mm<\/p>\n<p>FREIN AVANT:\u00a0Frein \u00e0 disque, disque 170mm<\/p>\n<p>FREIN ARRI\u00c8RE:\u00a0Frein \u00e0 disque, disque 170mm<\/p>\n<p>ROUE AVANT:\u00a0Jante acier 10&#8243;, Pneu Guangli 2.5&#215;10<\/p>\n<p>ROUE ARRI\u00c8RE:\u00a0Jante acier 10&#8243;, Pneu Guangli 3.0&#215;10<\/p>\n<p>\u00c9CHAPPEMENT:\u00a0Aluminium Volt performance<\/p>\n<p>SELLE:\u00a0Volt Bleu, d\u00e9montable par le dessous<\/p>\n<p>R\u00c9SERVOIR:\u00a0RFZ 1,6L<\/p>\n<p>COULEUR:\u00a0Rouge<\/p>\n<p>GUIDON:\u00a0Fatbar 22mm en acier<\/p>\n<p>CADRE:\u00a0Chassis central tubulaire en tubes profil\u00e9s<\/p>\n<p>POIGN\u00c9ES:\u00a0Apollo noire<\/p>\n<\/div>\n<\/div>\n<div>\n<h3>DIMENSIONS<\/h3>\n<div class=\"list\">\n<p>SELLE:\u00a0560mm<\/p>\n<p>EMPATTEMENT:\u00a0855mm \u00b110 mm<\/p>\n<p>GARDE AU SOL:\u00a0180mm<\/p>\n<p>POIDS:\u00a043KG<\/p>\n<\/div>\n<\/div>","protected":false},"excerpt":{"rendered":"<p>Marque: APOLLO<\/p>\n<p>Cylindr\u00e9e: 50cc<br \/>\nMoteur: MONOCYLINDRE 4T<\/p>\n<p>Mise en route: Electrique<\/p>\n<p>Transmission: Automatique<\/p>","protected":false},"featured_media":3429,"template":"","meta":[],"product_cat":[42,669],"product_tag":[],"class_list":{"0":"post-3428","1":"product","2":"type-product","3":"status-publish","4":"has-post-thumbnail","6":"product_cat-apollo","7":"product_cat-apollo-moto","9":"first","10":"instock","11":"taxable","12":"shipping-taxable","13":"purchasable","14":"product-type-simple"},"_links":{"self":[{"href":"https:\/\/www.maniaquedistribution.com\/en\/wp-json\/wp\/v2\/product\/3428","targetHints":{"allow":["GET"]}}],"collection":[{"href":"https:\/\/www.maniaquedistribution.com\/en\/wp-json\/wp\/v2\/product"}],"about":[{"href":"https:\/\/www.maniaquedistribution.com\/en\/wp-json\/wp\/v2\/types\/product"}],"wp:featuredmedia":[{"embeddable":true,"href":"https:\/\/www.maniaquedistribution.com\/en\/wp-json\/wp\/v2\/media\/3429"}],"wp:attachment":[{"href":"https:\/\/www.maniaquedistribution.com\/en\/wp-json\/wp\/v2\/media?parent=3428"}],"wp:term":[{"taxonomy":"product_cat","embeddable":true,"href":"https:\/\/www.maniaquedistribution.com\/en\/wp-json\/wp\/v2\/product_cat?post=3428"},{"taxonomy":"product_tag","embeddable":true,"href":"https:\/\/www.maniaquedistribution.com\/en\/wp-json\/wp\/v2\/product_tag?post=3428"}],"curies":[{"name":"wp","href":"https:\/\/api.w.org\/{rel}","templated":true}]}}