{"id":3434,"date":"2023-07-29T14:58:18","date_gmt":"2023-07-29T12:58:18","guid":{"rendered":"https:\/\/www.agence-bildo.com\/maniaque\/?post_type=product&#038;p=3434"},"modified":"2023-08-04T17:18:30","modified_gmt":"2023-08-04T15:18:30","slug":"rfz-rookie","status":"publish","type":"product","link":"https:\/\/www.maniaquedistribution.com\/en\/product\/rfz-rookie\/","title":{"rendered":"RFZ ROOKIE"},"content":{"rendered":"<p>La RFZ Rookie a \u00e9t\u00e9 cr\u00e9\u00e9e en 2020 sur une base d&#8217;un cadre double poutre que l&#8217;on retrouve chez diff\u00e9rentes marques. En effet une forte demande de la part de leurs clients a pouss\u00e9 Apollo Motors a faire une moto plus basse et mieux adapt\u00e9e \u00e0 l&#8217;apprentissage tout en gardant le touche RFZ avec ses magnifiques plastiques!<\/p>\n<p>Le kit plastique des mod\u00e8les RFZ a \u00e9t\u00e9 d\u00e9velopp\u00e9 en France dans leurs bureaux en \u00e9troite collaboration avec leurs pilotes usines: ligne de poutre ultra fine, libert\u00e9 de mouvement maximale, sans aucun compromis pour le placement des composants tout lui va comme un gant. L&#8217;intelligence de conception du nouveau kit plastique se ressent d\u00e8s que l&#8217;on s&#8217;assoit sur la moto. Apr\u00e8s les premiers tours, on r\u00e9alise la r\u00e9elle ampleur que g\u00e9n\u00e8rent toutes ces diff\u00e9rences.<\/p>\n<p>La nouvelle selle RFZ a la particularit\u00e9 d&#8217;\u00eatre extr\u00eamement fine ce qui facilite le maintien de la moto avec les jambes. Cette selle est compl\u00e8tement ind\u00e9pendante aux plastiques et peut donc se d\u00e9monter en moins de 30 secondes gr\u00e2ce \u00e0 un syst\u00e8me de d\u00e9montage rapide par le dessus.<\/p>\n<p>Cot\u00e9 moteur, Apollo collabore avec l&#8217;usine YTX qui leur fait un moteur sur-mesure 110cc d\u00e9marrage point mort mais avec un cylindre en aluminium.<\/p>\n<p>Nous vous recommandons d&#8217;entretenir votre Dirt Bike avant et apr\u00e8s chaque sortie en for\u00eat, terrain de cross.<\/p>\n<ul>\n<li>Minicross d\u00e9velopp\u00e9e en France<\/li>\n<li>Haute qualit\u00e9, prix mini.<\/li>\n<li>Selle d\u00e9montable \u00e0 la main en moins de 30 secondes<\/li>\n<li>Moteur YTX cylindre aluminium<\/li>\n<li>Gripster de roue arri\u00e8re de s\u00e9rie<\/li>\n<\/ul>\n<div>Montage inclus<\/div>\n<div id=\"motorisation\" class=\"section\">Meilleur prix garanti !<\/div>\n<div id=\"dimensions\" class=\"section\">\n<div class=\"row\">\n<div class=\"grid_6 grid_768_12 alpha_768 omega_768 omega\">\n<div class=\"table\">\n<div class=\"table_row\">\n<p class=\"p1\">Trouvez moins cher et nous \u00e9galiserons le prix !<\/p>\n<p>&nbsp;<\/p>\n<div class=\"table_cell\">\n<h2>Caract\u00e9ristiques<\/h2>\n<div>\n<h3>MOTORISATION<\/h3>\n<div class=\"list\">\n<p>D\u00c9MULTIPLICATION Couronne 41 dents, Pignon 14 dents :<\/p>\n<p>TYPE DE MOTEUR:\u00a0YTX Monocylindre 4T<\/p>\n<p>CAPACIT\u00c9 D&#8217;HUILE:\u00a0900mL<\/p>\n<p>REFROIDISSEMENT:\u00a0Air<\/p>\n<p>CYLINDR\u00c9E:\u00a0110cc<\/p>\n<p>AL\u00c9SAGE:\u00a052.4mm x 55.5mm<\/p>\n<p>CARBURATEUR:\u00a0Apollo PZ19<\/p>\n<p>EMBRAYAGE:\u00a0Multidisque en bain d&#8217;huile<\/p>\n<p>ALLUMAGE:\u00a0Allumage CDI microprocesseur<\/p>\n<p>MISE EN ROUTE:\u00a0Kick-Start<\/p>\n<p>TRANSMISSION:\u00a04 rapports (N-1-2-3-4)<\/p>\n<p>TRANSMISSION FINALE:\u00a0Cha\u00eene 428 KMC renforc\u00e9e<\/p>\n<\/div>\n<\/div>\n<div>\n<h3>PARTIES CYCLE<\/h3>\n<div class=\"list\">\n<p>SUSPENSION AVANTSUSPENSION AVANT:\u00a0Fourche 625mm<\/p>\n<p>BRAS OSCILLANT:\u00a0Cross acier, mont\u00e9 sur cages \u00e0 aiguilles<\/p>\n<p>SUSPENSION ARRI\u00c8RE:\u00a0Amortisseur arri\u00e8re 280mm<\/p>\n<p>FREIN AVANT:\u00a0Frein \u00e0 disque, \u00e9trier \u00e0 doubles pistons<\/p>\n<p>FREIN ARRI\u00c8RE:\u00a0Frein \u00e0 disque, \u00e9trier \u00e0 simple piston<\/p>\n<p>ROUE AVANT:\u00a0Jante acier 12&#8243;, axe de 15mm, pneu 2.75-12<\/p>\n<p>ROUE ARRI\u00c8RE:\u00a0Jante acier 10&#8243; noire, axe de 15mm, pneu 2.75-12<\/p>\n<p>\u00c9CHAPPEMENT:\u00a0Cartouche d&#8217;\u00e9chappement en acier<\/p>\n<p>SELLE:\u00a0Volt Noire, d\u00e9montable par le dessus<\/p>\n<p>R\u00c9SERVOIR:\u00a0Acier 4.7L<\/p>\n<p>COULEUR:\u00a0Rouge et Bleu<\/p>\n<p>GUIDON:\u00a022mm acier<\/p>\n<p>CADRE:\u00a0Cadre double (3 points d&#8217;ancrage moteur)<\/p>\n<p>POIGN\u00c9ES:\u00a0Apollo noire<\/p>\n<\/div>\n<\/div>\n<div>\n<h3>DIMENSIONS<\/h3>\n<div class=\"list\">\n<p>HAUTEUR DE SELLE:\u00a0730 mm<\/p>\n<p>EMPATTEMENT:\u00a01140 mm<\/p>\n<p>GARDE AU SOL:\u00a0220 mm<\/p>\n<p>POIDS:\u00a066 KG<\/p>\n<\/div>\n<\/div>\n<\/div>\n<\/div>\n<\/div>\n<\/div>\n<\/div>\n<\/div>","protected":false},"excerpt":{"rendered":"<p>Marque: APOLLO<\/p>\n<p>Cylindre: 110cc<\/p>\n<p>Moteur: YTX Monocylindre 4T<\/p>\n<p>Tranismission: 4 rapports (N-1-2-3-4)<\/p>\n<p>Mise en route: Kick-Start<\/p>\n<p>&nbsp;<\/p>","protected":false},"featured_media":3435,"template":"","meta":[],"product_cat":[42,669],"product_tag":[],"class_list":{"0":"post-3434","1":"product","2":"type-product","3":"status-publish","4":"has-post-thumbnail","6":"product_cat-apollo","7":"product_cat-apollo-moto","9":"first","10":"instock","11":"taxable","12":"shipping-taxable","13":"purchasable","14":"product-type-simple"},"_links":{"self":[{"href":"https:\/\/www.maniaquedistribution.com\/en\/wp-json\/wp\/v2\/product\/3434","targetHints":{"allow":["GET"]}}],"collection":[{"href":"https:\/\/www.maniaquedistribution.com\/en\/wp-json\/wp\/v2\/product"}],"about":[{"href":"https:\/\/www.maniaquedistribution.com\/en\/wp-json\/wp\/v2\/types\/product"}],"wp:featuredmedia":[{"embeddable":true,"href":"https:\/\/www.maniaquedistribution.com\/en\/wp-json\/wp\/v2\/media\/3435"}],"wp:attachment":[{"href":"https:\/\/www.maniaquedistribution.com\/en\/wp-json\/wp\/v2\/media?parent=3434"}],"wp:term":[{"taxonomy":"product_cat","embeddable":true,"href":"https:\/\/www.maniaquedistribution.com\/en\/wp-json\/wp\/v2\/product_cat?post=3434"},{"taxonomy":"product_tag","embeddable":true,"href":"https:\/\/www.maniaquedistribution.com\/en\/wp-json\/wp\/v2\/product_tag?post=3434"}],"curies":[{"name":"wp","href":"https:\/\/api.w.org\/{rel}","templated":true}]}}