{"id":3445,"date":"2023-07-29T15:16:26","date_gmt":"2023-07-29T13:16:26","guid":{"rendered":"https:\/\/www.agence-bildo.com\/maniaque\/?post_type=product&#038;p=3445"},"modified":"2023-08-04T17:28:07","modified_gmt":"2023-08-04T15:28:07","slug":"vrx-200-f","status":"publish","type":"product","link":"https:\/\/www.maniaquedistribution.com\/en\/product\/vrx-200-f\/","title":{"rendered":"VRX 200-F"},"content":{"rendered":"<p>Le VRX 200-F d&#8217;Apollo est le VTT parfait pour sillonner les sentiers ou pour effectuer des t\u00e2ches m\u00e9nag\u00e8res !<\/p>\n<p>Dot\u00e9 d&#8217;un puissant moteur \u00e0 quatre temps de 174 cm3 refroidi par air, ce quad peut tirer des charges allant jusqu&#8217;\u00e0 330 livres \u00e0 des vitesses allant jusqu&#8217;\u00e0 80 km\/h. Une CVT automatique (transmission \u00e0 variation continue) permet une acc\u00e9l\u00e9ration ultra-douce sans avoir \u00e0 s&#8217;embarrasser de changer de vitesse.<\/p>\n<p>Avec des freins \u00e0 disque hydrauliques avant et arri\u00e8re et une suspension \u00e0 ressorts h\u00e9lico\u00efdaux offrant une garde au sol de plus de 7 pouces, le quatre-roues Apollo VRX 200-F garantit un freinage en douceur et une excellente maniabilit\u00e9 qui peut affronter les terrains les plus difficiles !<\/p>\n<p>Comprend des racks utilitaires avant et arri\u00e8re.<\/p>\n<ul>\n<li>Nouveau cadre p\u00e9rim\u00e9trique<\/li>\n<li>Nouveau style, unique<\/li>\n<li>Soutiens pieds en acier<\/li>\n<li>Quad enfant ado et adulte d&#8217;initiation<\/li>\n<li>Moteur 4 Temps 174cc<\/li>\n<li>Roues de 10\u00a0pouces<\/li>\n<li>Nouveau moteur autromatique<\/li>\n<li>D\u00e9marrage \u00e9lectrique et pull-start<\/li>\n<li>Jantes aluminium<\/li>\n<li>Speedom\u00eatre LCD<\/li>\n<\/ul>\n<div id=\"motorisation\" class=\"section\">Montage inclus<\/div>\n<div id=\"dimensions\" class=\"section\">\n<div class=\"row\">\n<div class=\"grid_6 grid_768_12 alpha_768 omega_768 omega\">\n<div class=\"table\">\n<p class=\"p1\">Meilleur prix garanti !<\/p>\n<p class=\"p1\">Trouvez moins cher et nous \u00e9galiserons le prix !<\/p>\n<\/div>\n<\/div>\n<\/div>\n<\/div>\n<p>&nbsp;<\/p>\n<div id=\"content\" class=\"product\">\n<section class=\"features\">\n<h2>Caract\u00e9ristiques<\/h2>\n<div>\n<h3>MOTORISATION<\/h3>\n<div class=\"list\">\n<p>TYPE MOTEUR:\u00a0Monocylindre 4T<\/p>\n<p>CAPACIT\u00c9 D&#8217;HUILE:\u00a0900mL<\/p>\n<p>BATTERIE:\u00a012V-9AH<\/p>\n<p>VITESSE MAXIMALE:\u00a080KM\/H<\/p>\n<p>REFROIDISSEMENT:\u00a0Air<\/p>\n<p>CYLINDREE:\u00a0174.4cc<\/p>\n<p>PUISSANCE MAX:\u00a010Ch (7.4 kW) \u00e0 7500 tr\/mn<\/p>\n<p>COUPLE MAX:\u00a08Nm \u00e0 6500 tr\/mn<\/p>\n<p>ALLUMAGE:\u00a0CDI microprocesseur<\/p>\n<p>MISE EN ROUTE:\u00a0Electrique et \u00e0 main<\/p>\n<p>TRANSMISSION:\u00a0Automatique, neutre, reculon<\/p>\n<p>TRANSMISSION FINALE:\u00a0Chaine 520<\/p>\n<\/div>\n<\/div>\n<div>\n<h3>PARTIES CYCLE<\/h3>\n<div class=\"list\">\n<p>SUSPENSION AVANT:\u00a0Double amortisseur<\/p>\n<p>SUSPENSION ARRI\u00c8RE:\u00a0Simple amortisseur<\/p>\n<p>FREIN AVANT:\u00a0Disque<\/p>\n<p>FREIN ARRI\u00c8RE:\u00a0Disque<\/p>\n<p>ROUE AVANT:\u00a023\u00d77-10&#8243; Tubeless<\/p>\n<p>ROUE ARRI\u00c8RE:\u00a022\u00d710-10\u201c Tubeless<\/p>\n<p>SELLE:\u00a0Noire<\/p>\n<p>R\u00c9SERVOIR:\u00a0Acier 6.0L<\/p>\n<p>COULEUR:\u00a0Bleu \/ Rouge<\/p>\n<p>GUIDON:\u00a0Acier noir<\/p>\n<p>CADRE:\u00a0P\u00e9rim\u00e9trique acier<\/p>\n<p>POIGN\u00c9ES:\u00a0Noire<\/p>\n<\/div>\n<\/div>\n<div>\n<h3>DIMENSIONS<\/h3>\n<div class=\"list\">\n<p>HAUTEUR DE SELLE:\u00a0790mm<\/p>\n<p>EMPATTEMENT:\u00a0950mm<\/p>\n<p>GARDE AU SOL:\u00a0160mm<\/p>\n<p>POIDS:\u00a0208Kg<\/p>\n<\/div>\n<\/div>\n<\/section>\n<\/div>","protected":false},"excerpt":{"rendered":"<p>Marque: APOLLO<\/p>\n<p>Cylindr\u00e9e:\u00a0 174cc<\/p>\n<p>Type: Monocylindre 4T<\/p>\n<p>Transmission: Automatique<\/p>","protected":false},"featured_media":3446,"template":"","meta":[],"product_cat":[42,673],"product_tag":[],"class_list":{"0":"post-3445","1":"product","2":"type-product","3":"status-publish","4":"has-post-thumbnail","6":"product_cat-apollo","7":"product_cat-apollo-vtt","9":"first","10":"instock","11":"taxable","12":"shipping-taxable","13":"purchasable","14":"product-type-simple"},"_links":{"self":[{"href":"https:\/\/www.maniaquedistribution.com\/en\/wp-json\/wp\/v2\/product\/3445","targetHints":{"allow":["GET"]}}],"collection":[{"href":"https:\/\/www.maniaquedistribution.com\/en\/wp-json\/wp\/v2\/product"}],"about":[{"href":"https:\/\/www.maniaquedistribution.com\/en\/wp-json\/wp\/v2\/types\/product"}],"wp:featuredmedia":[{"embeddable":true,"href":"https:\/\/www.maniaquedistribution.com\/en\/wp-json\/wp\/v2\/media\/3446"}],"wp:attachment":[{"href":"https:\/\/www.maniaquedistribution.com\/en\/wp-json\/wp\/v2\/media?parent=3445"}],"wp:term":[{"taxonomy":"product_cat","embeddable":true,"href":"https:\/\/www.maniaquedistribution.com\/en\/wp-json\/wp\/v2\/product_cat?post=3445"},{"taxonomy":"product_tag","embeddable":true,"href":"https:\/\/www.maniaquedistribution.com\/en\/wp-json\/wp\/v2\/product_tag?post=3445"}],"curies":[{"name":"wp","href":"https:\/\/api.w.org\/{rel}","templated":true}]}}