{"id":3460,"date":"2023-07-29T15:25:16","date_gmt":"2023-07-29T13:25:16","guid":{"rendered":"https:\/\/www.agence-bildo.com\/maniaque\/?post_type=product&#038;p=3460"},"modified":"2026-04-15T21:56:44","modified_gmt":"2026-04-15T19:56:44","slug":"sedna-16","status":"publish","type":"product","link":"https:\/\/www.maniaquedistribution.com\/en\/product\/sedna-16\/","title":{"rendered":"SEDNA 16"},"content":{"rendered":"<p>Apr\u00e8s une exp\u00e9rience de 15 ans en Pit bike Apollo Motors a d\u00e9velopp\u00e9 une draisienne \u00e9lectrique sportive pour enfants : Sedna 16&#8243; 170W. Cette draisienne b\u00e9n\u00e9ficie des toutes derni\u00e8res \u00e9volutions que le march\u00e9 peut proposer.<\/p>\n<p>L\u00e9g\u00e8re, maniable et tr\u00e8s compl\u00e8te, cette rfz sedna est parfaite pour les enfants de 5 \u00e0 12 ans :<\/p>\n<p>&#8211; 5-7 ans Utilisation avec l\u2019assistance \u00e9lectrique vitesse lente (13km\/h)<br \/>\n&#8211; 7-12 ans Utilisation avec l\u2019assistance \u00e9lectrique vitesse rapide (24km\/h)<\/p>\n<p>Plus grande que la version 12&#8243;, ce mod\u00e8le est \u00e9quip\u00e9 de roue en 16&#8243; et avec un moteur plsu puissant de 170W et une batterie de 5.2Ah.<\/p>\n<p>Cette draisienne \u00e9lectrique est ultra l\u00e9g\u00e8re, sp\u00e9cialement con\u00e7ue pour les enfants, pesant seulement 11 kg. Commencez-les jeunes en utilisant le v\u00e9lo comme un v\u00e9lo \u00e0 marcher conventionnel avec son syst\u00e8me de roue libre sp\u00e9cialement con\u00e7u. Ensuite, commencer en utilisant l&#8217;assistance \u00e9lectrique en mode vitesse lente (13km\/h) votre enfant pourra poser ses pieds sur les repose-pieds tout en utilisant son \u00e9quilibre.<\/p>\n<p>Tout est en extr\u00eamement simple, votre enfant poussera la g\u00e2chette de sa manette de gaz pour acc\u00e9l\u00e9rer, il pourra par la suite passer \u00e0 une vitesse sup\u00e9rieur en utilisant le r\u00e9glage vitesse rapide (24km\/h).<\/p>\n<p>Ce v\u00e9lo \u00e0 marcher est \u00e9quip\u00e9 de pneus hybrides adapt\u00e9s \u00e0 une utilisation sur route et hors route et un moteur \u00e0 cha\u00eene offrant des performances fiables<\/p>\n<p>Au niveau finition, vous ne serez pas d\u00e9\u00e7u, en effet Apollo a utilis\u00e9 des pi\u00e8ces de qualit\u00e9s: Cadre et guidon en aluminium ce qui permet \u00e0 cette draisienne de pes\u00e9 seulement 9KG batterie incluse, et d&#8217;une batterie au Lithium donnant la possibilit\u00e9 d&#8217;utiliser le v\u00e9lo jusqu&#8217;\u00e0 1h15min en utilisation constante avec seulement une charge de 2h30!<br \/>\nVous avez besoin de conseils pour cet achat ? Contactez-nous par t\u00e9l\u00e9phone, par e-mail ou sur les R\u00e9seaux Sociaux : un de nos conseillers va vous aider.<\/p>\n<p>-De 5 \u00e0 12 ans (40kg max)<br \/>\n-Cadre et guidon en aluminium<br \/>\n-Poids total 11KG<br \/>\n-Batterie au Lithium 5.2Ah<br \/>\n-Moteur 170W<br \/>\n-Roues \u00e0 baton renforc\u00e9es<br \/>\n-Utilisation sans ou avec assitance \u00e9lectrique<br \/>\n-Deux vitesses disponible : 13km\/h ou 24km\/h<br \/>\n-Roues 16&#8243;<\/p>\n<p class=\"p1\">Montage inclus<\/p>\n<p class=\"p1\">Meilleur prix garanti !<\/p>\n<p class=\"p1\">Trouvez moins cher et nous \u00e9galiserons le prix !<\/p>\n<div id=\"motorisation\" class=\"section\"><\/div>\n<div id=\"dimensions\" class=\"section\">\n<div class=\"row\">\n<div class=\"grid_6 grid_768_12 alpha_768 omega_768 omega\">\n<div class=\"table\">\n<div class=\"table_row\">\n<div class=\"table_cell\">\n<h2>Caract\u00e9ristiques<\/h2>\n<div>\n<h3>MOTORISATION<\/h3>\n<div class=\"list\">\n<p>TYPE MOTEUR :\u00a0\u00c9lectrique 170w<\/p>\n<p>VITESSE MAXIMALE :\u00a013km\/h ou 24km\/h<\/p>\n<p>BATTERIE :\u00a05.2Ah Lithium ion<\/p>\n<p>AUTONOMIE :\u00a01h15min (mode lent) \/ 40min(mode rapide)<\/p>\n<p>TRANSMISSION FINALE :\u00a0Cha\u00eene<\/p>\n<\/div>\n<\/div>\n<div>\n<h3>PARTIES CYCLE<\/h3>\n<div class=\"list\">\n<p>FREIN ARRIERE :\u00a0Frein \u00e0 tambours<\/p>\n<p>ROUE AVANT :\u00a016&#8243; renforc\u00e9e<\/p>\n<p>ROUE ARRIERE :\u00a016&#8243; renforc\u00e9e<\/p>\n<p>COULEUR :\u00a0rouge ou jaune<\/p>\n<p>GUIDON :\u00a0Aluminum<\/p>\n<p>CADRE :\u00a0Cadre en aluminum<\/p>\n<\/div>\n<\/div>\n<div>\n<h3>DIMENSIONS<\/h3>\n<div class=\"list\">\n<p>TAILLE CARTON :\u00a0130x24x65cm<\/p>\n<p>HAUTEUR DE SELLE :\u00a0425mm<\/p>\n<p>EMPATTEMENT :\u00a0790mm<\/p>\n<p>POIDS :\u00a011KG<\/p>\n<p>CHARGE MAX :\u00a040KG<\/p>\n<\/div>\n<\/div>\n<\/div>\n<\/div>\n<\/div>\n<\/div>\n<\/div>\n<\/div>","protected":false},"excerpt":{"rendered":"<p>Marque: APOLLO<\/p>\n<p>Moteur : \u00c9lectrique 170w<\/p>\n<p>Vitesse maximale : 13km\/h ou 24km\/h<\/p>\n<p>Batterie : 5.2Ah Lithium ion<\/p>\n<p>&nbsp;<\/p>","protected":false},"featured_media":7005,"template":"","meta":[],"product_cat":[42,699,655,674],"product_tag":[],"class_list":{"0":"post-3460","1":"product","2":"type-product","3":"status-publish","4":"has-post-thumbnail","6":"product_cat-apollo","7":"product_cat-velo-electrique-apollo","8":"product_cat-velo-electrique","9":"product_cat-apollo-velo-electrique","11":"first","12":"instock","13":"taxable","14":"shipping-taxable","15":"purchasable","16":"product-type-simple"},"_links":{"self":[{"href":"https:\/\/www.maniaquedistribution.com\/en\/wp-json\/wp\/v2\/product\/3460","targetHints":{"allow":["GET"]}}],"collection":[{"href":"https:\/\/www.maniaquedistribution.com\/en\/wp-json\/wp\/v2\/product"}],"about":[{"href":"https:\/\/www.maniaquedistribution.com\/en\/wp-json\/wp\/v2\/types\/product"}],"wp:featuredmedia":[{"embeddable":true,"href":"https:\/\/www.maniaquedistribution.com\/en\/wp-json\/wp\/v2\/media\/7005"}],"wp:attachment":[{"href":"https:\/\/www.maniaquedistribution.com\/en\/wp-json\/wp\/v2\/media?parent=3460"}],"wp:term":[{"taxonomy":"product_cat","embeddable":true,"href":"https:\/\/www.maniaquedistribution.com\/en\/wp-json\/wp\/v2\/product_cat?post=3460"},{"taxonomy":"product_tag","embeddable":true,"href":"https:\/\/www.maniaquedistribution.com\/en\/wp-json\/wp\/v2\/product_tag?post=3460"}],"curies":[{"name":"wp","href":"https:\/\/api.w.org\/{rel}","templated":true}]}}