{"id":3933,"date":"2023-07-30T14:59:01","date_gmt":"2023-07-30T12:59:01","guid":{"rendered":"https:\/\/www.agence-bildo.com\/maniaque\/?post_type=product&#038;p=3933"},"modified":"2025-05-09T04:52:20","modified_gmt":"2025-05-09T02:52:20","slug":"fendeuse-a-bois-35t","status":"publish","type":"product","link":"https:\/\/www.maniaquedistribution.com\/en\/product\/fendeuse-a-bois-35t\/","title":{"rendered":"Fendeuse \u00e0 bois 35T"},"content":{"rendered":"<table class=\"table table-hover table-striped\">\n<tbody>\n<tr>\n<td class=\"text-muted td-col-6\">Moteur<\/td>\n<td class=\"font-weight-bold\" colspan=\"2\">DJ190F &#8211; 15 cv<\/td>\n<\/tr>\n<tr>\n<td class=\"text-muted td-col-6\">D\u00e9marrage<\/td>\n<td class=\"font-weight-bold\" colspan=\"2\">\u00c0 rappel<\/td>\n<\/tr>\n<tr>\n<td class=\"text-muted td-col-6\">Longueur max. de b\u00fbches<\/td>\n<td class=\"font-weight-bold\" colspan=\"2\">26,5&#8243;<\/td>\n<\/tr>\n<tr>\n<td class=\"text-muted td-col-6\">Force de fendage<\/td>\n<td class=\"font-weight-bold\" colspan=\"2\">35 \u00a0 Tonnes<\/td>\n<\/tr>\n<tr>\n<td class=\"text-muted td-col-6\">Positions de travail<\/td>\n<td class=\"font-weight-bold\" colspan=\"2\">Horizontale et verticale<\/td>\n<\/tr>\n<\/tbody>\n<\/table>\n<table class=\"table table-hover table-striped\">\n<tbody>\n<tr>\n<td class=\"text-muted\">Hauteur<\/td>\n<td class=\"font-weight-bold\">39\u00a0po<\/td>\n<\/tr>\n<tr>\n<td class=\"text-muted\">Largeur<\/td>\n<td class=\"font-weight-bold\">48\u00a0po<\/td>\n<\/tr>\n<tr>\n<td class=\"text-muted\">Longueur<\/td>\n<td class=\"font-weight-bold\">90\u00a0po<\/td>\n<\/tr>\n<tr>\n<td class=\"text-muted\">Poids<\/td>\n<td class=\"font-weight-bold\">272\u00a0kg<\/td>\n<\/tr>\n<tr>\n<td class=\"text-muted\">Capacit\u00e9 hydraulique<\/td>\n<td class=\"font-weight-bold\">6.85\u00a0L<\/td>\n<\/tr>\n<tr>\n<td class=\"text-muted\">Vitesse maximale de remorquage<\/td>\n<td class=\"font-weight-bold\">72\u00a0km\/h<\/td>\n<\/tr>\n<tr>\n<td class=\"text-muted\">Dur\u00e9e du cycle du cylindre<\/td>\n<td class=\"font-weight-bold\">12.7\u00a0Seconde<\/td>\n<\/tr>\n<tr>\n<td class=\"text-muted\">Pompe hydraulique<\/td>\n<td class=\"font-weight-bold\">17\u00a0GPM<\/td>\n<\/tr>\n<tr>\n<td class=\"text-muted\">Attache-remorque<\/td>\n<td class=\"font-weight-bold\">Coupleur de 2\u201d avec cha\u00eenes de s\u00e9curit\u00e9<\/td>\n<\/tr>\n<tr>\n<td class=\"text-muted\">Dimensions roues<\/td>\n<td class=\"font-weight-bold\">4.80-8, DOT Approved 16&#8243; O.D. pneus de route<\/td>\n<\/tr>\n<tr>\n<td class=\"text-muted\">Garantie (utilisation commerciale)<\/td>\n<td class=\"font-weight-bold\">Garantie limit\u00e9e de 3 mois<\/td>\n<\/tr>\n<tr>\n<td class=\"text-muted\">Garantie (utilisation personnelle)<\/td>\n<td class=\"font-weight-bold\">Garantie limit\u00e9e de 1 an<\/td>\n<\/tr>\n<\/tbody>\n<\/table>\n<p>Montage inclus<\/p>\n<p class=\"p1\">Meilleur prix garanti !<\/p>\n<p class=\"p1\">Trouvez moins cher et nous \u00e9galiserons le prix !<\/p>","protected":false},"excerpt":{"rendered":"<p>Marque: DUCAR<br \/>\nType: Fendeuse \u00e0 bois<\/p>\n<p>No. de produit\u00a0: DUEPG35T<\/p>","protected":false},"featured_media":3934,"template":"","meta":[],"product_cat":[44,641],"product_tag":[],"class_list":{"0":"post-3933","1":"product","2":"type-product","3":"status-publish","4":"has-post-thumbnail","6":"product_cat-ducar-machinerie","7":"product_cat-fendeuse-a-bois","9":"first","10":"instock","11":"taxable","12":"shipping-taxable","13":"purchasable","14":"product-type-simple"},"_links":{"self":[{"href":"https:\/\/www.maniaquedistribution.com\/en\/wp-json\/wp\/v2\/product\/3933","targetHints":{"allow":["GET"]}}],"collection":[{"href":"https:\/\/www.maniaquedistribution.com\/en\/wp-json\/wp\/v2\/product"}],"about":[{"href":"https:\/\/www.maniaquedistribution.com\/en\/wp-json\/wp\/v2\/types\/product"}],"wp:featuredmedia":[{"embeddable":true,"href":"https:\/\/www.maniaquedistribution.com\/en\/wp-json\/wp\/v2\/media\/3934"}],"wp:attachment":[{"href":"https:\/\/www.maniaquedistribution.com\/en\/wp-json\/wp\/v2\/media?parent=3933"}],"wp:term":[{"taxonomy":"product_cat","embeddable":true,"href":"https:\/\/www.maniaquedistribution.com\/en\/wp-json\/wp\/v2\/product_cat?post=3933"},{"taxonomy":"product_tag","embeddable":true,"href":"https:\/\/www.maniaquedistribution.com\/en\/wp-json\/wp\/v2\/product_tag?post=3933"}],"curies":[{"name":"wp","href":"https:\/\/api.w.org\/{rel}","templated":true}]}}