{"id":4420,"date":"2023-08-01T20:08:43","date_gmt":"2023-08-01T18:08:43","guid":{"rendered":"https:\/\/www.maniaquedistribution.com\/?post_type=product&#038;p=4420"},"modified":"2025-09-06T17:23:00","modified_gmt":"2025-09-06T15:23:00","slug":"souffleuse-a-neige-compact-24-avec-autoturn","status":"publish","type":"product","link":"https:\/\/www.maniaquedistribution.com\/en\/product\/souffleuse-a-neige-compact-24-avec-autoturn\/","title":{"rendered":"Souffleuse \u00e0 neige Compact 24 avec Autoturn AE920029"},"content":{"rendered":"<table class=\"table table-hover table-striped\">\n<tbody>\n<tr>\n<td class=\"text-muted\">Largeur de d\u00e9blaiement<\/td>\n<td class=\"font-weight-bold\">24\u00a0po<\/td>\n<\/tr>\n<tr>\n<td class=\"text-muted\">Bo\u00eete d&#8217;engrenage<\/td>\n<td class=\"font-weight-bold\">Fonte<\/td>\n<\/tr>\n<tr>\n<td class=\"text-muted\">D\u00e9flecteur<\/td>\n<td class=\"font-weight-bold\">T\u00e9l\u00e9command\u00e9<\/td>\n<\/tr>\n<tr>\n<td class=\"text-muted\">D\u00e9marrage<\/td>\n<td class=\"font-weight-bold\">120v \/ \u00e9lectrique<\/td>\n<\/tr>\n<tr>\n<td class=\"text-muted\">Moteur<\/td>\n<td class=\"font-weight-bold\">Ariens AX (10.0 pi-lbs)<\/td>\n<\/tr>\n<tr>\n<td class=\"text-muted\">Rotation de la chute<\/td>\n<td class=\"font-weight-bold\">205\u00b0 \u00e0 manette<\/td>\n<\/tr>\n<tr>\n<td class=\"text-muted\">S\u00e9rie<\/td>\n<td class=\"font-weight-bold\">Compact<\/td>\n<\/tr>\n<tr>\n<td class=\"text-muted\">Type d&#8217;entra\u00eenement<\/td>\n<td class=\"font-weight-bold\">Disc-O-matic<\/td>\n<\/tr>\n<tr>\n<td class=\"text-muted\">Vitesses<\/td>\n<td class=\"font-weight-bold\">6 marche avant \/ 2 marche arri\u00e8re<\/td>\n<\/tr>\n<\/tbody>\n<\/table>\n<table class=\"table table-hover table-striped\">\n<tbody>\n<tr>\n<td class=\"text-muted\">Hauteur<\/td>\n<td class=\"font-weight-bold\">44\u00a0po<\/td>\n<\/tr>\n<tr>\n<td class=\"text-muted\">Largeur<\/td>\n<td class=\"font-weight-bold\">26.4\u00a0po<\/td>\n<\/tr>\n<tr>\n<td class=\"text-muted\">Longueur<\/td>\n<td class=\"font-weight-bold\">53.3\u00a0po<\/td>\n<\/tr>\n<tr>\n<td class=\"text-muted\">Poids<\/td>\n<td class=\"font-weight-bold\">187\u00a0lbs<\/td>\n<\/tr>\n<tr>\n<td class=\"text-muted\">Distance de projection<\/td>\n<td class=\"font-weight-bold\">3 pi &#8211; 40 pi<\/td>\n<\/tr>\n<tr>\n<td class=\"text-muted\">Hauteur du tambour<\/td>\n<td class=\"font-weight-bold\">20 po \/ 50.7 cm<\/td>\n<\/tr>\n<tr>\n<td class=\"text-muted\">Type de souffleuse<\/td>\n<td class=\"font-weight-bold\">Double phase<\/td>\n<\/tr>\n<\/tbody>\n<\/table>\n<p>Meilleur prix garanti !<\/p>\n<p>Trouvez moins cher et nous \u00e9galiserons le prix<\/p>\n<p>Aucun frais de montage<\/p>","protected":false},"excerpt":{"rendered":"<p>Marque: Ariens<\/p>\n<p>Type: Souffleuse \u00e0 neige<\/p>","protected":false},"featured_media":4421,"template":"","meta":[],"product_cat":[654,661],"product_tag":[],"class_list":{"0":"post-4420","1":"product","2":"type-product","3":"status-publish","4":"has-post-thumbnail","6":"product_cat-ariens","7":"product_cat-souffleuse-a-neige","9":"first","10":"instock","11":"sale","12":"taxable","13":"shipping-taxable","14":"purchasable","15":"product-type-simple"},"_links":{"self":[{"href":"https:\/\/www.maniaquedistribution.com\/en\/wp-json\/wp\/v2\/product\/4420","targetHints":{"allow":["GET"]}}],"collection":[{"href":"https:\/\/www.maniaquedistribution.com\/en\/wp-json\/wp\/v2\/product"}],"about":[{"href":"https:\/\/www.maniaquedistribution.com\/en\/wp-json\/wp\/v2\/types\/product"}],"wp:featuredmedia":[{"embeddable":true,"href":"https:\/\/www.maniaquedistribution.com\/en\/wp-json\/wp\/v2\/media\/4421"}],"wp:attachment":[{"href":"https:\/\/www.maniaquedistribution.com\/en\/wp-json\/wp\/v2\/media?parent=4420"}],"wp:term":[{"taxonomy":"product_cat","embeddable":true,"href":"https:\/\/www.maniaquedistribution.com\/en\/wp-json\/wp\/v2\/product_cat?post=4420"},{"taxonomy":"product_tag","embeddable":true,"href":"https:\/\/www.maniaquedistribution.com\/en\/wp-json\/wp\/v2\/product_tag?post=4420"}],"curies":[{"name":"wp","href":"https:\/\/api.w.org\/{rel}","templated":true}]}}