{"id":4431,"date":"2023-08-01T20:33:44","date_gmt":"2023-08-01T18:33:44","guid":{"rendered":"https:\/\/www.maniaquedistribution.com\/?post_type=product&#038;p=4431"},"modified":"2025-09-06T17:20:44","modified_gmt":"2025-09-06T15:20:44","slug":"souffleuse-a-neige-deluxe-24","status":"publish","type":"product","link":"https:\/\/www.maniaquedistribution.com\/en\/product\/souffleuse-a-neige-deluxe-24\/","title":{"rendered":"Souffleuse \u00e0 neige Deluxe 24 AE921069"},"content":{"rendered":"<table class=\"table table-hover table-striped\">\n<tbody>\n<tr>\n<td class=\"text-muted\">Largeur de d\u00e9blaiement<\/td>\n<td class=\"font-weight-bold\">24\u00a0po<\/td>\n<\/tr>\n<tr>\n<td class=\"text-muted\">Bo\u00eete d&#8217;engrenage<\/td>\n<td class=\"font-weight-bold\">Fonte<\/td>\n<\/tr>\n<tr>\n<td class=\"text-muted\">D\u00e9flecteur<\/td>\n<td class=\"font-weight-bold\">T\u00e9l\u00e9command\u00e9<\/td>\n<\/tr>\n<tr>\n<td class=\"text-muted\">D\u00e9marrage<\/td>\n<td class=\"font-weight-bold\">120V \/ \u00c0 rappel<\/td>\n<\/tr>\n<tr>\n<td class=\"text-muted\">Moteur<\/td>\n<td class=\"font-weight-bold\">Ariens AX de 254cc (12.5 pi\/lbs)<\/td>\n<\/tr>\n<tr>\n<td class=\"text-muted\">Rotation de la chute<\/td>\n<td class=\"font-weight-bold\">200\u00b0, 2.5x \u00e0 manivelle<\/td>\n<\/tr>\n<tr>\n<td class=\"text-muted\">S\u00e9rie<\/td>\n<td class=\"font-weight-bold\">Deluxe<\/td>\n<\/tr>\n<tr>\n<td class=\"text-muted\">Type d&#8217;entra\u00eenement<\/td>\n<td class=\"font-weight-bold\">Disc-O-Matic<\/td>\n<\/tr>\n<tr>\n<td class=\"text-muted\">Vitesses<\/td>\n<td class=\"font-weight-bold\">6 marche avant \/ 2 marche arri\u00e8re<\/td>\n<\/tr>\n<\/tbody>\n<\/table>\n<table class=\"table table-hover table-striped\">\n<tbody>\n<tr>\n<td class=\"text-muted\">Hauteur<\/td>\n<td class=\"font-weight-bold\">45.3\u00a0po<\/td>\n<\/tr>\n<tr>\n<td class=\"text-muted\">Largeur<\/td>\n<td class=\"font-weight-bold\">26.4\u00a0po<\/td>\n<\/tr>\n<tr>\n<td class=\"text-muted\">Longueur<\/td>\n<td class=\"font-weight-bold\">58.6\u00a0po<\/td>\n<\/tr>\n<tr>\n<td class=\"text-muted\">Poids<\/td>\n<td class=\"font-weight-bold\">245.5\u00a0lbs<\/td>\n<\/tr>\n<tr>\n<td class=\"text-muted\">Puissance moteur<\/td>\n<td class=\"font-weight-bold\">254\u00a0cm\u00b3<\/td>\n<\/tr>\n<tr>\n<td class=\"text-muted\">Distance de projection<\/td>\n<td class=\"font-weight-bold\">3 pi &#8211; 50 pi (.9-15.2 m)<\/td>\n<\/tr>\n<tr>\n<td class=\"text-muted\">Hauteur du tambour<\/td>\n<td class=\"font-weight-bold\">21 po (53.3 cm)<\/td>\n<\/tr>\n<tr>\n<td class=\"text-muted\">Type de souffleuse<\/td>\n<td class=\"font-weight-bold\">Double phase<\/td>\n<\/tr>\n<\/tbody>\n<\/table>\n<p>Meilleur prix garanti<br \/>\nTrouvez moins cher et nous \u00e9galiserons le prix<br \/>\nMontage inclus<\/p>","protected":false},"excerpt":{"rendered":"<p>Marque: Ariens<\/p>\n<p>Type: Souffleuse \u00e0 neige<\/p>","protected":false},"featured_media":4432,"template":"","meta":[],"product_cat":[654,661],"product_tag":[],"class_list":{"0":"post-4431","1":"product","2":"type-product","3":"status-publish","4":"has-post-thumbnail","6":"product_cat-ariens","7":"product_cat-souffleuse-a-neige","9":"first","10":"instock","11":"sale","12":"taxable","13":"shipping-taxable","14":"purchasable","15":"product-type-simple"},"_links":{"self":[{"href":"https:\/\/www.maniaquedistribution.com\/en\/wp-json\/wp\/v2\/product\/4431","targetHints":{"allow":["GET"]}}],"collection":[{"href":"https:\/\/www.maniaquedistribution.com\/en\/wp-json\/wp\/v2\/product"}],"about":[{"href":"https:\/\/www.maniaquedistribution.com\/en\/wp-json\/wp\/v2\/types\/product"}],"wp:featuredmedia":[{"embeddable":true,"href":"https:\/\/www.maniaquedistribution.com\/en\/wp-json\/wp\/v2\/media\/4432"}],"wp:attachment":[{"href":"https:\/\/www.maniaquedistribution.com\/en\/wp-json\/wp\/v2\/media?parent=4431"}],"wp:term":[{"taxonomy":"product_cat","embeddable":true,"href":"https:\/\/www.maniaquedistribution.com\/en\/wp-json\/wp\/v2\/product_cat?post=4431"},{"taxonomy":"product_tag","embeddable":true,"href":"https:\/\/www.maniaquedistribution.com\/en\/wp-json\/wp\/v2\/product_tag?post=4431"}],"curies":[{"name":"wp","href":"https:\/\/api.w.org\/{rel}","templated":true}]}}