{"id":4462,"date":"2023-08-01T21:23:47","date_gmt":"2023-08-01T19:23:47","guid":{"rendered":"https:\/\/www.maniaquedistribution.com\/?post_type=product&#038;p=4462"},"modified":"2025-09-06T16:30:07","modified_gmt":"2025-09-06T14:30:07","slug":"souffleuse-a-neige-professional-32","status":"publish","type":"product","link":"https:\/\/www.maniaquedistribution.com\/en\/product\/souffleuse-a-neige-professional-32\/","title":{"rendered":"Souffleuse \u00e0 neige Professional 32 AE926092"},"content":{"rendered":"<table class=\"table table-hover table-striped\">\n<tbody>\n<tr>\n<td class=\"text-muted\">Largeur de d\u00e9blaiement<\/td>\n<td class=\"font-weight-bold\">32\u00a0po<\/td>\n<\/tr>\n<tr>\n<td class=\"text-muted\">Bo\u00eete d&#8217;engrenage<\/td>\n<td class=\"font-weight-bold\">Fonte<\/td>\n<\/tr>\n<tr>\n<td class=\"text-muted\">D\u00e9flecteur<\/td>\n<td class=\"font-weight-bold\">T\u00e9l\u00e9command\u00e9<\/td>\n<\/tr>\n<tr>\n<td class=\"text-muted\">D\u00e9marrage<\/td>\n<td class=\"font-weight-bold\">120V \/ \u00c0 rappel<\/td>\n<\/tr>\n<tr>\n<td class=\"text-muted\">Moteur<\/td>\n<td class=\"font-weight-bold\">Ariens AX &#8211; 420cc<\/td>\n<\/tr>\n<tr>\n<td class=\"text-muted\">S\u00e9rie<\/td>\n<td class=\"font-weight-bold\">Pro<\/td>\n<\/tr>\n<tr>\n<td class=\"text-muted\">Type d&#8217;entra\u00eenement<\/td>\n<td class=\"font-weight-bold\">Disc-O-Matic<\/td>\n<\/tr>\n<tr>\n<td class=\"text-muted\">Vitesses<\/td>\n<td class=\"font-weight-bold\">6 marche avant \/ 2 marche arri\u00e8re<\/td>\n<\/tr>\n<\/tbody>\n<\/table>\n<table class=\"table table-hover table-striped\">\n<tbody>\n<tr>\n<td class=\"text-muted\">Type de souffleuse<\/td>\n<td class=\"font-weight-bold\">Double phase<\/td>\n<\/tr>\n<\/tbody>\n<\/table>\n<p>Meilleur prix garanti<br \/>\nTrouvez moins cher et nous \u00e9galiserons le prix<br \/>\nMontage inclus<\/p>","protected":false},"excerpt":{"rendered":"<p>Marque: Ariens<\/p>\n<p>Type: Souffleuse \u00e0 neige<\/p>","protected":false},"featured_media":4463,"template":"","meta":[],"product_cat":[654,661],"product_tag":[],"class_list":{"0":"post-4462","1":"product","2":"type-product","3":"status-publish","4":"has-post-thumbnail","6":"product_cat-ariens","7":"product_cat-souffleuse-a-neige","9":"first","10":"instock","11":"sale","12":"taxable","13":"shipping-taxable","14":"purchasable","15":"product-type-simple"},"_links":{"self":[{"href":"https:\/\/www.maniaquedistribution.com\/en\/wp-json\/wp\/v2\/product\/4462","targetHints":{"allow":["GET"]}}],"collection":[{"href":"https:\/\/www.maniaquedistribution.com\/en\/wp-json\/wp\/v2\/product"}],"about":[{"href":"https:\/\/www.maniaquedistribution.com\/en\/wp-json\/wp\/v2\/types\/product"}],"wp:featuredmedia":[{"embeddable":true,"href":"https:\/\/www.maniaquedistribution.com\/en\/wp-json\/wp\/v2\/media\/4463"}],"wp:attachment":[{"href":"https:\/\/www.maniaquedistribution.com\/en\/wp-json\/wp\/v2\/media?parent=4462"}],"wp:term":[{"taxonomy":"product_cat","embeddable":true,"href":"https:\/\/www.maniaquedistribution.com\/en\/wp-json\/wp\/v2\/product_cat?post=4462"},{"taxonomy":"product_tag","embeddable":true,"href":"https:\/\/www.maniaquedistribution.com\/en\/wp-json\/wp\/v2\/product_tag?post=4462"}],"curies":[{"name":"wp","href":"https:\/\/api.w.org\/{rel}","templated":true}]}}