{"id":4507,"date":"2023-08-02T14:37:36","date_gmt":"2023-08-02T12:37:36","guid":{"rendered":"https:\/\/www.maniaquedistribution.com\/?post_type=product&#038;p=4507"},"modified":"2025-04-22T09:29:18","modified_gmt":"2025-04-22T07:29:18","slug":"generatrice-silencieuse-8600w-demarreur-a-distance","status":"publish","type":"product","link":"https:\/\/www.maniaquedistribution.com\/en\/product\/generatrice-silencieuse-8600w-demarreur-a-distance\/","title":{"rendered":"G\u00e9n\u00e9ratrice silencieuse 8600W D\u00e9marreur \u00e0 distance"},"content":{"rendered":"<table class=\"table table-hover table-striped\">\n<tbody>\n<tr>\n<td class=\"text-muted\">Sortie CA maximale<\/td>\n<td class=\"font-weight-bold\">8600\u00a0Watt<\/td>\n<\/tr>\n<tr>\n<td class=\"text-muted\">Sortie CA nominale<\/td>\n<td class=\"font-weight-bold\">8200\u00a0Watt<\/td>\n<\/tr>\n<tr>\n<td class=\"text-muted\">Cylindr\u00e9e<\/td>\n<td class=\"font-weight-bold\">450\u00a0cm\u00b3<\/td>\n<\/tr>\n<tr>\n<td class=\"text-muted\">Dur\u00e9e de fonctionnement<\/td>\n<td class=\"font-weight-bold\">6.5\u00a0heure(s)<\/td>\n<\/tr>\n<tr>\n<td class=\"text-muted\">Tension CA<\/td>\n<td class=\"font-weight-bold\">120 \/ 240 V<\/td>\n<\/tr>\n<tr>\n<td class=\"text-muted\">Type de moteur<\/td>\n<td class=\"font-weight-bold\">Monocylindre \u00e0 4 temps OHV, refroidi \u00e0 l&#8217;air<\/td>\n<\/tr>\n<\/tbody>\n<\/table>\n<table class=\"table table-hover table-striped\">\n<tbody>\n<tr>\n<td class=\"text-muted\">Poids \u00e0 sec<\/td>\n<td class=\"font-weight-bold\">190\u00a0lbs<\/td>\n<\/tr>\n<tr>\n<td class=\"text-muted\">Capacit\u00e9 du r\u00e9servoir de carburant<\/td>\n<td class=\"font-weight-bold\">30\u00a0L<\/td>\n<\/tr>\n<tr>\n<td class=\"text-muted\">Capacit\u00e9 en huile<\/td>\n<td class=\"font-weight-bold\">1.1\u00a0L<\/td>\n<\/tr>\n<tr>\n<td class=\"text-muted\">Fr\u00e9quence<\/td>\n<td class=\"font-weight-bold\">60\u00a0Hz<\/td>\n<\/tr>\n<tr>\n<td class=\"text-muted\">Niveau sonore<\/td>\n<td class=\"font-weight-bold\">70\u00a0dB<\/td>\n<\/tr>\n<tr>\n<td class=\"text-muted\">Batterie incluse<\/td>\n<td class=\"font-weight-bold\">De s\u00e9rie<\/td>\n<\/tr>\n<tr>\n<td class=\"text-muted\">D\u00e9tecteur de bas niveau d&#8217;huile<\/td>\n<td class=\"font-weight-bold\">De s\u00e9rie<\/td>\n<\/tr>\n<tr>\n<td class=\"text-muted\">Dimensions<\/td>\n<td class=\"font-weight-bold\">31 x 26 x 27 po<\/td>\n<\/tr>\n<tr>\n<td class=\"text-muted\">Garantie (utilisation commerciale)<\/td>\n<td class=\"font-weight-bold\">Garantie limit\u00e9e de 3 mois<\/td>\n<\/tr>\n<tr>\n<td class=\"text-muted\">Garantie (utilisation personnelle)<\/td>\n<td class=\"font-weight-bold\">Garantie limit\u00e9e de 1 an<\/td>\n<\/tr>\n<tr>\n<td class=\"text-muted\">Roues de transport<\/td>\n<td class=\"font-weight-bold\">De s\u00e9rie<\/td>\n<\/tr>\n<tr>\n<td class=\"text-muted\">Syst\u00e8me de d\u00e9marrage<\/td>\n<td class=\"font-weight-bold\">\u00c9lectrique, \u00c0 rappel, d\u00e9marreur \u00e0 distance<\/td>\n<\/tr>\n<tr>\n<td class=\"text-muted\">Garantie (utilisation commerciale)<\/td>\n<td class=\"font-weight-bold\">Garantie limit\u00e9e de 3 mois<\/td>\n<\/tr>\n<tr>\n<td class=\"text-muted\">Garantie (utilisation personnelle)<\/td>\n<td class=\"font-weight-bold\">Garantie limit\u00e9e de 1 an<\/td>\n<\/tr>\n<\/tbody>\n<\/table>\n<p>Montage inclus<\/p>\n<p class=\"p1\">Meilleur prix garanti !<\/p>\n<p class=\"p1\">Trouvez moins cher et nous \u00e9galiserons le prix !<\/p>","protected":false},"excerpt":{"rendered":"<p>Marque: Ducar<\/p>\n<p>Type: G\u00e9n\u00e9ratrice<\/p>\n<p>No. de produit\u00a0: DUED8600IR<\/p>","protected":false},"featured_media":4508,"template":"","meta":[],"product_cat":[44,642],"product_tag":[],"class_list":{"0":"post-4507","1":"product","2":"type-product","3":"status-publish","4":"has-post-thumbnail","6":"product_cat-ducar-machinerie","7":"product_cat-generatrice","9":"first","10":"instock","11":"taxable","12":"shipping-taxable","13":"purchasable","14":"product-type-simple"},"_links":{"self":[{"href":"https:\/\/www.maniaquedistribution.com\/en\/wp-json\/wp\/v2\/product\/4507","targetHints":{"allow":["GET"]}}],"collection":[{"href":"https:\/\/www.maniaquedistribution.com\/en\/wp-json\/wp\/v2\/product"}],"about":[{"href":"https:\/\/www.maniaquedistribution.com\/en\/wp-json\/wp\/v2\/types\/product"}],"wp:featuredmedia":[{"embeddable":true,"href":"https:\/\/www.maniaquedistribution.com\/en\/wp-json\/wp\/v2\/media\/4508"}],"wp:attachment":[{"href":"https:\/\/www.maniaquedistribution.com\/en\/wp-json\/wp\/v2\/media?parent=4507"}],"wp:term":[{"taxonomy":"product_cat","embeddable":true,"href":"https:\/\/www.maniaquedistribution.com\/en\/wp-json\/wp\/v2\/product_cat?post=4507"},{"taxonomy":"product_tag","embeddable":true,"href":"https:\/\/www.maniaquedistribution.com\/en\/wp-json\/wp\/v2\/product_tag?post=4507"}],"curies":[{"name":"wp","href":"https:\/\/api.w.org\/{rel}","templated":true}]}}