{"id":4908,"date":"2023-08-05T16:54:24","date_gmt":"2023-08-05T14:54:24","guid":{"rendered":"https:\/\/www.maniaquedistribution.com\/?post_type=product&#038;p=4908"},"modified":"2024-07-24T17:18:40","modified_gmt":"2024-07-24T15:18:40","slug":"g6","status":"publish","type":"product","link":"https:\/\/www.maniaquedistribution.com\/en\/product\/g6\/","title":{"rendered":"G6"},"content":{"rendered":"<p>La trottinette \u00e9lectrique Gotrax G6 est \u00e9quip\u00e9e d&#8217;un moteur 500W assurant une autonomie in\u00e9gal\u00e9e de 44-51km par charge avec une vitesse de 32km\/h. Avec sa suspension de derni\u00e8re g\u00e9n\u00e9ration, ses pneus 10po et ses freins avant et arri\u00e8re, vos trajets se feront avec s\u00e9curit\u00e9 et confort !<\/p>\n<p>Montage inclus<br \/>\nMeilleur prix garanti !<br \/>\nTrouvez moins cher et nous \u00e9galiserons le prix !<\/p>","protected":false},"excerpt":{"rendered":"<p>Marque: Gotrax<\/p>\n<p>Moteur: 500W<\/p>","protected":false},"featured_media":4909,"template":"","meta":[],"product_cat":[679,675],"product_tag":[],"class_list":{"0":"post-4908","1":"product","2":"type-product","3":"status-publish","4":"has-post-thumbnail","6":"product_cat-gotrax-trotinette","7":"product_cat-trottinette","9":"first","10":"instock","11":"taxable","12":"shipping-taxable","13":"purchasable","14":"product-type-simple"},"_links":{"self":[{"href":"https:\/\/www.maniaquedistribution.com\/en\/wp-json\/wp\/v2\/product\/4908","targetHints":{"allow":["GET"]}}],"collection":[{"href":"https:\/\/www.maniaquedistribution.com\/en\/wp-json\/wp\/v2\/product"}],"about":[{"href":"https:\/\/www.maniaquedistribution.com\/en\/wp-json\/wp\/v2\/types\/product"}],"wp:featuredmedia":[{"embeddable":true,"href":"https:\/\/www.maniaquedistribution.com\/en\/wp-json\/wp\/v2\/media\/4909"}],"wp:attachment":[{"href":"https:\/\/www.maniaquedistribution.com\/en\/wp-json\/wp\/v2\/media?parent=4908"}],"wp:term":[{"taxonomy":"product_cat","embeddable":true,"href":"https:\/\/www.maniaquedistribution.com\/en\/wp-json\/wp\/v2\/product_cat?post=4908"},{"taxonomy":"product_tag","embeddable":true,"href":"https:\/\/www.maniaquedistribution.com\/en\/wp-json\/wp\/v2\/product_tag?post=4908"}],"curies":[{"name":"wp","href":"https:\/\/api.w.org\/{rel}","templated":true}]}}