{"id":5686,"date":"2023-08-09T18:03:20","date_gmt":"2023-08-09T16:03:20","guid":{"rendered":"https:\/\/www.maniaquedistribution.com\/?post_type=product&#038;p=5686"},"modified":"2026-04-15T21:16:14","modified_gmt":"2026-04-15T19:16:14","slug":"new-mudhawk-6","status":"publish","type":"product","link":"https:\/\/www.maniaquedistribution.com\/en\/product\/new-mudhawk-6\/","title":{"rendered":"New Mudhawk 6"},"content":{"rendered":"<p>Parfait pour les enfants, le TAO MUDHAWK 2023 offre un moteur automatique avec reculons, un d\u00e9marreur \u00e9lectrique et un limiteur de vitesse avec contr\u00f4le parental.<\/p>\n<p><iframe loading=\"lazy\" title=\"Rival Motorsports Mudhawk 6 Remote Key Fob\" width=\"640\" height=\"360\" src=\"https:\/\/www.youtube.com\/embed\/l6a982op3qc?feature=oembed\" frameborder=\"0\" allow=\"accelerometer; autoplay; clipboard-write; encrypted-media; gyroscope; picture-in-picture; web-share\" referrerpolicy=\"strict-origin-when-cross-origin\" allowfullscreen><\/iframe><\/p>\n<div class=\"fl-col-group fl-node-tn3fau8wivl0\" data-node=\"tn3fau8wivl0\">\n<div class=\"fl-col fl-node-l9ermiykgxdq\" data-node=\"l9ermiykgxdq\">\n<div class=\"fl-col-content fl-node-content\">\n<div class=\"fl-module fl-module-rich-text fl-node-efd014thc63y\" data-node=\"efd014thc63y\">\n<div class=\"fl-module-content fl-node-content\">\n<div class=\"fl-rich-text\">\n<h2>SPECIFICATIONS<\/h2>\n<\/div>\n<\/div>\n<\/div>\n<\/div>\n<\/div>\n<\/div>\n<div class=\"fl-col-group fl-node-5e30a9c71aefa\" data-node=\"5e30a9c71aefa\">\n<div class=\"fl-col fl-node-5e30a9c71aefb\" data-node=\"5e30a9c71aefb\">\n<div class=\"fl-col-content fl-node-content\">\n<div class=\"fl-module fl-module-pp-table fl-node-5e42d6ad69342\" data-node=\"5e42d6ad69342\">\n<div class=\"fl-module-content fl-node-content\">\n<div class=\"pp-table-wrap\">\n<table id=\"table-6675\" class=\"pp-table-5e42d6ad69342 pp-table-content tablesaw tablesaw-swipe\" data-tablesaw-minimap=\"\" data-tablesaw-mode=\"swipe\">\n<thead>\n<tr>\n<th id=\"pp-table-col-1\" class=\"pp-table-col\" scope=\"col\" data-tablesaw-sortable-col=\"\"><span class=\"pp-table-header-inner\"><span class=\"pp-table-header-text\">ENGINE<\/span><\/span><\/th>\n<\/tr>\n<\/thead>\n<tbody>\n<tr class=\"pp-table-row odd\" data-row-index=\"1\">\n<td>Minimum Age<\/td>\n<td>6<\/td>\n<\/tr>\n<tr class=\"pp-table-row even\" data-row-index=\"2\">\n<td>Engine Type<\/td>\n<td>4-stroke, air-cooled single cylinder<\/td>\n<\/tr>\n<tr class=\"pp-table-row odd\" data-row-index=\"3\">\n<td>Transmission gears<\/td>\n<td>Fully Automatic with reverse D-N-R<\/td>\n<\/tr>\n<tr class=\"pp-table-row even\" data-row-index=\"4\">\n<td>Gear Selector Lever<\/td>\n<td>Hand<\/td>\n<\/tr>\n<tr class=\"pp-table-row odd\" data-row-index=\"5\">\n<td>Fuel Delivery<\/td>\n<td>Carburetor<\/td>\n<\/tr>\n<tr class=\"pp-table-row even\" data-row-index=\"6\">\n<td>Transmission<\/td>\n<td>Chain Drive<\/td>\n<\/tr>\n<tr class=\"pp-table-row odd\" data-row-index=\"7\">\n<td>Ignition<\/td>\n<td>CDI<\/td>\n<\/tr>\n<tr class=\"pp-table-row even\" data-row-index=\"8\">\n<td>Start<\/td>\n<td>Electric only<\/td>\n<\/tr>\n<tr class=\"pp-table-row odd\" data-row-index=\"9\">\n<td>Fuel Tank Capacity<\/td>\n<td>2.3L\/0.60 US GAL.<\/td>\n<\/tr>\n<\/tbody>\n<\/table>\n<p>&nbsp;<\/p>\n<\/div>\n<\/div>\n<\/div>\n<div class=\"fl-module fl-module-pp-table fl-node-mwu1rnvslq42\" data-node=\"mwu1rnvslq42\">\n<div class=\"fl-module-content fl-node-content\">\n<div class=\"pp-table-wrap\">\n<div class=\"tablesaw-bar mode-swipe\">\n<div class=\"tablesaw-advance\"><\/div>\n<\/div>\n<table id=\"table-3298\" class=\"pp-table-mwu1rnvslq42 pp-table-content tablesaw tablesaw-swipe\" data-tablesaw-minimap=\"\" data-tablesaw-mode=\"swipe\">\n<thead>\n<tr>\n<th id=\"pp-table-col-1\" class=\"pp-table-col\" scope=\"col\" data-tablesaw-sortable-col=\"\"><span class=\"pp-table-header-inner\"><span class=\"pp-table-header-text\">CHASSIS<\/span><\/span><\/th>\n<\/tr>\n<\/thead>\n<tbody>\n<tr class=\"pp-table-row odd\" data-row-index=\"1\">\n<td>Front Suspension Type<\/td>\n<td>Single Arm<\/td>\n<\/tr>\n<tr class=\"pp-table-row even\" data-row-index=\"2\">\n<td>Rear Suspension Type<\/td>\n<td>Mono Swingarm<\/td>\n<\/tr>\n<tr class=\"pp-table-row odd\" data-row-index=\"3\">\n<td>Front Hand Brake<\/td>\n<td>Drum<\/td>\n<\/tr>\n<tr class=\"pp-table-row even\" data-row-index=\"4\">\n<td>Rear Hand Brake<\/td>\n<td>Hydraulic Disc<\/td>\n<\/tr>\n<tr class=\"pp-table-row odd\" data-row-index=\"5\">\n<td>Front Tire<\/td>\n<td>16\u00d78-7<\/td>\n<\/tr>\n<tr class=\"pp-table-row even\" data-row-index=\"6\">\n<td>Rear Tire<\/td>\n<td>16\u00d78-7<\/td>\n<\/tr>\n<tr class=\"pp-table-row odd\" data-row-index=\"7\">\n<td>Wheel Type<\/td>\n<td>Steel<\/td>\n<\/tr>\n<tr class=\"pp-table-row even\" data-row-index=\"8\">\n<td>Battery<\/td>\n<td>12V\/5AH<\/td>\n<\/tr>\n<tr class=\"pp-table-row odd\" data-row-index=\"9\">\n<td>Front Lights<\/td>\n<td>LED<\/td>\n<\/tr>\n<tr class=\"pp-table-row even\" data-row-index=\"10\">\n<td>Brake Light<\/td>\n<td>LED<\/td>\n<\/tr>\n<tr class=\"pp-table-row odd\" data-row-index=\"11\">\n<td>Spark Arrestor<\/td>\n<td>YES<\/td>\n<\/tr>\n<\/tbody>\n<\/table>\n<p>&nbsp;<\/p>\n<\/div>\n<\/div>\n<\/div>\n<div class=\"fl-module fl-module-pp-table fl-node-rgqh6z32ckjn\" data-node=\"rgqh6z32ckjn\">\n<div class=\"fl-module-content fl-node-content\">\n<div class=\"pp-table-wrap\">\n<div class=\"tablesaw-bar mode-swipe\">\n<div class=\"tablesaw-advance\"><\/div>\n<\/div>\n<table id=\"table-1782\" class=\"pp-table-rgqh6z32ckjn pp-table-content tablesaw tablesaw-swipe\" data-tablesaw-minimap=\"\" data-tablesaw-mode=\"swipe\">\n<thead>\n<tr>\n<th id=\"pp-table-col-1\" class=\"pp-table-col\" scope=\"col\" data-tablesaw-sortable-col=\"\"><span class=\"pp-table-header-inner\"><span class=\"pp-table-header-text\">DIMENSION<\/span><\/span><\/th>\n<\/tr>\n<\/thead>\n<tbody>\n<tr class=\"pp-table-row odd\" data-row-index=\"1\">\n<td>Seat Height<\/td>\n<td>24 Inches<\/td>\n<\/tr>\n<tr class=\"pp-table-row even\" data-row-index=\"2\">\n<td>Ground Clearence<\/td>\n<td>3.34 Inches<\/td>\n<\/tr>\n<tr class=\"pp-table-row odd\" data-row-index=\"3\">\n<td>Wheel Base<\/td>\n<td>35.5 Inches<\/td>\n<\/tr>\n<tr class=\"pp-table-row even\" data-row-index=\"4\">\n<td>Estimated Dry Weight<\/td>\n<td>185 lbs.<\/td>\n<\/tr>\n<tr class=\"pp-table-row odd\" data-row-index=\"5\">\n<td>Overal Dimensions (LxWxH)<\/td>\n<td>52.8\u2033 x 31.5\u2033 x 36\u2033<\/td>\n<\/tr>\n<tr class=\"pp-table-row even\" data-row-index=\"6\">\n<td>Warranty<\/td>\n<td>6 months<\/td>\n<\/tr>\n<\/tbody>\n<\/table>\n<p class=\"p1\">Montage inclus<\/p>\n<p class=\"p1\">Meilleur prix garanti !<\/p>\n<p class=\"p1\">Trouvez moins cher et nous \u00e9galiserons le prix !<\/p>\n<\/div>\n<\/div>\n<\/div>\n<\/div>\n<\/div>\n<\/div>","protected":false},"excerpt":{"rendered":"<p>Marque\u00a0: Tao<\/p>\n<p>Cylindre : 110cc<\/p>\n<p>Moteur\u00a0: Moteur \u00e0 essence 4 temps<\/p>\n<p>Mise en route : D\u00e9marreur \u00e9lectrique<\/p>\n<p>Transmission : Automatique avec reculons<\/p>","protected":false},"featured_media":5687,"template":"","meta":[],"product_cat":[517,683],"product_tag":[],"class_list":{"0":"post-5686","1":"product","2":"type-product","3":"status-publish","4":"has-post-thumbnail","6":"product_cat-taotao","7":"product_cat-tao-vtt","9":"first","10":"instock","11":"taxable","12":"shipping-taxable","13":"purchasable","14":"product-type-simple"},"_links":{"self":[{"href":"https:\/\/www.maniaquedistribution.com\/en\/wp-json\/wp\/v2\/product\/5686","targetHints":{"allow":["GET"]}}],"collection":[{"href":"https:\/\/www.maniaquedistribution.com\/en\/wp-json\/wp\/v2\/product"}],"about":[{"href":"https:\/\/www.maniaquedistribution.com\/en\/wp-json\/wp\/v2\/types\/product"}],"wp:featuredmedia":[{"embeddable":true,"href":"https:\/\/www.maniaquedistribution.com\/en\/wp-json\/wp\/v2\/media\/5687"}],"wp:attachment":[{"href":"https:\/\/www.maniaquedistribution.com\/en\/wp-json\/wp\/v2\/media?parent=5686"}],"wp:term":[{"taxonomy":"product_cat","embeddable":true,"href":"https:\/\/www.maniaquedistribution.com\/en\/wp-json\/wp\/v2\/product_cat?post=5686"},{"taxonomy":"product_tag","embeddable":true,"href":"https:\/\/www.maniaquedistribution.com\/en\/wp-json\/wp\/v2\/product_tag?post=5686"}],"curies":[{"name":"wp","href":"https:\/\/api.w.org\/{rel}","templated":true}]}}