{"id":5751,"date":"2023-08-09T19:30:02","date_gmt":"2023-08-09T17:30:02","guid":{"rendered":"https:\/\/www.maniaquedistribution.com\/?post_type=product&#038;p=5751"},"modified":"2023-08-10T13:49:29","modified_gmt":"2023-08-10T11:49:29","slug":"new-cheetah-platinum","status":"publish","type":"product","link":"https:\/\/www.maniaquedistribution.com\/en\/product\/new-cheetah-platinum\/","title":{"rendered":"New CHEETAH PLATINUM"},"content":{"rendered":"<p class=\"p1\">Avec ses nouvelles couleurs, le T-Force Platinum est s\u00fbr d&#8217;impressionner les autres pilotes en cours de route. Con\u00e7u pour les 12 ans et plus, ce VTT de style utilitaire de taille moyenne offre\u00a0 plus de puissance aux conducteurs plus petits mais exp\u00e9riment\u00e9s avec un moteur 4 temps de 120 cm3 et une transmission automatique avec marche arri\u00e8re. Comme pour tous nos VTT pour jeunes, la s\u00e9curit\u00e9 de la conduite est assur\u00e9e par le r\u00e9gulateur de vitesse et une t\u00e9l\u00e9commande sans fil, tous deux contr\u00f4l\u00e9s par des adultes responsables. Le T-Force Platinum a toujours les roues en aluminium chrom\u00e9 et un style de carrosserie agressif. Comme les B110 et D125, le T-Force Platinum comprend des touches et un cadre de couleur, un si\u00e8ge de marque Tao Motor, des feux \u00e0 DEL avant et arri\u00e8re, des amortisseurs avant et arri\u00e8re r\u00e9glables, des jauges num\u00e9riques et un compteur d&#8217;heures moteur. Avec d&#8217;autres mises \u00e0 jour de conception comme un cadre de couleur assortie enduit de poudre et un d\u00e9railleur ergonomique, le T-Force Platinum coche toutes les cases pour une conduite s\u00fbre, stable et confortable.<\/p>\n<p><iframe loading=\"lazy\" title=\"Tao Motor New Cheetah 125 ATV FourWheeler Commercial\" width=\"640\" height=\"360\" src=\"https:\/\/www.youtube.com\/embed\/e9he3qLbcuI?feature=oembed\" frameborder=\"0\" allow=\"accelerometer; autoplay; clipboard-write; encrypted-media; gyroscope; picture-in-picture; web-share\" referrerpolicy=\"strict-origin-when-cross-origin\" allowfullscreen><\/iframe><\/p>\n<div id=\"specs\" class=\"fl-module fl-module-rich-text fl-node-l5rwmqg8uh0s\" data-node=\"l5rwmqg8uh0s\">\n<div class=\"fl-module-content fl-node-content\">\n<div class=\"fl-rich-text\">\n<h2>SPECIFICATIONS<\/h2>\n<\/div>\n<\/div>\n<\/div>\n<div class=\"fl-module fl-module-pp-table fl-node-gcmy4jq0if3k\" data-node=\"gcmy4jq0if3k\">\n<div class=\"fl-module-content fl-node-content\">\n<div class=\"pp-table-wrap\">\n<table id=\"table-4939\" class=\"pp-table-gcmy4jq0if3k pp-table-content tablesaw tablesaw-swipe\" data-tablesaw-minimap=\"\" data-tablesaw-mode=\"swipe\">\n<thead>\n<tr>\n<th id=\"pp-table-col-1\" class=\"pp-table-col\" scope=\"col\" data-tablesaw-sortable-col=\"\"><span class=\"pp-table-header-inner\"><span class=\"pp-table-header-text\">ENGINE<\/span><\/span><\/th>\n<\/tr>\n<\/thead>\n<tbody>\n<tr class=\"pp-table-row odd\" data-row-index=\"1\">\n<td>Engine Type<\/td>\n<td>120cc, Air Cooled, 4-Stroke, Single Cylinder<\/td>\n<\/tr>\n<tr class=\"pp-table-row even\" data-row-index=\"2\">\n<td>Start Type<\/td>\n<td>Electric Start<\/td>\n<\/tr>\n<tr class=\"pp-table-row odd\" data-row-index=\"3\">\n<td>Transmission<\/td>\n<td>Chain Drive<\/td>\n<\/tr>\n<tr class=\"pp-table-row even\" data-row-index=\"4\">\n<td>Engine Gear<\/td>\n<td>Fully Automatic with Reverse D-N-R<\/td>\n<\/tr>\n<tr class=\"pp-table-row odd\" data-row-index=\"5\">\n<td>Gear Selector Lever<\/td>\n<td>Hand<\/td>\n<\/tr>\n<tr class=\"pp-table-row even\" data-row-index=\"6\">\n<td>Ignition<\/td>\n<td>CDI<\/td>\n<\/tr>\n<tr class=\"pp-table-row odd\" data-row-index=\"7\">\n<td>Fuel Tank Capacity<\/td>\n<td>2.3L \/ 0.6 US gal<\/td>\n<\/tr>\n<\/tbody>\n<\/table>\n<p>&nbsp;<\/p>\n<\/div>\n<\/div>\n<\/div>\n<div class=\"fl-module fl-module-pp-table fl-node-wzqts9pbio32\" data-node=\"wzqts9pbio32\">\n<div class=\"fl-module-content fl-node-content\">\n<div class=\"pp-table-wrap\">\n<div class=\"tablesaw-bar mode-swipe\">\n<div class=\"tablesaw-advance\"><\/div>\n<\/div>\n<table id=\"table-9011\" class=\"pp-table-wzqts9pbio32 pp-table-content tablesaw tablesaw-swipe\" data-tablesaw-minimap=\"\" data-tablesaw-mode=\"swipe\">\n<thead>\n<tr>\n<th id=\"pp-table-col-1\" class=\"pp-table-col\" scope=\"col\" data-tablesaw-sortable-col=\"\"><span class=\"pp-table-header-inner\"><span class=\"pp-table-header-text\">CHASSIS<\/span><\/span><\/th>\n<\/tr>\n<\/thead>\n<tbody>\n<tr class=\"pp-table-row odd\" data-row-index=\"1\">\n<td>Front Hand Brake<\/td>\n<td>Drum<\/td>\n<\/tr>\n<tr class=\"pp-table-row even\" data-row-index=\"2\">\n<td>Rear Foot Brake<\/td>\n<td>Hydraulic Disc<\/td>\n<\/tr>\n<tr class=\"pp-table-row odd\" data-row-index=\"3\">\n<td>Tire Front<\/td>\n<td>19 x 7 &#8211; 8<\/td>\n<\/tr>\n<tr class=\"pp-table-row even\" data-row-index=\"4\">\n<td>Tire Rear<\/td>\n<td>18 x 9.5 &#8211; 8<\/td>\n<\/tr>\n<tr class=\"pp-table-row odd\" data-row-index=\"5\">\n<td>Remote Wireless Shut Off<\/td>\n<td>Yes<\/td>\n<\/tr>\n<tr class=\"pp-table-row even\" data-row-index=\"6\">\n<td>Speed Limiter<\/td>\n<td>Yes<\/td>\n<\/tr>\n<tr class=\"pp-table-row odd\" data-row-index=\"7\">\n<td>Tether kill switch<\/td>\n<td>Yes<\/td>\n<\/tr>\n<tr class=\"pp-table-row even\" data-row-index=\"8\">\n<td>Battery<\/td>\n<td>12V\/5Ah<\/td>\n<\/tr>\n<\/tbody>\n<\/table>\n<p>&nbsp;<\/p>\n<\/div>\n<\/div>\n<\/div>\n<div class=\"fl-module fl-module-pp-table fl-node-4hv83sg5mprj\" data-node=\"4hv83sg5mprj\">\n<div class=\"fl-module-content fl-node-content\">\n<div class=\"pp-table-wrap\">\n<div class=\"tablesaw-bar mode-swipe\">\n<div class=\"tablesaw-advance\"><\/div>\n<\/div>\n<table id=\"table-1885\" class=\"pp-table-4hv83sg5mprj pp-table-content tablesaw tablesaw-swipe\" data-tablesaw-minimap=\"\" data-tablesaw-mode=\"swipe\">\n<thead>\n<tr>\n<th id=\"pp-table-col-1\" class=\"pp-table-col\" scope=\"col\" data-tablesaw-sortable-col=\"\"><span class=\"pp-table-header-inner\"><span class=\"pp-table-header-text\">DIMENSION<\/span><\/span><\/th>\n<\/tr>\n<\/thead>\n<tbody>\n<tr class=\"pp-table-row odd\" data-row-index=\"1\">\n<td>Seat Height<\/td>\n<td>26.0 inches<\/td>\n<\/tr>\n<tr class=\"pp-table-row even\" data-row-index=\"2\">\n<td>Ground Clearance<\/td>\n<td>4.7 inches<\/td>\n<\/tr>\n<tr class=\"pp-table-row odd\" data-row-index=\"3\">\n<td>Wheelbase<\/td>\n<td>37.4 inches<\/td>\n<\/tr>\n<tr class=\"pp-table-row even\" data-row-index=\"4\">\n<td>Unassembled Crated Weight<\/td>\n<td>290 LBS<\/td>\n<\/tr>\n<tr class=\"pp-table-row odd\" data-row-index=\"5\">\n<td>Vehicle Assembled Without Fuel<\/td>\n<td>255 LBS<\/td>\n<\/tr>\n<tr class=\"pp-table-row even\" data-row-index=\"6\">\n<td>Vehicle Dimension<\/td>\n<td>LxWxH 62x39x37 inches<\/td>\n<\/tr>\n<tr class=\"pp-table-row odd\" data-row-index=\"7\">\n<td>Carton Size<\/td>\n<td>51 x 30 x 24.5 Inches<\/td>\n<\/tr>\n<\/tbody>\n<\/table>\n<p>&nbsp;<\/p>\n<\/div>\n<\/div>\n<\/div>\n<p class=\"p1\">Montage inclus<\/p>\n<p class=\"p1\">Meilleur prix garanti !<\/p>\n<p class=\"p1\">Trouvez moins cher et nous \u00e9galiserons le prix !<\/p>","protected":false},"excerpt":{"rendered":"<p>Marque\u00a0: Tao<\/p>\n<p>Cylindre : 120cc<\/p>\n<p>Moteur\u00a0: Moteur \u00e0 essence 4 temps<\/p>\n<p>Mise en route : D\u00e9marreur \u00e9lectrique<\/p>\n<p>Transmission : Automatique avec reculons<\/p>","protected":false},"featured_media":5753,"template":"","meta":[],"product_cat":[517,683],"product_tag":[],"class_list":{"0":"post-5751","1":"product","2":"type-product","3":"status-publish","4":"has-post-thumbnail","6":"product_cat-taotao","7":"product_cat-tao-vtt","9":"first","10":"instock","11":"taxable","12":"shipping-taxable","13":"purchasable","14":"product-type-simple"},"_links":{"self":[{"href":"https:\/\/www.maniaquedistribution.com\/en\/wp-json\/wp\/v2\/product\/5751","targetHints":{"allow":["GET"]}}],"collection":[{"href":"https:\/\/www.maniaquedistribution.com\/en\/wp-json\/wp\/v2\/product"}],"about":[{"href":"https:\/\/www.maniaquedistribution.com\/en\/wp-json\/wp\/v2\/types\/product"}],"wp:featuredmedia":[{"embeddable":true,"href":"https:\/\/www.maniaquedistribution.com\/en\/wp-json\/wp\/v2\/media\/5753"}],"wp:attachment":[{"href":"https:\/\/www.maniaquedistribution.com\/en\/wp-json\/wp\/v2\/media?parent=5751"}],"wp:term":[{"taxonomy":"product_cat","embeddable":true,"href":"https:\/\/www.maniaquedistribution.com\/en\/wp-json\/wp\/v2\/product_cat?post=5751"},{"taxonomy":"product_tag","embeddable":true,"href":"https:\/\/www.maniaquedistribution.com\/en\/wp-json\/wp\/v2\/product_tag?post=5751"}],"curies":[{"name":"wp","href":"https:\/\/api.w.org\/{rel}","templated":true}]}}