{"id":5766,"date":"2023-08-09T19:32:36","date_gmt":"2023-08-09T17:32:36","guid":{"rendered":"https:\/\/www.maniaquedistribution.com\/?post_type=product&#038;p=5766"},"modified":"2023-08-10T13:48:39","modified_gmt":"2023-08-10T11:48:39","slug":"new-rex","status":"publish","type":"product","link":"https:\/\/www.maniaquedistribution.com\/en\/product\/new-rex\/","title":{"rendered":"New REX"},"content":{"rendered":"<div class=\"fl-col-group fl-node-0cio59znq4tp\" data-node=\"0cio59znq4tp\">\n<div class=\"fl-col fl-node-jbyka7m5rci2\" data-node=\"jbyka7m5rci2\">\n<div class=\"fl-col-content fl-node-content\">\n<div class=\"fl-module fl-module-rich-text fl-node-nyb5efvl0qig\" data-node=\"nyb5efvl0qig\">\n<div class=\"fl-module-content fl-node-content\">\n<div class=\"fl-rich-text\">\n<p class=\"p1\">Le Rex est con\u00e7u pour l&#8217;action et la performance. Il est dimensionn\u00e9 pour un jeune cycliste plus exp\u00e9riment\u00e9 \u00e2g\u00e9 de 10 ans et plus. Bien qu&#8217;il soit toujours \u00e9quip\u00e9 de nos caract\u00e9ristiques de s\u00e9curit\u00e9 de premier ordre telles que le limiteur d&#8217;acc\u00e9l\u00e9rateur et l&#8217;arr\u00eat du moteur \u00e0 distance, le Rex est robuste et bien con\u00e7u sp\u00e9cifiquement pour les petites mains. La commodit\u00e9 du moteur \u00e0 d\u00e9marrage \u00e9lectrique et de la transmission automatique qui comprend \u00e9galement la marche arri\u00e8re offre des capacit\u00e9s pleines d&#8217;action et la possibilit\u00e9 d&#8217;aller n&#8217;importe o\u00f9 pour les jeunes conducteurs. De la performance au style, il n&#8217;est pas \u00e9tonnant que le Rex soit devenu l&#8217;un de nos v\u00e9hicules tout-terrain les plus populaires et les plus recherch\u00e9s.<\/p>\n<h2>SPECIFICATIONS<\/h2>\n<\/div>\n<\/div>\n<\/div>\n<\/div>\n<\/div>\n<\/div>\n<div class=\"fl-col-group fl-node-5f346a00a3445\" data-node=\"5f346a00a3445\">\n<div class=\"fl-col fl-node-5f346a00a3448\" data-node=\"5f346a00a3448\">\n<div class=\"fl-col-content fl-node-content\">\n<div class=\"fl-module fl-module-pp-table fl-node-5f346a00a344e\" data-node=\"5f346a00a344e\">\n<div class=\"fl-module-content fl-node-content\">\n<div class=\"pp-table-wrap\">\n<table id=\"table-1653\" class=\"pp-table-5f346a00a344e pp-table-content tablesaw tablesaw-swipe\" data-tablesaw-minimap=\"\" data-tablesaw-mode=\"swipe\">\n<thead>\n<tr>\n<th id=\"pp-table-col-1\" class=\"pp-table-col\" scope=\"col\" data-tablesaw-sortable-col=\"\"><span class=\"pp-table-header-inner\"><span class=\"pp-table-header-text\">ENGINE<\/span><\/span><\/th>\n<\/tr>\n<\/thead>\n<tbody>\n<tr class=\"pp-table-row odd\" data-row-index=\"1\">\n<td>Minimum Age<\/td>\n<td>10 Years Old<\/td>\n<\/tr>\n<tr class=\"pp-table-row even\" data-row-index=\"2\">\n<td>Engine Type<\/td>\n<td>4-stroke, air-cooled single cylinder<\/td>\n<\/tr>\n<tr class=\"pp-table-row odd\" data-row-index=\"3\">\n<td>Transmission gears<\/td>\n<td>Fully Automatic with D-N-R<\/td>\n<\/tr>\n<tr class=\"pp-table-row even\" data-row-index=\"4\">\n<td>Transmission<\/td>\n<td>Chain Drive<\/td>\n<\/tr>\n<tr class=\"pp-table-row odd\" data-row-index=\"5\">\n<td>Gear Selector Lever<\/td>\n<td>Hand<\/td>\n<\/tr>\n<tr class=\"pp-table-row even\" data-row-index=\"6\">\n<td>Fuel Delivery<\/td>\n<td>Carburetor<\/td>\n<\/tr>\n<tr class=\"pp-table-row odd\" data-row-index=\"7\">\n<td>Ignition<\/td>\n<td>CDI<\/td>\n<\/tr>\n<tr class=\"pp-table-row even\" data-row-index=\"8\">\n<td>Start<\/td>\n<td>Electric only<\/td>\n<\/tr>\n<tr class=\"pp-table-row odd\" data-row-index=\"9\">\n<td>Fuel Tank Capacity<\/td>\n<td>2.3L \/ 0.60 US GAL<\/td>\n<\/tr>\n<\/tbody>\n<\/table>\n<p>&nbsp;<\/p>\n<\/div>\n<\/div>\n<\/div>\n<div class=\"fl-module fl-module-pp-table fl-node-74j5eqt1u263\" data-node=\"74j5eqt1u263\">\n<div class=\"fl-module-content fl-node-content\">\n<div class=\"pp-table-wrap\">\n<div class=\"tablesaw-bar mode-swipe\">\n<div class=\"tablesaw-advance\"><\/div>\n<\/div>\n<table id=\"table-1437\" class=\"pp-table-74j5eqt1u263 pp-table-content tablesaw tablesaw-swipe\" data-tablesaw-minimap=\"\" data-tablesaw-mode=\"swipe\">\n<thead>\n<tr>\n<th id=\"pp-table-col-1\" class=\"pp-table-col\" scope=\"col\" data-tablesaw-sortable-col=\"\"><span class=\"pp-table-header-inner\"><span class=\"pp-table-header-text\">CHASSIS<\/span><\/span><\/th>\n<\/tr>\n<\/thead>\n<tbody>\n<tr class=\"pp-table-row odd\" data-row-index=\"1\">\n<td>Front Suspension Type<\/td>\n<td>Dual A-Arm, 12.4\u2033 travel<\/td>\n<\/tr>\n<tr class=\"pp-table-row even\" data-row-index=\"2\">\n<td>Rear Suspension Type<\/td>\n<td>Mono Swingarm, 12.4\u2033 travel<\/td>\n<\/tr>\n<tr class=\"pp-table-row odd\" data-row-index=\"3\">\n<td>Front Brake<\/td>\n<td>Disc<\/td>\n<\/tr>\n<tr class=\"pp-table-row even\" data-row-index=\"4\">\n<td>Rear Brake<\/td>\n<td>Disc<\/td>\n<\/tr>\n<tr class=\"pp-table-row odd\" data-row-index=\"5\">\n<td>Front Tire<\/td>\n<td>19\u00d77-8<\/td>\n<\/tr>\n<tr class=\"pp-table-row even\" data-row-index=\"6\">\n<td>Rear Tire<\/td>\n<td>18\u00d79.5-8<\/td>\n<\/tr>\n<tr class=\"pp-table-row odd\" data-row-index=\"7\">\n<td>Wheel Type<\/td>\n<td>Steel<\/td>\n<\/tr>\n<tr class=\"pp-table-row even\" data-row-index=\"8\">\n<td>Remote Wireless Shut Off<\/td>\n<td>Yes<\/td>\n<\/tr>\n<tr class=\"pp-table-row odd\" data-row-index=\"9\">\n<td>Speed Limiter<\/td>\n<td>Yes<\/td>\n<\/tr>\n<tr class=\"pp-table-row even\" data-row-index=\"10\">\n<td>Tether Kill Switch<\/td>\n<td>Yes<\/td>\n<\/tr>\n<tr class=\"pp-table-row odd\" data-row-index=\"11\">\n<td>Battery<\/td>\n<td>12V\/5AH<\/td>\n<\/tr>\n<tr class=\"pp-table-row even\" data-row-index=\"12\">\n<td>Front Lights<\/td>\n<td>LED<\/td>\n<\/tr>\n<tr class=\"pp-table-row odd\" data-row-index=\"13\">\n<td>Brake Light<\/td>\n<td>LED<\/td>\n<\/tr>\n<\/tbody>\n<\/table>\n<p>&nbsp;<\/p>\n<\/div>\n<\/div>\n<\/div>\n<div class=\"fl-module fl-module-pp-table fl-node-an4ryuf053po\" data-node=\"an4ryuf053po\">\n<div class=\"fl-module-content fl-node-content\">\n<div class=\"pp-table-wrap\">\n<div class=\"tablesaw-bar mode-swipe\">\n<div class=\"tablesaw-advance\"><\/div>\n<\/div>\n<table id=\"table-3442\" class=\"pp-table-an4ryuf053po pp-table-content tablesaw tablesaw-swipe\" data-tablesaw-minimap=\"\" data-tablesaw-mode=\"swipe\">\n<thead>\n<tr>\n<th id=\"pp-table-col-1\" class=\"pp-table-col\" scope=\"col\" data-tablesaw-sortable-col=\"\"><span class=\"pp-table-header-inner\"><span class=\"pp-table-header-text\">DIMENSION<\/span><\/span><\/th>\n<\/tr>\n<\/thead>\n<tbody>\n<tr class=\"pp-table-row odd\" data-row-index=\"1\">\n<td>Seat Height<\/td>\n<td>26 Inches<\/td>\n<\/tr>\n<tr class=\"pp-table-row even\" data-row-index=\"2\">\n<td>Ground Clearence<\/td>\n<td>4 Inches<\/td>\n<\/tr>\n<tr class=\"pp-table-row odd\" data-row-index=\"3\">\n<td>Wheel Base<\/td>\n<td>38 Inches<\/td>\n<\/tr>\n<tr class=\"pp-table-row even\" data-row-index=\"4\">\n<td>Unassembled Crated Weight<\/td>\n<td>264 lbs.<\/td>\n<\/tr>\n<tr class=\"pp-table-row odd\" data-row-index=\"5\">\n<td>Overall Dimensions (LxWxH)<\/td>\n<td>59&#8243;x38.5&#8243;x38&#8243;<\/td>\n<\/tr>\n<tr class=\"pp-table-row even\" data-row-index=\"6\">\n<td>Warranty<\/td>\n<td>6 months<\/td>\n<\/tr>\n<\/tbody>\n<\/table>\n<p>&nbsp;<\/p>\n<\/div>\n<\/div>\n<\/div>\n<\/div>\n<\/div>\n<\/div>\n<p class=\"p1\">Montage inclus<\/p>\n<p class=\"p1\">Meilleur prix garanti !<\/p>\n<p class=\"p1\">Trouvez moins cher et nous \u00e9galiserons le prix !<\/p>","protected":false},"excerpt":{"rendered":"<p>Marque\u00a0: Tao<\/p>\n<p>Cylindre : 120cc<\/p>\n<p>Moteur\u00a0: Moteur \u00e0 essence 4 temps<\/p>\n<p>Mise en route : D\u00e9marreur \u00e9lectrique<\/p>\n<p>Transmission : Automatique avec reculons<\/p>","protected":false},"featured_media":5767,"template":"","meta":[],"product_cat":[517,683],"product_tag":[],"class_list":{"0":"post-5766","1":"product","2":"type-product","3":"status-publish","4":"has-post-thumbnail","6":"product_cat-taotao","7":"product_cat-tao-vtt","9":"first","10":"instock","11":"taxable","12":"shipping-taxable","13":"purchasable","14":"product-type-simple"},"_links":{"self":[{"href":"https:\/\/www.maniaquedistribution.com\/en\/wp-json\/wp\/v2\/product\/5766","targetHints":{"allow":["GET"]}}],"collection":[{"href":"https:\/\/www.maniaquedistribution.com\/en\/wp-json\/wp\/v2\/product"}],"about":[{"href":"https:\/\/www.maniaquedistribution.com\/en\/wp-json\/wp\/v2\/types\/product"}],"wp:featuredmedia":[{"embeddable":true,"href":"https:\/\/www.maniaquedistribution.com\/en\/wp-json\/wp\/v2\/media\/5767"}],"wp:attachment":[{"href":"https:\/\/www.maniaquedistribution.com\/en\/wp-json\/wp\/v2\/media?parent=5766"}],"wp:term":[{"taxonomy":"product_cat","embeddable":true,"href":"https:\/\/www.maniaquedistribution.com\/en\/wp-json\/wp\/v2\/product_cat?post=5766"},{"taxonomy":"product_tag","embeddable":true,"href":"https:\/\/www.maniaquedistribution.com\/en\/wp-json\/wp\/v2\/product_tag?post=5766"}],"curies":[{"name":"wp","href":"https:\/\/api.w.org\/{rel}","templated":true}]}}