{"id":5809,"date":"2023-08-09T20:04:14","date_gmt":"2023-08-09T18:04:14","guid":{"rendered":"https:\/\/www.maniaquedistribution.com\/?post_type=product&#038;p=5809"},"modified":"2023-08-10T13:44:56","modified_gmt":"2023-08-10T11:44:56","slug":"new-db24","status":"publish","type":"product","link":"https:\/\/www.maniaquedistribution.com\/en\/product\/new-db24\/","title":{"rendered":"New DB24"},"content":{"rendered":"<p>Le Tao DB24 est un petit dirtbike \u00e9conomique id\u00e9al pour les jeunes et est \u00e9quip\u00e9 d\u2019un moteur puissant 110cc semi-automatique 4 vitesses avec kick start et de pneus 10 pouces pour une conduite des plus agressives !<\/p>\n<p><iframe loading=\"lazy\" title=\"DB24\" width=\"640\" height=\"360\" src=\"https:\/\/www.youtube.com\/embed\/lbDUxTWQU98?feature=oembed\" frameborder=\"0\" allow=\"accelerometer; autoplay; clipboard-write; encrypted-media; gyroscope; picture-in-picture; web-share\" referrerpolicy=\"strict-origin-when-cross-origin\" allowfullscreen><\/iframe><\/p>\n<div id=\"specs\" class=\"fl-module fl-module-rich-text fl-node-xy3r9one1ucq\" data-node=\"xy3r9one1ucq\">\n<div class=\"fl-module-content fl-node-content\">\n<div class=\"fl-rich-text\">\n<h2>SPECIFICATIONS<\/h2>\n<\/div>\n<\/div>\n<\/div>\n<div class=\"fl-module fl-module-pp-table fl-node-ukago34ndz2w\" data-node=\"ukago34ndz2w\">\n<div class=\"fl-module-content fl-node-content\">\n<div class=\"pp-table-wrap\">\n<table id=\"table-1738\" class=\"pp-table-ukago34ndz2w pp-table-content tablesaw tablesaw-swipe\" data-tablesaw-minimap=\"\" data-tablesaw-mode=\"swipe\">\n<thead>\n<tr>\n<th id=\"pp-table-col-1\" class=\"pp-table-col\" scope=\"col\" data-tablesaw-sortable-col=\"\"><span class=\"pp-table-header-inner\"><span class=\"pp-table-header-text\">ENGINE<\/span><\/span><\/th>\n<\/tr>\n<\/thead>\n<tbody>\n<tr class=\"pp-table-row odd\" data-row-index=\"1\">\n<td>Engine Type<\/td>\n<td>107cc, Air Cooled, 4-Stroke, Single Cylinder<\/td>\n<\/tr>\n<tr class=\"pp-table-row even\" data-row-index=\"2\">\n<td>Start Type<\/td>\n<td>Kick<\/td>\n<\/tr>\n<tr class=\"pp-table-row odd\" data-row-index=\"3\">\n<td>Transmission<\/td>\n<td>Chain Drive<\/td>\n<\/tr>\n<tr class=\"pp-table-row even\" data-row-index=\"4\">\n<td>Engine Gear<\/td>\n<td>Semi-Automatic 4 speed transmission<\/td>\n<\/tr>\n<tr class=\"pp-table-row odd\" data-row-index=\"5\">\n<td>Gear Selector Lever<\/td>\n<td>Foot<\/td>\n<\/tr>\n<tr class=\"pp-table-row even\" data-row-index=\"6\">\n<td>Ignition<\/td>\n<td>CDI<\/td>\n<\/tr>\n<tr class=\"pp-table-row odd\" data-row-index=\"7\">\n<td>Fuel Tank Capacity<\/td>\n<td>4 Liters 1 US gallons<\/td>\n<\/tr>\n<\/tbody>\n<\/table>\n<p>&nbsp;<\/p>\n<\/div>\n<\/div>\n<\/div>\n<div class=\"fl-module fl-module-pp-table fl-node-zg15e29jbai0\" data-node=\"zg15e29jbai0\">\n<div class=\"fl-module-content fl-node-content\">\n<div class=\"pp-table-wrap\">\n<table id=\"table-7791\" class=\"pp-table-zg15e29jbai0 pp-table-content tablesaw tablesaw-swipe\" data-tablesaw-minimap=\"\" data-tablesaw-mode=\"swipe\">\n<thead>\n<tr>\n<th id=\"pp-table-col-1\" class=\"pp-table-col\" scope=\"col\" data-tablesaw-sortable-col=\"\"><span class=\"pp-table-header-inner\"><span class=\"pp-table-header-text\">CHASSIS<\/span><\/span><\/th>\n<\/tr>\n<\/thead>\n<tbody>\n<tr class=\"pp-table-row odd\" data-row-index=\"1\">\n<td>Front Hand Brake<\/td>\n<td>Hydraulic Disk<\/td>\n<\/tr>\n<tr class=\"pp-table-row even\" data-row-index=\"2\">\n<td>Rear Foot Brake<\/td>\n<td>Hydraulic Disc<\/td>\n<\/tr>\n<tr class=\"pp-table-row odd\" data-row-index=\"3\">\n<td>Tire Front<\/td>\n<td>2.50-14<\/td>\n<\/tr>\n<tr class=\"pp-table-row even\" data-row-index=\"4\">\n<td>Tire Rear<\/td>\n<td>3.0-12<\/td>\n<\/tr>\n<\/tbody>\n<\/table>\n<p>&nbsp;<\/p>\n<\/div>\n<\/div>\n<\/div>\n<div class=\"fl-module fl-module-pp-table fl-node-yawp48zf1ikr\" data-node=\"yawp48zf1ikr\">\n<div class=\"fl-module-content fl-node-content\">\n<div class=\"pp-table-wrap\">\n<table id=\"table-3940\" class=\"pp-table-yawp48zf1ikr pp-table-content tablesaw tablesaw-swipe\" data-tablesaw-minimap=\"\" data-tablesaw-mode=\"swipe\">\n<thead>\n<tr>\n<th id=\"pp-table-col-1\" class=\"pp-table-col\" scope=\"col\" data-tablesaw-sortable-col=\"\"><span class=\"pp-table-header-inner\"><span class=\"pp-table-header-text\">DIMENSION<\/span><\/span><\/th>\n<\/tr>\n<\/thead>\n<tbody>\n<tr class=\"pp-table-row odd\" data-row-index=\"1\">\n<td>Seat Height<\/td>\n<td>27.5 Inches<\/td>\n<\/tr>\n<tr class=\"pp-table-row even\" data-row-index=\"2\">\n<td>Handlebar height<\/td>\n<td>37.5 inches<\/td>\n<\/tr>\n<tr class=\"pp-table-row odd\" data-row-index=\"3\">\n<td>Ground Clearance<\/td>\n<td>8.6 Inches<\/td>\n<\/tr>\n<tr class=\"pp-table-row even\" data-row-index=\"4\">\n<td>Wheelbase<\/td>\n<td>41 Inches<\/td>\n<\/tr>\n<tr class=\"pp-table-row odd\" data-row-index=\"5\">\n<td>Unassembled Crated Weight<\/td>\n<td>161 Lbs<\/td>\n<\/tr>\n<tr class=\"pp-table-row even\" data-row-index=\"6\">\n<td>Vehicle Assembled Without Fuel<\/td>\n<td>132 Lbs<\/td>\n<\/tr>\n<tr class=\"pp-table-row odd\" data-row-index=\"7\">\n<td>Vehicle LxWxH<\/td>\n<td>59&#215;29.5&#215;38.5 Inches<\/td>\n<\/tr>\n<tr class=\"pp-table-row even\" data-row-index=\"8\">\n<td>Carton Size LxWxH<\/td>\n<td>53x15x29 inches<\/td>\n<\/tr>\n<\/tbody>\n<\/table>\n<p>&nbsp;<\/p>\n<p class=\"p1\">Montage inclus<\/p>\n<p class=\"p1\">Meilleur prix garanti !<\/p>\n<p class=\"p1\">Trouvez moins cher et nous \u00e9galiserons le prix !<\/p>\n<\/div>\n<\/div>\n<\/div>","protected":false},"excerpt":{"rendered":"<p>Marque\u00a0: Tao<\/p>\n<p>Cylindre : 110cc<\/p>\n<p>Moteur\u00a0: Moteur \u00e0 essence 4 temps<\/p>\n<p>Mise en route : Kick<\/p>\n<p>Transmission : Semi-automatique<\/p>","protected":false},"featured_media":5810,"template":"","meta":[],"product_cat":[682,517],"product_tag":[],"class_list":{"0":"post-5809","1":"product","2":"type-product","3":"status-publish","4":"has-post-thumbnail","6":"product_cat-tao-moto","7":"product_cat-taotao","9":"first","10":"instock","11":"taxable","12":"shipping-taxable","13":"purchasable","14":"product-type-simple"},"_links":{"self":[{"href":"https:\/\/www.maniaquedistribution.com\/en\/wp-json\/wp\/v2\/product\/5809","targetHints":{"allow":["GET"]}}],"collection":[{"href":"https:\/\/www.maniaquedistribution.com\/en\/wp-json\/wp\/v2\/product"}],"about":[{"href":"https:\/\/www.maniaquedistribution.com\/en\/wp-json\/wp\/v2\/types\/product"}],"wp:featuredmedia":[{"embeddable":true,"href":"https:\/\/www.maniaquedistribution.com\/en\/wp-json\/wp\/v2\/media\/5810"}],"wp:attachment":[{"href":"https:\/\/www.maniaquedistribution.com\/en\/wp-json\/wp\/v2\/media?parent=5809"}],"wp:term":[{"taxonomy":"product_cat","embeddable":true,"href":"https:\/\/www.maniaquedistribution.com\/en\/wp-json\/wp\/v2\/product_cat?post=5809"},{"taxonomy":"product_tag","embeddable":true,"href":"https:\/\/www.maniaquedistribution.com\/en\/wp-json\/wp\/v2\/product_tag?post=5809"}],"curies":[{"name":"wp","href":"https:\/\/api.w.org\/{rel}","templated":true}]}}