{"id":5834,"date":"2023-08-09T20:17:32","date_gmt":"2023-08-09T18:17:32","guid":{"rendered":"https:\/\/www.maniaquedistribution.com\/?post_type=product&#038;p=5834"},"modified":"2023-08-10T13:43:17","modified_gmt":"2023-08-10T11:43:17","slug":"new-dbx1","status":"publish","type":"product","link":"https:\/\/www.maniaquedistribution.com\/en\/product\/new-dbx1\/","title":{"rendered":"New DBX1"},"content":{"rendered":"<div id=\"specs\" class=\"fl-module fl-module-rich-text fl-node-wml80xz5spj3\" data-node=\"wml80xz5spj3\">\n<div class=\"fl-module-content fl-node-content\">\n<div class=\"fl-rich-text\">\n<p class=\"p1\">Notre motocross la plus puissante est pr\u00eate \u00e0 reprendre la piste. Le DBX1 poss\u00e8de toutes les caract\u00e9ristiques d&#8217;un v\u00e9lo de style comp\u00e9tition, ce qui en fait le choix parfait pour les pilotes de moto tout-terrain qui r\u00eavent d&#8217;un v\u00e9hicule de haute performance. Ne manquant ni de puissance ni d&#8217;endurance, le DBX1 est dot\u00e9 d&#8217;un moteur 140cc refroidi par air avec une transmission manuelle \u00e0 quatre vitesses. Une fois que vous commencez \u00e0 rouler, les am\u00e9liorations sont imm\u00e9diatement perceptibles. Une toute nouvelle conception d&#8217;acc\u00e9l\u00e9rateur permet un fonctionnement plus fluide tandis que l&#8217;amortisseur arri\u00e8re r\u00e9glable peut s&#8217;adapter \u00e0 n&#8217;importe quel terrain pour une conduite plus confiante et plus agr\u00e9able. Profitez des nouvelles couleurs et options de d\u00e9calques !<\/p>\n<p><iframe loading=\"lazy\" title=\"DBX1\" width=\"640\" height=\"360\" src=\"https:\/\/www.youtube.com\/embed\/a48qci4MbsU?feature=oembed\" frameborder=\"0\" allow=\"accelerometer; autoplay; clipboard-write; encrypted-media; gyroscope; picture-in-picture; web-share\" referrerpolicy=\"strict-origin-when-cross-origin\" allowfullscreen><\/iframe><\/p>\n<h2 id=\"tw-target-text\" class=\"tw-data-text tw-text-large tw-ta\" dir=\"ltr\" data-placeholder=\"Traduction\">SPECIFICATIONS<\/h2>\n<\/div>\n<\/div>\n<\/div>\n<div class=\"fl-module fl-module-pp-table fl-node-zy9gh6j37vq5\" data-node=\"zy9gh6j37vq5\">\n<div class=\"fl-module-content fl-node-content\">\n<div class=\"pp-table-wrap\">\n<table id=\"table-1093\" class=\"pp-table-zy9gh6j37vq5 pp-table-content tablesaw tablesaw-swipe\" data-tablesaw-minimap=\"\" data-tablesaw-mode=\"swipe\">\n<thead>\n<tr>\n<th id=\"pp-table-col-1\" class=\"pp-table-col\" scope=\"col\" data-tablesaw-sortable-col=\"\"><span class=\"pp-table-header-inner\"><span class=\"pp-table-header-text\">ENGINE<\/span><\/span><\/th>\n<\/tr>\n<\/thead>\n<tbody>\n<tr class=\"pp-table-row odd\" data-row-index=\"1\">\n<td>Engine Type<\/td>\n<td>140cc, Air Cooled, 4-Stroke, Single Cylinder<\/td>\n<\/tr>\n<tr class=\"pp-table-row even\" data-row-index=\"2\">\n<td>Start Type<\/td>\n<td>Kick<\/td>\n<\/tr>\n<tr class=\"pp-table-row odd\" data-row-index=\"3\">\n<td>Transmission<\/td>\n<td>Chain Drive<\/td>\n<\/tr>\n<tr class=\"pp-table-row even\" data-row-index=\"4\">\n<td>Engine Gear<\/td>\n<td>Manual 4 speed transmission<\/td>\n<\/tr>\n<tr class=\"pp-table-row odd\" data-row-index=\"5\">\n<td>Gear Selector Lever<\/td>\n<td>Foot<\/td>\n<\/tr>\n<tr class=\"pp-table-row even\" data-row-index=\"6\">\n<td>Ignition<\/td>\n<td>CDI<\/td>\n<\/tr>\n<tr class=\"pp-table-row odd\" data-row-index=\"7\">\n<td>Fuel Tank Capacity<\/td>\n<td>4.8 Liters 1.2 US gallons<\/td>\n<\/tr>\n<\/tbody>\n<\/table>\n<p>&nbsp;<\/p>\n<\/div>\n<\/div>\n<\/div>\n<div class=\"fl-module fl-module-pp-table fl-node-ahu6t0s3y9oc\" data-node=\"ahu6t0s3y9oc\">\n<div class=\"fl-module-content fl-node-content\">\n<div class=\"pp-table-wrap\">\n<table id=\"table-3544\" class=\"pp-table-ahu6t0s3y9oc pp-table-content tablesaw tablesaw-swipe\" data-tablesaw-minimap=\"\" data-tablesaw-mode=\"swipe\">\n<thead>\n<tr>\n<th id=\"pp-table-col-1\" class=\"pp-table-col\" scope=\"col\" data-tablesaw-sortable-col=\"\"><span class=\"pp-table-header-inner\"><span class=\"pp-table-header-text\">CHASSIS<\/span><\/span><\/th>\n<\/tr>\n<\/thead>\n<tbody>\n<tr class=\"pp-table-row odd\" data-row-index=\"1\">\n<td>Front Hand Brake<\/td>\n<td>Hydraulic Disk<\/td>\n<\/tr>\n<tr class=\"pp-table-row even\" data-row-index=\"2\">\n<td>Rear Foot Brake<\/td>\n<td>Hydraulic Disc<\/td>\n<\/tr>\n<tr class=\"pp-table-row odd\" data-row-index=\"3\">\n<td>Tire Front<\/td>\n<td>70\/100-17<\/td>\n<\/tr>\n<tr class=\"pp-table-row even\" data-row-index=\"4\">\n<td>Tire Rear<\/td>\n<td>90\/100-14<\/td>\n<\/tr>\n<\/tbody>\n<\/table>\n<p>&nbsp;<\/p>\n<\/div>\n<\/div>\n<\/div>\n<div class=\"fl-module fl-module-pp-table fl-node-szyotn6wbkrf\" data-node=\"szyotn6wbkrf\">\n<div class=\"fl-module-content fl-node-content\">\n<div class=\"pp-table-wrap\">\n<table id=\"table-6595\" class=\"pp-table-szyotn6wbkrf pp-table-content tablesaw tablesaw-swipe\" data-tablesaw-minimap=\"\" data-tablesaw-mode=\"swipe\">\n<thead>\n<tr>\n<th id=\"pp-table-col-1\" class=\"pp-table-col\" scope=\"col\" data-tablesaw-sortable-col=\"\"><span class=\"pp-table-header-inner\"><span class=\"pp-table-header-text\">DIMENSION<\/span><\/span><\/th>\n<\/tr>\n<\/thead>\n<tbody>\n<tr class=\"pp-table-row odd\" data-row-index=\"1\">\n<td>Seat Height<\/td>\n<td>35 Inches<\/td>\n<\/tr>\n<tr class=\"pp-table-row even\" data-row-index=\"2\">\n<td>Handlebar height<\/td>\n<td>45Inches<\/td>\n<\/tr>\n<tr class=\"pp-table-row odd\" data-row-index=\"3\">\n<td>Ground Clearance<\/td>\n<td>14.5<\/td>\n<\/tr>\n<tr class=\"pp-table-row even\" data-row-index=\"4\">\n<td>Wheelbase<\/td>\n<td>50 Inches<\/td>\n<\/tr>\n<tr class=\"pp-table-row odd\" data-row-index=\"5\">\n<td>Unassembled Crated Weight<\/td>\n<td>210 Lbs<\/td>\n<\/tr>\n<tr class=\"pp-table-row even\" data-row-index=\"6\">\n<td>Vehicle Assembled Without Fuel<\/td>\n<td>163 Lbs<\/td>\n<\/tr>\n<tr class=\"pp-table-row odd\" data-row-index=\"7\">\n<td>Vehicle LxWxH<\/td>\n<td>72x30x46 Inches<\/td>\n<\/tr>\n<tr class=\"pp-table-row even\" data-row-index=\"8\">\n<td>Carton Size LxWxH<\/td>\n<td>62x17x32 Inches<\/td>\n<\/tr>\n<\/tbody>\n<\/table>\n<p>&nbsp;<\/p>\n<\/div>\n<\/div>\n<\/div>\n<p class=\"p1\">Montage inclus<\/p>\n<p class=\"p1\">Meilleur prix garanti !<\/p>\n<p class=\"p1\">Trouvez moins cher et nous \u00e9galiserons le prix !<\/p>","protected":false},"excerpt":{"rendered":"<p>Marque\u00a0: Tao<\/p>\n<p>Cylindre : 140cc<\/p>\n<p>Moteur\u00a0: Moteur \u00e0 essence 4 temps<\/p>\n<p>Mise en route : Kick<\/p>\n<p>Transmission : Manuelle 4 vitesses<\/p>","protected":false},"featured_media":5835,"template":"","meta":[],"product_cat":[682,517],"product_tag":[],"class_list":{"0":"post-5834","1":"product","2":"type-product","3":"status-publish","4":"has-post-thumbnail","6":"product_cat-tao-moto","7":"product_cat-taotao","9":"first","10":"instock","11":"taxable","12":"shipping-taxable","13":"purchasable","14":"product-type-simple"},"_links":{"self":[{"href":"https:\/\/www.maniaquedistribution.com\/en\/wp-json\/wp\/v2\/product\/5834","targetHints":{"allow":["GET"]}}],"collection":[{"href":"https:\/\/www.maniaquedistribution.com\/en\/wp-json\/wp\/v2\/product"}],"about":[{"href":"https:\/\/www.maniaquedistribution.com\/en\/wp-json\/wp\/v2\/types\/product"}],"wp:featuredmedia":[{"embeddable":true,"href":"https:\/\/www.maniaquedistribution.com\/en\/wp-json\/wp\/v2\/media\/5835"}],"wp:attachment":[{"href":"https:\/\/www.maniaquedistribution.com\/en\/wp-json\/wp\/v2\/media?parent=5834"}],"wp:term":[{"taxonomy":"product_cat","embeddable":true,"href":"https:\/\/www.maniaquedistribution.com\/en\/wp-json\/wp\/v2\/product_cat?post=5834"},{"taxonomy":"product_tag","embeddable":true,"href":"https:\/\/www.maniaquedistribution.com\/en\/wp-json\/wp\/v2\/product_tag?post=5834"}],"curies":[{"name":"wp","href":"https:\/\/api.w.org\/{rel}","templated":true}]}}