{"id":5887,"date":"2023-08-10T14:47:23","date_gmt":"2023-08-10T12:47:23","guid":{"rendered":"https:\/\/www.maniaquedistribution.com\/?post_type=product&#038;p=5887"},"modified":"2023-08-11T17:45:27","modified_gmt":"2023-08-11T15:45:27","slug":"evs-r2","status":"publish","type":"product","link":"https:\/\/www.maniaquedistribution.com\/en\/product\/evs-r2\/","title":{"rendered":"EVS R2"},"content":{"rendered":"<p>Le EVS R2 offre un design s&#8217;int\u00e9grant facilement aux plastrons pour pr\u00e9venir les blessures. Facile \u00e0 utiliser, il offre une doublure d\u00e9tachable pour faciliter le lavage.<\/p>\n<p>&nbsp;<\/p>\n<p>Meilleur prix garanti !<\/p>\n<p>Trouvez moins cher et nous \u00e9galiserons le prix !<\/p>","protected":false},"excerpt":{"rendered":"<p>Tailles: Enfants<\/p>","protected":false},"featured_media":5888,"template":"","meta":[],"product_cat":[688],"product_tag":[],"class_list":{"0":"post-5887","1":"product","2":"type-product","3":"status-publish","4":"has-post-thumbnail","6":"product_cat-protection","8":"first","9":"instock","10":"taxable","11":"shipping-taxable","12":"product-type-simple"},"_links":{"self":[{"href":"https:\/\/www.maniaquedistribution.com\/en\/wp-json\/wp\/v2\/product\/5887","targetHints":{"allow":["GET"]}}],"collection":[{"href":"https:\/\/www.maniaquedistribution.com\/en\/wp-json\/wp\/v2\/product"}],"about":[{"href":"https:\/\/www.maniaquedistribution.com\/en\/wp-json\/wp\/v2\/types\/product"}],"wp:featuredmedia":[{"embeddable":true,"href":"https:\/\/www.maniaquedistribution.com\/en\/wp-json\/wp\/v2\/media\/5888"}],"wp:attachment":[{"href":"https:\/\/www.maniaquedistribution.com\/en\/wp-json\/wp\/v2\/media?parent=5887"}],"wp:term":[{"taxonomy":"product_cat","embeddable":true,"href":"https:\/\/www.maniaquedistribution.com\/en\/wp-json\/wp\/v2\/product_cat?post=5887"},{"taxonomy":"product_tag","embeddable":true,"href":"https:\/\/www.maniaquedistribution.com\/en\/wp-json\/wp\/v2\/product_tag?post=5887"}],"curies":[{"name":"wp","href":"https:\/\/api.w.org\/{rel}","templated":true}]}}