{"id":5892,"date":"2023-08-10T14:51:46","date_gmt":"2023-08-10T12:51:46","guid":{"rendered":"https:\/\/www.maniaquedistribution.com\/?post_type=product&#038;p=5892"},"modified":"2023-08-10T14:51:46","modified_gmt":"2023-08-10T12:51:46","slug":"evs-f1","status":"publish","type":"product","link":"https:\/\/www.maniaquedistribution.com\/en\/product\/evs-f1\/","title":{"rendered":"EVS F1"},"content":{"rendered":"<p>Le F1 par EVS est un plastron l\u00e9ger pouvant \u00eatre port\u00e9 par dessus ou sous un jersey. Avec son design ajust\u00e9 et ses canaux de ventilation, il assure confort et s\u00e9curit\u00e9.<\/p>\n<p>&nbsp;<\/p>\n<p>Meilleur prix garanti !<br \/>\nTrouvez moins cher et nous \u00e9galiserons le prix !<\/p>","protected":false},"excerpt":{"rendered":"<p>Tailles : S\/M, L\/XL<\/p>","protected":false},"featured_media":5893,"template":"","meta":[],"product_cat":[688],"product_tag":[],"class_list":{"0":"post-5892","1":"product","2":"type-product","3":"status-publish","4":"has-post-thumbnail","6":"product_cat-protection","8":"first","9":"instock","10":"taxable","11":"shipping-taxable","12":"product-type-simple"},"_links":{"self":[{"href":"https:\/\/www.maniaquedistribution.com\/en\/wp-json\/wp\/v2\/product\/5892","targetHints":{"allow":["GET"]}}],"collection":[{"href":"https:\/\/www.maniaquedistribution.com\/en\/wp-json\/wp\/v2\/product"}],"about":[{"href":"https:\/\/www.maniaquedistribution.com\/en\/wp-json\/wp\/v2\/types\/product"}],"wp:featuredmedia":[{"embeddable":true,"href":"https:\/\/www.maniaquedistribution.com\/en\/wp-json\/wp\/v2\/media\/5893"}],"wp:attachment":[{"href":"https:\/\/www.maniaquedistribution.com\/en\/wp-json\/wp\/v2\/media?parent=5892"}],"wp:term":[{"taxonomy":"product_cat","embeddable":true,"href":"https:\/\/www.maniaquedistribution.com\/en\/wp-json\/wp\/v2\/product_cat?post=5892"},{"taxonomy":"product_tag","embeddable":true,"href":"https:\/\/www.maniaquedistribution.com\/en\/wp-json\/wp\/v2\/product_tag?post=5892"}],"curies":[{"name":"wp","href":"https:\/\/api.w.org\/{rel}","templated":true}]}}