{"id":6020,"date":"2023-08-10T21:17:35","date_gmt":"2023-08-10T19:17:35","guid":{"rendered":"https:\/\/www.maniaquedistribution.com\/?post_type=product&#038;p=6020"},"modified":"2023-08-11T17:17:10","modified_gmt":"2023-08-11T15:17:10","slug":"phx-helios-hydra-vert","status":"publish","type":"product","link":"https:\/\/www.maniaquedistribution.com\/en\/product\/phx-helios-hydra-vert\/","title":{"rendered":"PHX Helios Hydra (Vert) (Enfants et adultes)"},"content":{"rendered":"<p>Alliant durabilit\u00e9, confort et mobilit\u00e9, le PHX Helios offre un design l\u00e9ger anti-humidit\u00e9 pour un maximum de performance et de style.<\/p>\n<p>Meilleur prix garanti !<br \/>\nTrouvez moins cher et nous \u00e9galiserons le prix !<\/p>","protected":false},"excerpt":{"rendered":"<p>Tailles: S &#8211; XL (Adultes et enfants)<\/p>","protected":false},"featured_media":6021,"template":"","meta":[],"product_cat":[689],"product_tag":[],"class_list":{"0":"post-6020","1":"product","2":"type-product","3":"status-publish","4":"has-post-thumbnail","6":"product_cat-jersey","8":"first","9":"instock","10":"taxable","11":"shipping-taxable","12":"purchasable","13":"product-type-simple"},"_links":{"self":[{"href":"https:\/\/www.maniaquedistribution.com\/en\/wp-json\/wp\/v2\/product\/6020","targetHints":{"allow":["GET"]}}],"collection":[{"href":"https:\/\/www.maniaquedistribution.com\/en\/wp-json\/wp\/v2\/product"}],"about":[{"href":"https:\/\/www.maniaquedistribution.com\/en\/wp-json\/wp\/v2\/types\/product"}],"wp:featuredmedia":[{"embeddable":true,"href":"https:\/\/www.maniaquedistribution.com\/en\/wp-json\/wp\/v2\/media\/6021"}],"wp:attachment":[{"href":"https:\/\/www.maniaquedistribution.com\/en\/wp-json\/wp\/v2\/media?parent=6020"}],"wp:term":[{"taxonomy":"product_cat","embeddable":true,"href":"https:\/\/www.maniaquedistribution.com\/en\/wp-json\/wp\/v2\/product_cat?post=6020"},{"taxonomy":"product_tag","embeddable":true,"href":"https:\/\/www.maniaquedistribution.com\/en\/wp-json\/wp\/v2\/product_tag?post=6020"}],"curies":[{"name":"wp","href":"https:\/\/api.w.org\/{rel}","templated":true}]}}