{"id":6065,"date":"2023-08-10T21:59:02","date_gmt":"2023-08-10T19:59:02","guid":{"rendered":"https:\/\/www.maniaquedistribution.com\/?post_type=product&#038;p=6065"},"modified":"2023-08-18T17:23:25","modified_gmt":"2023-08-18T15:23:25","slug":"phx-mudclaw-orange","status":"publish","type":"product","link":"https:\/\/www.maniaquedistribution.com\/en\/product\/phx-mudclaw-orange\/","title":{"rendered":"PHX Mudclaw (Orange)"},"content":{"rendered":"<p>Les nouveaux gants PHX offrent un design de performance assurant une dext\u00e9rit\u00e9 et une durabilit\u00e9 incomparables.<\/p>\n<p>Meilleur prix garanti !<br \/>\nTrouvez moins cher et nous \u00e9galiserons le prix !<\/p>","protected":false},"excerpt":{"rendered":"<p>Tailles : Small &#8211; XLarge (Adultes) et Small &#8211; Large (Enfants)<\/p>","protected":false},"featured_media":6066,"template":"","meta":[],"product_cat":[690],"product_tag":[],"class_list":{"0":"post-6065","1":"product","2":"type-product","3":"status-publish","4":"has-post-thumbnail","6":"product_cat-gant","8":"first","9":"instock","10":"taxable","11":"shipping-taxable","12":"purchasable","13":"product-type-simple"},"_links":{"self":[{"href":"https:\/\/www.maniaquedistribution.com\/en\/wp-json\/wp\/v2\/product\/6065","targetHints":{"allow":["GET"]}}],"collection":[{"href":"https:\/\/www.maniaquedistribution.com\/en\/wp-json\/wp\/v2\/product"}],"about":[{"href":"https:\/\/www.maniaquedistribution.com\/en\/wp-json\/wp\/v2\/types\/product"}],"wp:featuredmedia":[{"embeddable":true,"href":"https:\/\/www.maniaquedistribution.com\/en\/wp-json\/wp\/v2\/media\/6066"}],"wp:attachment":[{"href":"https:\/\/www.maniaquedistribution.com\/en\/wp-json\/wp\/v2\/media?parent=6065"}],"wp:term":[{"taxonomy":"product_cat","embeddable":true,"href":"https:\/\/www.maniaquedistribution.com\/en\/wp-json\/wp\/v2\/product_cat?post=6065"},{"taxonomy":"product_tag","embeddable":true,"href":"https:\/\/www.maniaquedistribution.com\/en\/wp-json\/wp\/v2\/product_tag?post=6065"}],"curies":[{"name":"wp","href":"https:\/\/api.w.org\/{rel}","templated":true}]}}