{"id":6074,"date":"2023-08-10T22:02:49","date_gmt":"2023-08-10T20:02:49","guid":{"rendered":"https:\/\/www.maniaquedistribution.com\/?post_type=product&#038;p=6074"},"modified":"2023-08-11T17:16:45","modified_gmt":"2023-08-11T15:16:45","slug":"phx-helios-noir","status":"publish","type":"product","link":"https:\/\/www.maniaquedistribution.com\/en\/product\/phx-helios-noir\/","title":{"rendered":"PHX Helios (Noir) (Enfants et adultes)"},"content":{"rendered":"<p>Les nouveaux gants PHX offrent un design de performance assurant une dext\u00e9rit\u00e9 et une durabilit\u00e9 incomparables.<\/p>\n<p>Meilleur prix garanti !<br \/>\nTrouvez moins cher et nous \u00e9galiserons le prix !<\/p>","protected":false},"excerpt":{"rendered":"<p>Tailles : Small &#8211; XLarge (Adultes) et Small &#8211; Large (Enfants)<\/p>","protected":false},"featured_media":6075,"template":"","meta":[],"product_cat":[690],"product_tag":[],"class_list":{"0":"post-6074","1":"product","2":"type-product","3":"status-publish","4":"has-post-thumbnail","6":"product_cat-gant","8":"first","9":"instock","10":"taxable","11":"shipping-taxable","12":"purchasable","13":"product-type-simple"},"_links":{"self":[{"href":"https:\/\/www.maniaquedistribution.com\/en\/wp-json\/wp\/v2\/product\/6074","targetHints":{"allow":["GET"]}}],"collection":[{"href":"https:\/\/www.maniaquedistribution.com\/en\/wp-json\/wp\/v2\/product"}],"about":[{"href":"https:\/\/www.maniaquedistribution.com\/en\/wp-json\/wp\/v2\/types\/product"}],"wp:featuredmedia":[{"embeddable":true,"href":"https:\/\/www.maniaquedistribution.com\/en\/wp-json\/wp\/v2\/media\/6075"}],"wp:attachment":[{"href":"https:\/\/www.maniaquedistribution.com\/en\/wp-json\/wp\/v2\/media?parent=6074"}],"wp:term":[{"taxonomy":"product_cat","embeddable":true,"href":"https:\/\/www.maniaquedistribution.com\/en\/wp-json\/wp\/v2\/product_cat?post=6074"},{"taxonomy":"product_tag","embeddable":true,"href":"https:\/\/www.maniaquedistribution.com\/en\/wp-json\/wp\/v2\/product_tag?post=6074"}],"curies":[{"name":"wp","href":"https:\/\/api.w.org\/{rel}","templated":true}]}}