{"id":6122,"date":"2023-08-10T23:40:08","date_gmt":"2023-08-10T21:40:08","guid":{"rendered":"https:\/\/www.maniaquedistribution.com\/?post_type=product&#038;p=6122"},"modified":"2025-12-11T18:28:49","modified_gmt":"2025-12-11T17:28:49","slug":"cyclone-pour-enfants","status":"publish","type":"product","link":"https:\/\/www.maniaquedistribution.com\/en\/product\/cyclone-pour-enfants\/","title":{"rendered":"Cyclone pour enfants"},"content":{"rendered":"<p>Les nouveaux casques PHX offrent un design l\u00e9ger et durable offrant une s\u00e9curit\u00e9 in\u00e9gal\u00e9e.<\/p>\n<p>Meilleur prix garanti !<br \/>\nTrouvez moins cher et nous \u00e9galiserons le prix !<\/p>","protected":false},"excerpt":{"rendered":"<p>Tailles: S &#8211; L<\/p>","protected":false},"featured_media":6123,"template":"","meta":[],"product_cat":[686],"product_tag":[],"class_list":{"0":"post-6122","1":"product","2":"type-product","3":"status-publish","4":"has-post-thumbnail","6":"product_cat-full-face","8":"first","9":"instock","10":"sale","11":"taxable","12":"shipping-taxable","13":"purchasable","14":"product-type-simple"},"_links":{"self":[{"href":"https:\/\/www.maniaquedistribution.com\/en\/wp-json\/wp\/v2\/product\/6122","targetHints":{"allow":["GET"]}}],"collection":[{"href":"https:\/\/www.maniaquedistribution.com\/en\/wp-json\/wp\/v2\/product"}],"about":[{"href":"https:\/\/www.maniaquedistribution.com\/en\/wp-json\/wp\/v2\/types\/product"}],"wp:featuredmedia":[{"embeddable":true,"href":"https:\/\/www.maniaquedistribution.com\/en\/wp-json\/wp\/v2\/media\/6123"}],"wp:attachment":[{"href":"https:\/\/www.maniaquedistribution.com\/en\/wp-json\/wp\/v2\/media?parent=6122"}],"wp:term":[{"taxonomy":"product_cat","embeddable":true,"href":"https:\/\/www.maniaquedistribution.com\/en\/wp-json\/wp\/v2\/product_cat?post=6122"},{"taxonomy":"product_tag","embeddable":true,"href":"https:\/\/www.maniaquedistribution.com\/en\/wp-json\/wp\/v2\/product_tag?post=6122"}],"curies":[{"name":"wp","href":"https:\/\/api.w.org\/{rel}","templated":true}]}}