{"id":6141,"date":"2023-08-10T23:43:18","date_gmt":"2023-08-10T21:43:18","guid":{"rendered":"https:\/\/www.maniaquedistribution.com\/?post_type=product&#038;p=6141"},"modified":"2023-08-18T17:23:51","modified_gmt":"2023-08-18T15:23:51","slug":"drift","status":"publish","type":"product","link":"https:\/\/www.maniaquedistribution.com\/en\/product\/drift\/","title":{"rendered":"Drift"},"content":{"rendered":"<p>Les nouveaux casques PHX offrent un design l\u00e9ger et durable offrant une s\u00e9curit\u00e9 in\u00e9gal\u00e9e.<\/p>\n<p>Meilleur prix garanti !<br \/>\nTrouvez moins cher et nous \u00e9galiserons le prix !<\/p>","protected":false},"excerpt":{"rendered":"<p>Tailles: S &#8211; XXL<\/p>","protected":false},"featured_media":6142,"template":"","meta":[],"product_cat":[687],"product_tag":[],"class_list":{"0":"post-6141","1":"product","2":"type-product","3":"status-publish","4":"has-post-thumbnail","6":"product_cat-motocross","8":"first","9":"instock","10":"taxable","11":"shipping-taxable","12":"purchasable","13":"product-type-simple"},"_links":{"self":[{"href":"https:\/\/www.maniaquedistribution.com\/en\/wp-json\/wp\/v2\/product\/6141","targetHints":{"allow":["GET"]}}],"collection":[{"href":"https:\/\/www.maniaquedistribution.com\/en\/wp-json\/wp\/v2\/product"}],"about":[{"href":"https:\/\/www.maniaquedistribution.com\/en\/wp-json\/wp\/v2\/types\/product"}],"wp:featuredmedia":[{"embeddable":true,"href":"https:\/\/www.maniaquedistribution.com\/en\/wp-json\/wp\/v2\/media\/6142"}],"wp:attachment":[{"href":"https:\/\/www.maniaquedistribution.com\/en\/wp-json\/wp\/v2\/media?parent=6141"}],"wp:term":[{"taxonomy":"product_cat","embeddable":true,"href":"https:\/\/www.maniaquedistribution.com\/en\/wp-json\/wp\/v2\/product_cat?post=6141"},{"taxonomy":"product_tag","embeddable":true,"href":"https:\/\/www.maniaquedistribution.com\/en\/wp-json\/wp\/v2\/product_tag?post=6141"}],"curies":[{"name":"wp","href":"https:\/\/api.w.org\/{rel}","templated":true}]}}