{"id":6175,"date":"2023-08-11T14:50:52","date_gmt":"2023-08-11T12:50:52","guid":{"rendered":"https:\/\/www.maniaquedistribution.com\/?post_type=product&#038;p=6175"},"modified":"2025-12-11T18:26:03","modified_gmt":"2025-12-11T17:26:03","slug":"shot-race-2","status":"publish","type":"product","link":"https:\/\/www.maniaquedistribution.com\/en\/product\/shot-race-2\/","title":{"rendered":"Shot Race 2"},"content":{"rendered":"<p>Les bottes Shot Race 2 offre un design premium l\u00e9ger et resistant assurant une mobilit\u00e9 de mouvement et un confort in\u00e9gal\u00e9s.<\/p>\n<p>Meilleur prix garanti !<br \/>\nTrouvez moins cher et nous \u00e9galiserons le prix !<\/p>","protected":false},"excerpt":{"rendered":"<p>Les bottes Shot Race 2 offre un design premium l\u00e9ger et resistant assurant une mobilit\u00e9 de mouvement et un confort in\u00e9gal\u00e9s. Meilleur prix garanti ! Trouvez moins cher et nous \u00e9galiserons le prix !<\/p>","protected":false},"featured_media":6186,"template":"","meta":[],"product_cat":[691],"product_tag":[],"class_list":{"0":"post-6175","1":"product","2":"type-product","3":"status-publish","4":"has-post-thumbnail","6":"product_cat-botte","8":"first","9":"instock","10":"taxable","11":"shipping-taxable","12":"purchasable","13":"product-type-simple"},"_links":{"self":[{"href":"https:\/\/www.maniaquedistribution.com\/en\/wp-json\/wp\/v2\/product\/6175","targetHints":{"allow":["GET"]}}],"collection":[{"href":"https:\/\/www.maniaquedistribution.com\/en\/wp-json\/wp\/v2\/product"}],"about":[{"href":"https:\/\/www.maniaquedistribution.com\/en\/wp-json\/wp\/v2\/types\/product"}],"wp:featuredmedia":[{"embeddable":true,"href":"https:\/\/www.maniaquedistribution.com\/en\/wp-json\/wp\/v2\/media\/6186"}],"wp:attachment":[{"href":"https:\/\/www.maniaquedistribution.com\/en\/wp-json\/wp\/v2\/media?parent=6175"}],"wp:term":[{"taxonomy":"product_cat","embeddable":true,"href":"https:\/\/www.maniaquedistribution.com\/en\/wp-json\/wp\/v2\/product_cat?post=6175"},{"taxonomy":"product_tag","embeddable":true,"href":"https:\/\/www.maniaquedistribution.com\/en\/wp-json\/wp\/v2\/product_tag?post=6175"}],"curies":[{"name":"wp","href":"https:\/\/api.w.org\/{rel}","templated":true}]}}