{"id":6263,"date":"2023-08-17T23:48:18","date_gmt":"2023-08-17T21:48:18","guid":{"rendered":"https:\/\/www.maniaquedistribution.com\/?post_type=product&#038;p=6263"},"modified":"2025-10-08T16:24:17","modified_gmt":"2025-10-08T14:24:17","slug":"equinoxe-taxi","status":"publish","type":"product","link":"https:\/\/www.maniaquedistribution.com\/en\/product\/equinoxe-taxi\/","title":{"rendered":"EQUINOXE TAXI 50CC 2024"},"content":{"rendered":"<p>Le Equinoxe Taxi est un tout nouveau scooter avec un design unique et une qualit\u00e9 in\u00e9gal\u00e9e. Facile \u00e0 conduire et offrant une faible consommation d&#8217;essence de 2,5L\/100km, ce scooter est la mani\u00e8re parfaite pour se d\u00e9placer !<\/p>\n<p>&nbsp;<\/p>\n<p>CARACTERISTIQUES \/ SPECS<br \/>\nMoteur \/ Engine :\u00a04 temps \/ 4 stroke<br \/>\nCylindr\u00e9e \/ Displacement :\u00a0\u00a050cc<br \/>\nAllumage \/ Ignition :\u00a0CDI<br \/>\nCompression :\u00a010.3 : 1<br \/>\nBatterie \/ Battery :\u00a012 V \/ 6AH<br \/>\nTransmission :\u00a0CVT<br \/>\nFrein avant \/ Front brake :\u00a0Disque \/ Disk<br \/>\nFrein arri\u00e8re \/ Rear brake :\u00a0Tambour \/ Drum<br \/>\nPneu avant \/ Front tire :\u00a03.50-10<br \/>\nPneu arri\u00e8re \/ Rear tire :\u00a03.50-10<br \/>\nEmpattement \/ Wheelbase :\u00a0\u00a01250mm<br \/>\nGarde au sol \/ Ground clearance :\u00a0\u00a0155mm<br \/>\nLongueur \/ Lenght :\u00a0\u00a01750mm<br \/>\nHauteur de la selle \/ Seat height :\u00a0742\u00a0mm<br \/>\nPoids total permis \/ Maximum load :\u00a0170\u00a0kg<br \/>\nR\u00e9servoir d&#8217;essence \/ Fuel tank volume :\u00a0 4.5L<br \/>\nR\u00e9servoir d&#8217;huile \/ Oil capacity :\u00a0750 ml<br \/>\nPoids \u00e0 sec \/ Dry weight :\u00a0125\u00a0\u00a0kg<br \/>\nBougie \/ Sparkplug :\u00a0NGK C7HSA<br \/>\nL \/ 100 km :\u00a02.5<br \/>\nVitesse \/ Top speed :\u00a0\u00a060 Km\/h<br \/>\nCouleurs :&#8230;NOIR..M\u00c2T<br \/>\nColors :\u00a0 MAT BLACK<\/p>\n<p>&nbsp;<\/p>\n<p>Montage inclus<\/p>\n<p class=\"p1\">Meilleur prix garanti !<\/p>\n<p class=\"p1\">Trouvez moins cher et nous \u00e9galiserons le prix !<\/p>","protected":false},"excerpt":{"rendered":"<p>Marque: Equinoxe<\/p>\n<p>Mod\u00e8le: Taxi<\/p>\n<p>Moteur: 4 temps<\/p>\n<p>Cylindr\u00e9e: 50cc<\/p>","protected":false},"featured_media":6264,"template":"","meta":[],"product_cat":[693],"product_tag":[],"class_list":{"0":"post-6263","1":"product","2":"type-product","3":"status-publish","4":"has-post-thumbnail","6":"product_cat-scooter","8":"first","9":"instock","10":"taxable","11":"shipping-taxable","12":"purchasable","13":"product-type-simple"},"_links":{"self":[{"href":"https:\/\/www.maniaquedistribution.com\/en\/wp-json\/wp\/v2\/product\/6263","targetHints":{"allow":["GET"]}}],"collection":[{"href":"https:\/\/www.maniaquedistribution.com\/en\/wp-json\/wp\/v2\/product"}],"about":[{"href":"https:\/\/www.maniaquedistribution.com\/en\/wp-json\/wp\/v2\/types\/product"}],"wp:featuredmedia":[{"embeddable":true,"href":"https:\/\/www.maniaquedistribution.com\/en\/wp-json\/wp\/v2\/media\/6264"}],"wp:attachment":[{"href":"https:\/\/www.maniaquedistribution.com\/en\/wp-json\/wp\/v2\/media?parent=6263"}],"wp:term":[{"taxonomy":"product_cat","embeddable":true,"href":"https:\/\/www.maniaquedistribution.com\/en\/wp-json\/wp\/v2\/product_cat?post=6263"},{"taxonomy":"product_tag","embeddable":true,"href":"https:\/\/www.maniaquedistribution.com\/en\/wp-json\/wp\/v2\/product_tag?post=6263"}],"curies":[{"name":"wp","href":"https:\/\/api.w.org\/{rel}","templated":true}]}}