{"id":6406,"date":"2024-07-24T15:16:52","date_gmt":"2024-07-24T13:16:52","guid":{"rendered":"https:\/\/www.maniaquedistribution.com\/?post_type=product&#038;p=6406"},"modified":"2025-04-22T09:10:32","modified_gmt":"2025-04-22T07:10:32","slug":"excavatrice-28-0-8t-little-beaver","status":"publish","type":"product","link":"https:\/\/www.maniaquedistribution.com\/en\/product\/excavatrice-28-0-8t-little-beaver\/","title":{"rendered":"Excavatrice 28&#8243;- 0.8T Little beaver"},"content":{"rendered":"<p>Num\u00e9ro d\u2019article. DUEEXCAV-28<\/p>\n<p>Poids op\u00e9rationnel 562 kg<\/p>\n<p>Moteur 306 cm3 , essence<\/p>\n<p>D\u00e9marrage Interrupteur de d\u00e9marrage \u00e0 cl\u00e9 et arr\u00eat<\/p>\n<p>Vitesse de balancement 9.3 rpm<\/p>\n<p>Vitesse de voyage 1.7 km\/h<\/p>\n<p>Capacit\u00e9 de pente 15\u00b0<\/p>\n<p>Pression de contact au sol 26.5 kPa (0.27 kgf\/cm3 )<\/p>\n<p>Type de patin de chenille Chenille en caoutchouc<\/p>\n<p>Capacit\u00e9 de la pompe 9&#215;2 L\/min<\/p>\n<p>R\u00e9servoir hydraulique 12 L<\/p>\n<p>Pression hydraulique 17.5 Mpa<\/p>\n<p>Frein \u00e0 main Type de verrouillage hydraulique<\/p>\n<p>Niveau de pression sonore au poste de conduite (LpA) 82.5dB, K=4dB<\/p>\n<p>&nbsp;<\/p>\n<div class=\"container bg-white mt-5\">\n<div class=\"woocommerce-tabs wc-tabs-wrapper\">\n<div id=\"tab-description\" class=\"woocommerce-Tabs-panel woocommerce-Tabs-panel--description panel entry-content wc-tab\" role=\"tabpanel\" aria-labelledby=\"tab-title-description\">\n<p>Montage inclus<\/p>\n<p class=\"p1\">Meilleur prix garanti !<\/p>\n<p class=\"p1\">Trouvez moins cher et nous \u00e9galiserons le prix !<\/p>\n<\/div>\n<\/div>\n<\/div>\n<div class=\"container bg-white mt-5\"><\/div>","protected":false},"excerpt":{"rendered":"<p>Marque: Ducar<\/p>\n<p>Type: Excavatrice<\/p>\n<p>No. de produit\u00a0: DUEEXCAV-28<\/p>","protected":false},"featured_media":6407,"template":"","meta":[],"product_cat":[44,698],"product_tag":[],"class_list":{"0":"post-6406","1":"product","2":"type-product","3":"status-publish","4":"has-post-thumbnail","6":"product_cat-ducar-machinerie","7":"product_cat-excavatrice","9":"first","10":"instock","11":"taxable","12":"shipping-taxable","13":"purchasable","14":"product-type-simple"},"_links":{"self":[{"href":"https:\/\/www.maniaquedistribution.com\/en\/wp-json\/wp\/v2\/product\/6406","targetHints":{"allow":["GET"]}}],"collection":[{"href":"https:\/\/www.maniaquedistribution.com\/en\/wp-json\/wp\/v2\/product"}],"about":[{"href":"https:\/\/www.maniaquedistribution.com\/en\/wp-json\/wp\/v2\/types\/product"}],"wp:featuredmedia":[{"embeddable":true,"href":"https:\/\/www.maniaquedistribution.com\/en\/wp-json\/wp\/v2\/media\/6407"}],"wp:attachment":[{"href":"https:\/\/www.maniaquedistribution.com\/en\/wp-json\/wp\/v2\/media?parent=6406"}],"wp:term":[{"taxonomy":"product_cat","embeddable":true,"href":"https:\/\/www.maniaquedistribution.com\/en\/wp-json\/wp\/v2\/product_cat?post=6406"},{"taxonomy":"product_tag","embeddable":true,"href":"https:\/\/www.maniaquedistribution.com\/en\/wp-json\/wp\/v2\/product_tag?post=6406"}],"curies":[{"name":"wp","href":"https:\/\/api.w.org\/{rel}","templated":true}]}}