{"id":6410,"date":"2024-07-24T15:43:48","date_gmt":"2024-07-24T13:43:48","guid":{"rendered":"https:\/\/www.maniaquedistribution.com\/?post_type=product&#038;p=6410"},"modified":"2024-07-24T16:28:05","modified_gmt":"2024-07-24T14:28:05","slug":"raptor-200","status":"publish","type":"product","link":"https:\/\/www.maniaquedistribution.com\/en\/product\/raptor-200\/","title":{"rendered":"Raptor 200"},"content":{"rendered":"<div class=\"fl-module fl-module-pp-table fl-node-5d702dc7bddca\" data-node=\"5d702dc7bddca\">\n<div class=\"fl-module-content fl-node-content\">\n<div class=\"pp-table-wrap\">\n<p>Le Tao Raptor 200 est un VTT utilitaire de taille adulte avec la s\u00e9curit\u00e9 \u00e0 l\u2019esprit. La polyvalence et l\u2019utilit\u00e9 en disent long. Le Raptor peut \u00eatre utilis\u00e9 pour travailler dans un ranch ou sur vos sentiers pr\u00e9f\u00e9r\u00e9s. L\u2019entra\u00eenement par courroie CVT enti\u00e8rement automatique est simple pour tous les niveaux de comp\u00e9tence. Les grands porte-bagages offrent un espace suppl\u00e9mentaire pour tous les articles que vous souhaitez apporter, et le puissant moteur 4 temps de 200cc peut vous emmener l\u00e0 o\u00f9 vous devez aller. Avec des lumi\u00e8res LED, un grand \u00e9cran num\u00e9rique et des freins \u00e0 disque avant et arri\u00e8re, ce VTT offre tout cela \u00e0 un prix abordable et une excellente fiabilit\u00e9.<\/p>\n<table class=\"pp-table-5d702dc7bddca pp-table-content tablesaw\" data-tablesaw-minimap=\"\">\n<thead>\n<tr>\n<th id=\"pp-table-col-1\" class=\"pp-table-col\" scope=\"col\" data-tablesaw-sortable-col=\"\"><span class=\"pp-table-header-inner\"><span class=\"pp-table-header-text\">ENGINE<\/span><\/span><\/th>\n<\/tr>\n<\/thead>\n<tbody>\n<tr class=\"pp-table-row odd\" data-row-index=\"1\">\n<td>Engine Type<\/td>\n<td>169cc, Air Cooled, 4-stroke, single cylinder, automatic<\/td>\n<\/tr>\n<tr class=\"pp-table-row even\" data-row-index=\"2\">\n<td>Start Type<\/td>\n<td>Electric Start<\/td>\n<\/tr>\n<tr class=\"pp-table-row odd\" data-row-index=\"3\">\n<td>Transmission<\/td>\n<td>Chain Drive<\/td>\n<\/tr>\n<tr class=\"pp-table-row even\" data-row-index=\"4\">\n<td>Engine Gear<\/td>\n<td>D-N-R CVT Belt Drive<\/td>\n<\/tr>\n<tr class=\"pp-table-row odd\" data-row-index=\"5\">\n<td>Shift Gear<\/td>\n<td>Hand<\/td>\n<\/tr>\n<tr class=\"pp-table-row even\" data-row-index=\"6\">\n<td>Ignition<\/td>\n<td>CDI<\/td>\n<\/tr>\n<tr class=\"pp-table-row odd\" data-row-index=\"7\">\n<td>Fuel Tank Capacity<\/td>\n<td>1.3 Gallons<\/td>\n<\/tr>\n<\/tbody>\n<\/table>\n<\/div>\n<\/div>\n<\/div>\n<div class=\"fl-module fl-module-pp-table fl-node-5d70305406c94\" data-node=\"5d70305406c94\">\n<div class=\"fl-module-content fl-node-content\">\n<div class=\"pp-table-wrap\">\n<table class=\"pp-table-5d70305406c94 pp-table-content tablesaw\" data-tablesaw-minimap=\"\">\n<thead>\n<tr>\n<th id=\"pp-table-col-1\" class=\"pp-table-col\" scope=\"col\" data-tablesaw-sortable-col=\"\"><span class=\"pp-table-header-inner\"><span class=\"pp-table-header-text\">CHASSIS<\/span><\/span><\/th>\n<\/tr>\n<\/thead>\n<tbody>\n<tr class=\"pp-table-row odd\" data-row-index=\"1\">\n<td>Front Hand Brake<\/td>\n<td>Hydraulic Disc<\/td>\n<\/tr>\n<tr class=\"pp-table-row even\" data-row-index=\"2\">\n<td>Rear Foot Brake<\/td>\n<td>Hydraulic Disc<\/td>\n<\/tr>\n<tr class=\"pp-table-row odd\" data-row-index=\"3\">\n<td>Tire Front<\/td>\n<td>23&#215;7-10<\/td>\n<\/tr>\n<tr class=\"pp-table-row even\" data-row-index=\"4\">\n<td>Tire Rear<\/td>\n<td>22&#215;10-10<\/td>\n<\/tr>\n<tr class=\"pp-table-row odd\" data-row-index=\"5\">\n<td>Remote Control<\/td>\n<td>No<\/td>\n<\/tr>\n<tr class=\"pp-table-row even\" data-row-index=\"6\">\n<td>Speed Limiter<\/td>\n<td>Yes<\/td>\n<\/tr>\n<tr class=\"pp-table-row odd\" data-row-index=\"7\">\n<td>Engine kill switch<\/td>\n<td>Yes<\/td>\n<\/tr>\n<tr class=\"pp-table-row even\" data-row-index=\"8\">\n<td>LED Headlights<\/td>\n<td>Yes<\/td>\n<\/tr>\n<\/tbody>\n<\/table>\n<\/div>\n<\/div>\n<\/div>\n<div class=\"fl-module fl-module-pp-table fl-node-5d70310ab3a9c\" data-node=\"5d70310ab3a9c\">\n<div class=\"fl-module-content fl-node-content\">\n<div class=\"pp-table-wrap\">\n<table class=\"pp-table-5d70310ab3a9c pp-table-content tablesaw\" data-tablesaw-minimap=\"\">\n<thead>\n<tr>\n<th id=\"pp-table-col-1\" class=\"pp-table-col\" scope=\"col\" data-tablesaw-sortable-col=\"\"><span class=\"pp-table-header-inner\"><span class=\"pp-table-header-text\">DIMENSION<\/span><\/span><\/th>\n<\/tr>\n<\/thead>\n<tbody>\n<tr class=\"pp-table-row odd\" data-row-index=\"1\">\n<td>Seat Height<\/td>\n<td>32.28 inches<\/td>\n<\/tr>\n<tr class=\"pp-table-row even\" data-row-index=\"2\">\n<td>Ground Clearance<\/td>\n<td>5 inches<\/td>\n<\/tr>\n<tr class=\"pp-table-row odd\" data-row-index=\"3\">\n<td>Wheelbase<\/td>\n<td>48 inches<\/td>\n<\/tr>\n<tr class=\"pp-table-row even\" data-row-index=\"4\">\n<td>Battery<\/td>\n<td>12V\/9Ah<\/td>\n<\/tr>\n<tr class=\"pp-table-row odd\" data-row-index=\"5\">\n<td>Unassembled Crated Weight<\/td>\n<td>479 LBS<\/td>\n<\/tr>\n<tr class=\"pp-table-row even\" data-row-index=\"6\">\n<td>Assembled Weight Without Fuel<\/td>\n<td>386 LBS<\/td>\n<\/tr>\n<tr class=\"pp-table-row odd\" data-row-index=\"7\">\n<td>Overall Size LxWxH<\/td>\n<td>73 x 42 x 44 inches<\/td>\n<\/tr>\n<tr class=\"pp-table-row even\" data-row-index=\"8\">\n<td>Carton Size<\/td>\n<td>65 x 44 x 31 inches<\/td>\n<\/tr>\n<\/tbody>\n<\/table>\n<p class=\"p1\">Montage inclus<\/p>\n<p class=\"p1\">Meilleur prix garanti !<\/p>\n<p class=\"p1\">Trouvez moins cher et nous \u00e9galiserons le prix !<\/p>\n<\/div>\n<\/div>\n<\/div>","protected":false},"excerpt":{"rendered":"<p>Marque\u00a0: Tao<\/p>\n<p>Cylindre : 200cc<\/p>\n<p>Moteur\u00a0: Moteur \u00e0 essence 4 temps<\/p>\n<p>Mise en route : D\u00e9marreur \u00e9lectrique<\/p>\n<p>Transmission : Automatique<\/p>","protected":false},"featured_media":6411,"template":"","meta":[],"product_cat":[517,683],"product_tag":[],"class_list":{"0":"post-6410","1":"product","2":"type-product","3":"status-publish","4":"has-post-thumbnail","6":"product_cat-taotao","7":"product_cat-tao-vtt","9":"first","10":"instock","11":"taxable","12":"shipping-taxable","13":"purchasable","14":"product-type-simple"},"_links":{"self":[{"href":"https:\/\/www.maniaquedistribution.com\/en\/wp-json\/wp\/v2\/product\/6410","targetHints":{"allow":["GET"]}}],"collection":[{"href":"https:\/\/www.maniaquedistribution.com\/en\/wp-json\/wp\/v2\/product"}],"about":[{"href":"https:\/\/www.maniaquedistribution.com\/en\/wp-json\/wp\/v2\/types\/product"}],"wp:featuredmedia":[{"embeddable":true,"href":"https:\/\/www.maniaquedistribution.com\/en\/wp-json\/wp\/v2\/media\/6411"}],"wp:attachment":[{"href":"https:\/\/www.maniaquedistribution.com\/en\/wp-json\/wp\/v2\/media?parent=6410"}],"wp:term":[{"taxonomy":"product_cat","embeddable":true,"href":"https:\/\/www.maniaquedistribution.com\/en\/wp-json\/wp\/v2\/product_cat?post=6410"},{"taxonomy":"product_tag","embeddable":true,"href":"https:\/\/www.maniaquedistribution.com\/en\/wp-json\/wp\/v2\/product_tag?post=6410"}],"curies":[{"name":"wp","href":"https:\/\/api.w.org\/{rel}","templated":true}]}}