{"id":6466,"date":"2024-07-24T17:19:14","date_gmt":"2024-07-24T15:19:14","guid":{"rendered":"https:\/\/www.maniaquedistribution.com\/?post_type=product&#038;p=6466"},"modified":"2024-07-24T17:23:06","modified_gmt":"2024-07-24T15:23:06","slug":"gx2","status":"publish","type":"product","link":"https:\/\/www.maniaquedistribution.com\/en\/product\/gx2\/","title":{"rendered":"GX2"},"content":{"rendered":"<p>La trottinette \u00e9lectrique Gotrax GX2 est \u00e9quip\u00e9e d&#8217;un moteur double 800W assurant une autonomie in\u00e9gal\u00e9e de 64km par charge avec une vitesse de 56km\/h. Avec sa suspension de derni\u00e8re g\u00e9n\u00e9ration, ses pneus 10po et ses freins avant et arri\u00e8re, vos trajets se feront avec s\u00e9curit\u00e9 et confort !<\/p>\n<p>Montage inclus<br \/>\nMeilleur prix garanti !<br \/>\nTrouvez moins cher et nous \u00e9galiserons le prix !<\/p>","protected":false},"excerpt":{"rendered":"<p>Marque: Gotrax<\/p>\n<p>Moteur: 800W double<\/p>","protected":false},"featured_media":6467,"template":"","meta":[],"product_cat":[679,675],"product_tag":[],"class_list":{"0":"post-6466","1":"product","2":"type-product","3":"status-publish","4":"has-post-thumbnail","6":"product_cat-gotrax-trotinette","7":"product_cat-trottinette","9":"first","10":"instock","11":"taxable","12":"shipping-taxable","13":"purchasable","14":"product-type-simple"},"_links":{"self":[{"href":"https:\/\/www.maniaquedistribution.com\/en\/wp-json\/wp\/v2\/product\/6466","targetHints":{"allow":["GET"]}}],"collection":[{"href":"https:\/\/www.maniaquedistribution.com\/en\/wp-json\/wp\/v2\/product"}],"about":[{"href":"https:\/\/www.maniaquedistribution.com\/en\/wp-json\/wp\/v2\/types\/product"}],"wp:featuredmedia":[{"embeddable":true,"href":"https:\/\/www.maniaquedistribution.com\/en\/wp-json\/wp\/v2\/media\/6467"}],"wp:attachment":[{"href":"https:\/\/www.maniaquedistribution.com\/en\/wp-json\/wp\/v2\/media?parent=6466"}],"wp:term":[{"taxonomy":"product_cat","embeddable":true,"href":"https:\/\/www.maniaquedistribution.com\/en\/wp-json\/wp\/v2\/product_cat?post=6466"},{"taxonomy":"product_tag","embeddable":true,"href":"https:\/\/www.maniaquedistribution.com\/en\/wp-json\/wp\/v2\/product_tag?post=6466"}],"curies":[{"name":"wp","href":"https:\/\/api.w.org\/{rel}","templated":true}]}}