{"id":6869,"date":"2025-10-08T23:53:46","date_gmt":"2025-10-08T21:53:46","guid":{"rendered":"https:\/\/www.maniaquedistribution.com\/?post_type=product&#038;p=6869"},"modified":"2025-10-10T23:59:03","modified_gmt":"2025-10-10T21:59:03","slug":"souffleuse-21-moteur-ducar-212c","status":"publish","type":"product","link":"https:\/\/www.maniaquedistribution.com\/en\/product\/souffleuse-21-moteur-ducar-212c\/","title":{"rendered":"Souffleuse 21&#8243; a\/moteur Ducar 212cc"},"content":{"rendered":"<p><img loading=\"lazy\" decoding=\"async\" class=\"alignnone size-medium wp-image-6870\" src=\"https:\/\/www.maniaquedistribution.com\/wp-content\/uploads\/2025\/10\/57424-tall-300x216.jpeg\" alt=\"\" width=\"300\" height=\"216\" srcset=\"https:\/\/www.maniaquedistribution.com\/wp-content\/uploads\/2025\/10\/57424-tall-300x216.jpeg 300w, https:\/\/www.maniaquedistribution.com\/wp-content\/uploads\/2025\/10\/57424-tall-768x552.jpeg 768w, https:\/\/www.maniaquedistribution.com\/wp-content\/uploads\/2025\/10\/57424-tall-18x12.jpeg 18w, https:\/\/www.maniaquedistribution.com\/wp-content\/uploads\/2025\/10\/57424-tall-360x260.jpeg 360w, https:\/\/www.maniaquedistribution.com\/wp-content\/uploads\/2025\/10\/57424-tall-600x431.jpeg 600w, https:\/\/www.maniaquedistribution.com\/wp-content\/uploads\/2025\/10\/57424-tall.jpeg 1000w\" sizes=\"auto, (max-width: 300px) 100vw, 300px\" \/> <img loading=\"lazy\" decoding=\"async\" class=\"alignnone size-medium wp-image-6876\" src=\"https:\/\/www.maniaquedistribution.com\/wp-content\/uploads\/2025\/10\/57417-tall-1-300x216.jpeg\" alt=\"\" width=\"300\" height=\"216\" srcset=\"https:\/\/www.maniaquedistribution.com\/wp-content\/uploads\/2025\/10\/57417-tall-1-300x216.jpeg 300w, https:\/\/www.maniaquedistribution.com\/wp-content\/uploads\/2025\/10\/57417-tall-1-768x552.jpeg 768w, https:\/\/www.maniaquedistribution.com\/wp-content\/uploads\/2025\/10\/57417-tall-1-18x12.jpeg 18w, https:\/\/www.maniaquedistribution.com\/wp-content\/uploads\/2025\/10\/57417-tall-1-360x260.jpeg 360w, https:\/\/www.maniaquedistribution.com\/wp-content\/uploads\/2025\/10\/57417-tall-1-600x431.jpeg 600w, https:\/\/www.maniaquedistribution.com\/wp-content\/uploads\/2025\/10\/57417-tall-1.jpeg 1000w\" sizes=\"auto, (max-width: 300px) 100vw, 300px\" \/> <img loading=\"lazy\" decoding=\"async\" class=\"alignnone size-medium wp-image-6877\" src=\"https:\/\/www.maniaquedistribution.com\/wp-content\/uploads\/2025\/10\/57419-tall-1-300x216.jpeg\" alt=\"\" width=\"300\" height=\"216\" srcset=\"https:\/\/www.maniaquedistribution.com\/wp-content\/uploads\/2025\/10\/57419-tall-1-300x216.jpeg 300w, https:\/\/www.maniaquedistribution.com\/wp-content\/uploads\/2025\/10\/57419-tall-1-768x552.jpeg 768w, https:\/\/www.maniaquedistribution.com\/wp-content\/uploads\/2025\/10\/57419-tall-1-18x12.jpeg 18w, https:\/\/www.maniaquedistribution.com\/wp-content\/uploads\/2025\/10\/57419-tall-1-360x260.jpeg 360w, https:\/\/www.maniaquedistribution.com\/wp-content\/uploads\/2025\/10\/57419-tall-1-600x431.jpeg 600w, https:\/\/www.maniaquedistribution.com\/wp-content\/uploads\/2025\/10\/57419-tall-1.jpeg 1000w\" sizes=\"auto, (max-width: 300px) 100vw, 300px\" \/> <img loading=\"lazy\" decoding=\"async\" class=\"alignnone size-medium wp-image-6878\" src=\"https:\/\/www.maniaquedistribution.com\/wp-content\/uploads\/2025\/10\/57422-tall-1-300x216.jpeg\" alt=\"\" width=\"300\" height=\"216\" srcset=\"https:\/\/www.maniaquedistribution.com\/wp-content\/uploads\/2025\/10\/57422-tall-1-300x216.jpeg 300w, https:\/\/www.maniaquedistribution.com\/wp-content\/uploads\/2025\/10\/57422-tall-1-768x552.jpeg 768w, https:\/\/www.maniaquedistribution.com\/wp-content\/uploads\/2025\/10\/57422-tall-1-18x12.jpeg 18w, https:\/\/www.maniaquedistribution.com\/wp-content\/uploads\/2025\/10\/57422-tall-1-360x260.jpeg 360w, https:\/\/www.maniaquedistribution.com\/wp-content\/uploads\/2025\/10\/57422-tall-1-600x431.jpeg 600w, https:\/\/www.maniaquedistribution.com\/wp-content\/uploads\/2025\/10\/57422-tall-1.jpeg 1000w\" sizes=\"auto, (max-width: 300px) 100vw, 300px\" \/><\/p>","protected":false},"excerpt":{"rendered":"<p>Type : Deux phases<\/p>\n<p>Largeur de travail : 21 po<\/p>\n<p>Moteur : Ducar 4 temps &#8211; 212cm3 \u00a0&#8211; 7 HP<\/p>\n<p>Entra\u00eenement : Disque friction &#8211; Vitesse 4 AV \/ 1 AR<\/p>\n<p>Poids : 139 Lb<\/p>\n<p>D\u00e9marrage : \u00c9lectrique + Lumi\u00e8re<\/p>\n<p>Patins r\u00e9glables et roues de 13 po x 4 po<\/p>\n<p>&nbsp;<\/p>\n<p>&nbsp;<\/p>","protected":false},"featured_media":6871,"template":"","meta":[],"product_cat":[707,44,708],"product_tag":[],"class_list":{"0":"post-6869","1":"product","2":"type-product","3":"status-publish","4":"has-post-thumbnail","6":"product_cat-ducar","7":"product_cat-ducar-machinerie","8":"product_cat-souffleuses-a-neige","10":"first","11":"instock","12":"taxable","13":"shipping-taxable","14":"purchasable","15":"product-type-simple"},"_links":{"self":[{"href":"https:\/\/www.maniaquedistribution.com\/en\/wp-json\/wp\/v2\/product\/6869","targetHints":{"allow":["GET"]}}],"collection":[{"href":"https:\/\/www.maniaquedistribution.com\/en\/wp-json\/wp\/v2\/product"}],"about":[{"href":"https:\/\/www.maniaquedistribution.com\/en\/wp-json\/wp\/v2\/types\/product"}],"wp:featuredmedia":[{"embeddable":true,"href":"https:\/\/www.maniaquedistribution.com\/en\/wp-json\/wp\/v2\/media\/6871"}],"wp:attachment":[{"href":"https:\/\/www.maniaquedistribution.com\/en\/wp-json\/wp\/v2\/media?parent=6869"}],"wp:term":[{"taxonomy":"product_cat","embeddable":true,"href":"https:\/\/www.maniaquedistribution.com\/en\/wp-json\/wp\/v2\/product_cat?post=6869"},{"taxonomy":"product_tag","embeddable":true,"href":"https:\/\/www.maniaquedistribution.com\/en\/wp-json\/wp\/v2\/product_tag?post=6869"}],"curies":[{"name":"wp","href":"https:\/\/api.w.org\/{rel}","templated":true}]}}