{"id":6889,"date":"2025-10-09T00:19:17","date_gmt":"2025-10-08T22:19:17","guid":{"rendered":"https:\/\/www.maniaquedistribution.com\/?post_type=product&#038;p=6889"},"modified":"2025-10-10T23:58:42","modified_gmt":"2025-10-10T21:58:42","slug":"souffleuse-28-moteur-loncin-252c","status":"publish","type":"product","link":"https:\/\/www.maniaquedistribution.com\/en\/product\/souffleuse-28-moteur-loncin-252c\/","title":{"rendered":"Souffleuse 28&#8243; moteur Loncin 252cc"},"content":{"rendered":"<p>Type : Deux phases<\/p>\n<p>Largeur de travail : 28 po<\/p>\n<p>Moteur : Loncin 4 temps &#8211; 252cm3 &#8211; 9 HP<\/p>\n<p>Entrainement : Disque friction &#8211; Vitesse 6 AV &#8211; 2 AR<\/p>\n<p>D\u00e9marrage : \u00c9lectrique et \u00e0 rappel<\/p>\n<p>Poids : 238 Lb<\/p>\n<p>Poign\u00e9es chauffantes et \u00e9clairage LED<\/p>\n<p>Syst\u00e8me de patins double ( m\u00e9tal \/ plastique ) et roues de 16 po X 4 po<\/p>","protected":false},"excerpt":{"rendered":"<p><img loading=\"lazy\" decoding=\"async\" class=\"alignnone size-medium wp-image-6891\" src=\"https:\/\/www.maniaquedistribution.com\/wp-content\/uploads\/2025\/10\/57614-tall-300x216.jpeg\" alt=\"\" width=\"300\" height=\"216\" srcset=\"https:\/\/www.maniaquedistribution.com\/wp-content\/uploads\/2025\/10\/57614-tall-300x216.jpeg 300w, https:\/\/www.maniaquedistribution.com\/wp-content\/uploads\/2025\/10\/57614-tall-768x552.jpeg 768w, https:\/\/www.maniaquedistribution.com\/wp-content\/uploads\/2025\/10\/57614-tall-18x12.jpeg 18w, https:\/\/www.maniaquedistribution.com\/wp-content\/uploads\/2025\/10\/57614-tall-360x260.jpeg 360w, https:\/\/www.maniaquedistribution.com\/wp-content\/uploads\/2025\/10\/57614-tall-600x431.jpeg 600w, https:\/\/www.maniaquedistribution.com\/wp-content\/uploads\/2025\/10\/57614-tall.jpeg 1000w\" sizes=\"auto, (max-width: 300px) 100vw, 300px\" \/> <img loading=\"lazy\" decoding=\"async\" class=\"alignnone size-medium wp-image-6892\" src=\"https:\/\/www.maniaquedistribution.com\/wp-content\/uploads\/2025\/10\/57615-tall-300x216.jpeg\" alt=\"\" width=\"300\" height=\"216\" srcset=\"https:\/\/www.maniaquedistribution.com\/wp-content\/uploads\/2025\/10\/57615-tall-300x216.jpeg 300w, https:\/\/www.maniaquedistribution.com\/wp-content\/uploads\/2025\/10\/57615-tall-768x552.jpeg 768w, https:\/\/www.maniaquedistribution.com\/wp-content\/uploads\/2025\/10\/57615-tall-18x12.jpeg 18w, https:\/\/www.maniaquedistribution.com\/wp-content\/uploads\/2025\/10\/57615-tall-360x260.jpeg 360w, https:\/\/www.maniaquedistribution.com\/wp-content\/uploads\/2025\/10\/57615-tall-600x431.jpeg 600w, https:\/\/www.maniaquedistribution.com\/wp-content\/uploads\/2025\/10\/57615-tall.jpeg 1000w\" sizes=\"auto, (max-width: 300px) 100vw, 300px\" \/> <img loading=\"lazy\" decoding=\"async\" class=\"alignnone size-medium wp-image-6893\" src=\"https:\/\/www.maniaquedistribution.com\/wp-content\/uploads\/2025\/10\/57617-tall-300x216.jpeg\" alt=\"\" width=\"300\" height=\"216\" srcset=\"https:\/\/www.maniaquedistribution.com\/wp-content\/uploads\/2025\/10\/57617-tall-300x216.jpeg 300w, https:\/\/www.maniaquedistribution.com\/wp-content\/uploads\/2025\/10\/57617-tall-768x552.jpeg 768w, https:\/\/www.maniaquedistribution.com\/wp-content\/uploads\/2025\/10\/57617-tall-18x12.jpeg 18w, https:\/\/www.maniaquedistribution.com\/wp-content\/uploads\/2025\/10\/57617-tall-360x260.jpeg 360w, https:\/\/www.maniaquedistribution.com\/wp-content\/uploads\/2025\/10\/57617-tall-600x431.jpeg 600w, https:\/\/www.maniaquedistribution.com\/wp-content\/uploads\/2025\/10\/57617-tall.jpeg 1000w\" sizes=\"auto, (max-width: 300px) 100vw, 300px\" \/> <img loading=\"lazy\" decoding=\"async\" class=\"alignnone size-medium wp-image-6894\" src=\"https:\/\/www.maniaquedistribution.com\/wp-content\/uploads\/2025\/10\/57620-tall-300x216.jpeg\" alt=\"\" width=\"300\" height=\"216\" srcset=\"https:\/\/www.maniaquedistribution.com\/wp-content\/uploads\/2025\/10\/57620-tall-300x216.jpeg 300w, https:\/\/www.maniaquedistribution.com\/wp-content\/uploads\/2025\/10\/57620-tall-768x552.jpeg 768w, https:\/\/www.maniaquedistribution.com\/wp-content\/uploads\/2025\/10\/57620-tall-18x12.jpeg 18w, https:\/\/www.maniaquedistribution.com\/wp-content\/uploads\/2025\/10\/57620-tall-360x260.jpeg 360w, https:\/\/www.maniaquedistribution.com\/wp-content\/uploads\/2025\/10\/57620-tall-600x431.jpeg 600w, https:\/\/www.maniaquedistribution.com\/wp-content\/uploads\/2025\/10\/57620-tall.jpeg 1000w\" sizes=\"auto, (max-width: 300px) 100vw, 300px\" \/><\/p>","protected":false},"featured_media":6890,"template":"","meta":[],"product_cat":[44,708],"product_tag":[],"class_list":{"0":"post-6889","1":"product","2":"type-product","3":"status-publish","4":"has-post-thumbnail","6":"product_cat-ducar-machinerie","7":"product_cat-souffleuses-a-neige","9":"first","10":"instock","11":"taxable","12":"shipping-taxable","13":"purchasable","14":"product-type-simple"},"_links":{"self":[{"href":"https:\/\/www.maniaquedistribution.com\/en\/wp-json\/wp\/v2\/product\/6889","targetHints":{"allow":["GET"]}}],"collection":[{"href":"https:\/\/www.maniaquedistribution.com\/en\/wp-json\/wp\/v2\/product"}],"about":[{"href":"https:\/\/www.maniaquedistribution.com\/en\/wp-json\/wp\/v2\/types\/product"}],"wp:featuredmedia":[{"embeddable":true,"href":"https:\/\/www.maniaquedistribution.com\/en\/wp-json\/wp\/v2\/media\/6890"}],"wp:attachment":[{"href":"https:\/\/www.maniaquedistribution.com\/en\/wp-json\/wp\/v2\/media?parent=6889"}],"wp:term":[{"taxonomy":"product_cat","embeddable":true,"href":"https:\/\/www.maniaquedistribution.com\/en\/wp-json\/wp\/v2\/product_cat?post=6889"},{"taxonomy":"product_tag","embeddable":true,"href":"https:\/\/www.maniaquedistribution.com\/en\/wp-json\/wp\/v2\/product_tag?post=6889"}],"curies":[{"name":"wp","href":"https:\/\/api.w.org\/{rel}","templated":true}]}}