{"id":6895,"date":"2025-10-09T00:29:16","date_gmt":"2025-10-08T22:29:16","guid":{"rendered":"https:\/\/www.maniaquedistribution.com\/?post_type=product&#038;p=6895"},"modified":"2025-10-10T23:58:29","modified_gmt":"2025-10-10T21:58:29","slug":"souffleuse-30-moteur-loncin-302c","status":"publish","type":"product","link":"https:\/\/www.maniaquedistribution.com\/en\/product\/souffleuse-30-moteur-loncin-302c\/","title":{"rendered":"Souffleuse 30&#8243; moteur Loncin 302cc"},"content":{"rendered":"<p>Type : Deux phases<\/p>\n<p>Largeur de travail : 30 po<\/p>\n<p>Moteur : Loncin 4 temps &#8211; 302 cm3 &#8211; 11 HP<\/p>\n<p>Entrainement : Syst\u00e8me diff\u00e9rentiel &#8211; Vitesses &#8211; 6AV \/ 2 AR<\/p>\n<p>D\u00e9marrage : \u00c9lectrique et \u00e0 rappel<\/p>\n<p>Poids : 256 Lb<\/p>\n<p>Poign\u00e9es chauffantes et \u00e9clairage LED<\/p>\n<p>Kit de patins double ( m\u00e9tal \/ plastique ) et roues 16 po X 4 po<\/p>","protected":false},"excerpt":{"rendered":"<p><img loading=\"lazy\" decoding=\"async\" class=\"alignnone size-medium wp-image-6897\" src=\"https:\/\/www.maniaquedistribution.com\/wp-content\/uploads\/2025\/10\/57614-tall-1-300x216.jpeg\" alt=\"\" width=\"300\" height=\"216\" srcset=\"https:\/\/www.maniaquedistribution.com\/wp-content\/uploads\/2025\/10\/57614-tall-1-300x216.jpeg 300w, https:\/\/www.maniaquedistribution.com\/wp-content\/uploads\/2025\/10\/57614-tall-1-768x552.jpeg 768w, https:\/\/www.maniaquedistribution.com\/wp-content\/uploads\/2025\/10\/57614-tall-1-18x12.jpeg 18w, https:\/\/www.maniaquedistribution.com\/wp-content\/uploads\/2025\/10\/57614-tall-1-360x260.jpeg 360w, https:\/\/www.maniaquedistribution.com\/wp-content\/uploads\/2025\/10\/57614-tall-1-600x431.jpeg 600w, https:\/\/www.maniaquedistribution.com\/wp-content\/uploads\/2025\/10\/57614-tall-1.jpeg 1000w\" sizes=\"auto, (max-width: 300px) 100vw, 300px\" \/> <img loading=\"lazy\" decoding=\"async\" class=\"alignnone size-medium wp-image-6898\" src=\"https:\/\/www.maniaquedistribution.com\/wp-content\/uploads\/2025\/10\/57615-tall-1-300x216.jpeg\" alt=\"\" width=\"300\" height=\"216\" srcset=\"https:\/\/www.maniaquedistribution.com\/wp-content\/uploads\/2025\/10\/57615-tall-1-300x216.jpeg 300w, https:\/\/www.maniaquedistribution.com\/wp-content\/uploads\/2025\/10\/57615-tall-1-768x552.jpeg 768w, https:\/\/www.maniaquedistribution.com\/wp-content\/uploads\/2025\/10\/57615-tall-1-18x12.jpeg 18w, https:\/\/www.maniaquedistribution.com\/wp-content\/uploads\/2025\/10\/57615-tall-1-360x260.jpeg 360w, https:\/\/www.maniaquedistribution.com\/wp-content\/uploads\/2025\/10\/57615-tall-1-600x431.jpeg 600w, https:\/\/www.maniaquedistribution.com\/wp-content\/uploads\/2025\/10\/57615-tall-1.jpeg 1000w\" sizes=\"auto, (max-width: 300px) 100vw, 300px\" \/> <img loading=\"lazy\" decoding=\"async\" class=\"alignnone size-medium wp-image-6899\" src=\"https:\/\/www.maniaquedistribution.com\/wp-content\/uploads\/2025\/10\/57617-tall-1-300x216.jpeg\" alt=\"\" width=\"300\" height=\"216\" srcset=\"https:\/\/www.maniaquedistribution.com\/wp-content\/uploads\/2025\/10\/57617-tall-1-300x216.jpeg 300w, https:\/\/www.maniaquedistribution.com\/wp-content\/uploads\/2025\/10\/57617-tall-1-768x552.jpeg 768w, https:\/\/www.maniaquedistribution.com\/wp-content\/uploads\/2025\/10\/57617-tall-1-18x12.jpeg 18w, https:\/\/www.maniaquedistribution.com\/wp-content\/uploads\/2025\/10\/57617-tall-1-360x260.jpeg 360w, https:\/\/www.maniaquedistribution.com\/wp-content\/uploads\/2025\/10\/57617-tall-1-600x431.jpeg 600w, https:\/\/www.maniaquedistribution.com\/wp-content\/uploads\/2025\/10\/57617-tall-1.jpeg 1000w\" sizes=\"auto, (max-width: 300px) 100vw, 300px\" \/> <img loading=\"lazy\" decoding=\"async\" class=\"alignnone size-medium wp-image-6900\" src=\"https:\/\/www.maniaquedistribution.com\/wp-content\/uploads\/2025\/10\/57672-tall-300x216.jpeg\" alt=\"\" width=\"300\" height=\"216\" srcset=\"https:\/\/www.maniaquedistribution.com\/wp-content\/uploads\/2025\/10\/57672-tall-300x216.jpeg 300w, https:\/\/www.maniaquedistribution.com\/wp-content\/uploads\/2025\/10\/57672-tall-768x552.jpeg 768w, https:\/\/www.maniaquedistribution.com\/wp-content\/uploads\/2025\/10\/57672-tall-18x12.jpeg 18w, https:\/\/www.maniaquedistribution.com\/wp-content\/uploads\/2025\/10\/57672-tall-360x260.jpeg 360w, https:\/\/www.maniaquedistribution.com\/wp-content\/uploads\/2025\/10\/57672-tall-600x431.jpeg 600w, https:\/\/www.maniaquedistribution.com\/wp-content\/uploads\/2025\/10\/57672-tall.jpeg 1000w\" sizes=\"auto, (max-width: 300px) 100vw, 300px\" \/> <img loading=\"lazy\" decoding=\"async\" class=\"alignnone size-medium wp-image-6901\" src=\"https:\/\/www.maniaquedistribution.com\/wp-content\/uploads\/2025\/10\/57664-tall-300x216.jpeg\" alt=\"\" width=\"300\" height=\"216\" srcset=\"https:\/\/www.maniaquedistribution.com\/wp-content\/uploads\/2025\/10\/57664-tall-300x216.jpeg 300w, https:\/\/www.maniaquedistribution.com\/wp-content\/uploads\/2025\/10\/57664-tall-768x552.jpeg 768w, https:\/\/www.maniaquedistribution.com\/wp-content\/uploads\/2025\/10\/57664-tall-18x12.jpeg 18w, https:\/\/www.maniaquedistribution.com\/wp-content\/uploads\/2025\/10\/57664-tall-360x260.jpeg 360w, https:\/\/www.maniaquedistribution.com\/wp-content\/uploads\/2025\/10\/57664-tall-600x431.jpeg 600w, https:\/\/www.maniaquedistribution.com\/wp-content\/uploads\/2025\/10\/57664-tall.jpeg 1000w\" sizes=\"auto, (max-width: 300px) 100vw, 300px\" \/> <img loading=\"lazy\" decoding=\"async\" class=\"alignnone size-medium wp-image-6902\" src=\"https:\/\/www.maniaquedistribution.com\/wp-content\/uploads\/2025\/10\/57665-tall-300x216.jpeg\" alt=\"\" width=\"300\" height=\"216\" srcset=\"https:\/\/www.maniaquedistribution.com\/wp-content\/uploads\/2025\/10\/57665-tall-300x216.jpeg 300w, https:\/\/www.maniaquedistribution.com\/wp-content\/uploads\/2025\/10\/57665-tall-768x552.jpeg 768w, https:\/\/www.maniaquedistribution.com\/wp-content\/uploads\/2025\/10\/57665-tall-18x12.jpeg 18w, https:\/\/www.maniaquedistribution.com\/wp-content\/uploads\/2025\/10\/57665-tall-360x260.jpeg 360w, https:\/\/www.maniaquedistribution.com\/wp-content\/uploads\/2025\/10\/57665-tall-600x431.jpeg 600w, https:\/\/www.maniaquedistribution.com\/wp-content\/uploads\/2025\/10\/57665-tall.jpeg 1000w\" sizes=\"auto, (max-width: 300px) 100vw, 300px\" \/> <img loading=\"lazy\" decoding=\"async\" class=\"alignnone size-medium wp-image-6903\" src=\"https:\/\/www.maniaquedistribution.com\/wp-content\/uploads\/2025\/10\/57667-tall-300x216.jpeg\" alt=\"\" width=\"300\" height=\"216\" srcset=\"https:\/\/www.maniaquedistribution.com\/wp-content\/uploads\/2025\/10\/57667-tall-300x216.jpeg 300w, https:\/\/www.maniaquedistribution.com\/wp-content\/uploads\/2025\/10\/57667-tall-768x552.jpeg 768w, https:\/\/www.maniaquedistribution.com\/wp-content\/uploads\/2025\/10\/57667-tall-18x12.jpeg 18w, https:\/\/www.maniaquedistribution.com\/wp-content\/uploads\/2025\/10\/57667-tall-360x260.jpeg 360w, https:\/\/www.maniaquedistribution.com\/wp-content\/uploads\/2025\/10\/57667-tall-600x431.jpeg 600w, https:\/\/www.maniaquedistribution.com\/wp-content\/uploads\/2025\/10\/57667-tall.jpeg 1000w\" sizes=\"auto, (max-width: 300px) 100vw, 300px\" \/> <img loading=\"lazy\" decoding=\"async\" class=\"alignnone size-medium wp-image-6904\" src=\"https:\/\/www.maniaquedistribution.com\/wp-content\/uploads\/2025\/10\/57669-tall-300x216.jpeg\" alt=\"\" width=\"300\" height=\"216\" srcset=\"https:\/\/www.maniaquedistribution.com\/wp-content\/uploads\/2025\/10\/57669-tall-300x216.jpeg 300w, https:\/\/www.maniaquedistribution.com\/wp-content\/uploads\/2025\/10\/57669-tall-768x552.jpeg 768w, https:\/\/www.maniaquedistribution.com\/wp-content\/uploads\/2025\/10\/57669-tall-18x12.jpeg 18w, https:\/\/www.maniaquedistribution.com\/wp-content\/uploads\/2025\/10\/57669-tall-360x260.jpeg 360w, https:\/\/www.maniaquedistribution.com\/wp-content\/uploads\/2025\/10\/57669-tall-600x431.jpeg 600w, https:\/\/www.maniaquedistribution.com\/wp-content\/uploads\/2025\/10\/57669-tall.jpeg 1000w\" sizes=\"auto, (max-width: 300px) 100vw, 300px\" \/><\/p>","protected":false},"featured_media":6900,"template":"","meta":[],"product_cat":[44,708],"product_tag":[],"class_list":{"0":"post-6895","1":"product","2":"type-product","3":"status-publish","4":"has-post-thumbnail","6":"product_cat-ducar-machinerie","7":"product_cat-souffleuses-a-neige","9":"first","10":"instock","11":"taxable","12":"shipping-taxable","13":"purchasable","14":"product-type-simple"},"_links":{"self":[{"href":"https:\/\/www.maniaquedistribution.com\/en\/wp-json\/wp\/v2\/product\/6895","targetHints":{"allow":["GET"]}}],"collection":[{"href":"https:\/\/www.maniaquedistribution.com\/en\/wp-json\/wp\/v2\/product"}],"about":[{"href":"https:\/\/www.maniaquedistribution.com\/en\/wp-json\/wp\/v2\/types\/product"}],"wp:featuredmedia":[{"embeddable":true,"href":"https:\/\/www.maniaquedistribution.com\/en\/wp-json\/wp\/v2\/media\/6900"}],"wp:attachment":[{"href":"https:\/\/www.maniaquedistribution.com\/en\/wp-json\/wp\/v2\/media?parent=6895"}],"wp:term":[{"taxonomy":"product_cat","embeddable":true,"href":"https:\/\/www.maniaquedistribution.com\/en\/wp-json\/wp\/v2\/product_cat?post=6895"},{"taxonomy":"product_tag","embeddable":true,"href":"https:\/\/www.maniaquedistribution.com\/en\/wp-json\/wp\/v2\/product_tag?post=6895"}],"curies":[{"name":"wp","href":"https:\/\/api.w.org\/{rel}","templated":true}]}}