{"id":6918,"date":"2025-10-17T16:42:47","date_gmt":"2025-10-17T14:42:47","guid":{"rendered":"https:\/\/www.maniaquedistribution.com\/?post_type=product&#038;p=6918"},"modified":"2025-10-17T16:42:47","modified_gmt":"2025-10-17T14:42:47","slug":"souffleuse-26-a-chenilles-ducar-moteur-252cc-7hp","status":"publish","type":"product","link":"https:\/\/www.maniaquedistribution.com\/en\/product\/souffleuse-26-a-chenilles-ducar-moteur-252cc-7hp\/","title":{"rendered":"Souffleuse 26&#8243; \u00e0 chenilles Ducar moteur 252cc (7HP)"},"content":{"rendered":"<p>TYPE : Deux phases<\/p>\n<p>LARGEUR DE TRAVAIL : 26 pouces<\/p>\n<p>MOTEUR : Loncin \u00e0 4 temps &#8211; 252cm3 &#8211; 9 CV<\/p>\n<p>ENTRAINEMENT : Disque friction &#8211; Vitesse 6 AV \/ 2 AR<\/p>\n<p>D\u00c9MARRAGE : \u00c9lectrique et \u00e0 rappel<\/p>\n<p>POIDS : 110Kg ( 242 lb )<\/p>\n<p>Syst\u00e8me commande une main.<\/p>\n<p>Poign\u00e9es chauffantes \/ \u00c9clairage LED et kit de patins double ( m\u00e9tal \/ plastique )<\/p>\n<p>Montage inclus<\/p>\n<p>Meilleur prix garanti<\/p>\n<p>Trouvez moins cher et nous \u00e9galiserons le prix !<\/p>","protected":false},"excerpt":{"rendered":"<p><img loading=\"lazy\" decoding=\"async\" class=\"alignnone size-medium wp-image-6922\" src=\"https:\/\/www.maniaquedistribution.com\/wp-content\/uploads\/2025\/10\/57544-tall-300x216.jpeg\" alt=\"\" width=\"300\" height=\"216\" srcset=\"https:\/\/www.maniaquedistribution.com\/wp-content\/uploads\/2025\/10\/57544-tall-300x216.jpeg 300w, https:\/\/www.maniaquedistribution.com\/wp-content\/uploads\/2025\/10\/57544-tall-768x552.jpeg 768w, https:\/\/www.maniaquedistribution.com\/wp-content\/uploads\/2025\/10\/57544-tall-18x12.jpeg 18w, https:\/\/www.maniaquedistribution.com\/wp-content\/uploads\/2025\/10\/57544-tall-360x260.jpeg 360w, https:\/\/www.maniaquedistribution.com\/wp-content\/uploads\/2025\/10\/57544-tall-600x431.jpeg 600w, https:\/\/www.maniaquedistribution.com\/wp-content\/uploads\/2025\/10\/57544-tall.jpeg 1000w\" sizes=\"auto, (max-width: 300px) 100vw, 300px\" \/> <img loading=\"lazy\" decoding=\"async\" class=\"alignnone size-medium wp-image-6923\" src=\"https:\/\/www.maniaquedistribution.com\/wp-content\/uploads\/2025\/10\/57542-tall-300x216.jpeg\" alt=\"\" width=\"300\" height=\"216\" srcset=\"https:\/\/www.maniaquedistribution.com\/wp-content\/uploads\/2025\/10\/57542-tall-300x216.jpeg 300w, https:\/\/www.maniaquedistribution.com\/wp-content\/uploads\/2025\/10\/57542-tall-768x552.jpeg 768w, https:\/\/www.maniaquedistribution.com\/wp-content\/uploads\/2025\/10\/57542-tall-18x12.jpeg 18w, https:\/\/www.maniaquedistribution.com\/wp-content\/uploads\/2025\/10\/57542-tall-360x260.jpeg 360w, https:\/\/www.maniaquedistribution.com\/wp-content\/uploads\/2025\/10\/57542-tall-600x431.jpeg 600w, https:\/\/www.maniaquedistribution.com\/wp-content\/uploads\/2025\/10\/57542-tall.jpeg 1000w\" sizes=\"auto, (max-width: 300px) 100vw, 300px\" \/> <img loading=\"lazy\" decoding=\"async\" class=\"alignnone size-medium wp-image-6924\" src=\"https:\/\/www.maniaquedistribution.com\/wp-content\/uploads\/2025\/10\/57541-tall-300x216.jpeg\" alt=\"\" width=\"300\" height=\"216\" srcset=\"https:\/\/www.maniaquedistribution.com\/wp-content\/uploads\/2025\/10\/57541-tall-300x216.jpeg 300w, https:\/\/www.maniaquedistribution.com\/wp-content\/uploads\/2025\/10\/57541-tall-768x552.jpeg 768w, https:\/\/www.maniaquedistribution.com\/wp-content\/uploads\/2025\/10\/57541-tall-18x12.jpeg 18w, https:\/\/www.maniaquedistribution.com\/wp-content\/uploads\/2025\/10\/57541-tall-360x260.jpeg 360w, https:\/\/www.maniaquedistribution.com\/wp-content\/uploads\/2025\/10\/57541-tall-600x431.jpeg 600w, https:\/\/www.maniaquedistribution.com\/wp-content\/uploads\/2025\/10\/57541-tall.jpeg 1000w\" sizes=\"auto, (max-width: 300px) 100vw, 300px\" \/> <img loading=\"lazy\" decoding=\"async\" class=\"alignnone size-medium wp-image-6925\" src=\"https:\/\/www.maniaquedistribution.com\/wp-content\/uploads\/2025\/10\/57539-tall-300x216.jpeg\" alt=\"\" width=\"300\" height=\"216\" srcset=\"https:\/\/www.maniaquedistribution.com\/wp-content\/uploads\/2025\/10\/57539-tall-300x216.jpeg 300w, https:\/\/www.maniaquedistribution.com\/wp-content\/uploads\/2025\/10\/57539-tall-768x552.jpeg 768w, https:\/\/www.maniaquedistribution.com\/wp-content\/uploads\/2025\/10\/57539-tall-18x12.jpeg 18w, https:\/\/www.maniaquedistribution.com\/wp-content\/uploads\/2025\/10\/57539-tall-360x260.jpeg 360w, https:\/\/www.maniaquedistribution.com\/wp-content\/uploads\/2025\/10\/57539-tall-600x431.jpeg 600w, https:\/\/www.maniaquedistribution.com\/wp-content\/uploads\/2025\/10\/57539-tall.jpeg 1000w\" sizes=\"auto, (max-width: 300px) 100vw, 300px\" \/> <img loading=\"lazy\" decoding=\"async\" class=\"alignnone size-medium wp-image-6926\" src=\"https:\/\/www.maniaquedistribution.com\/wp-content\/uploads\/2025\/10\/57538-tall-300x216.jpeg\" alt=\"\" width=\"300\" height=\"216\" srcset=\"https:\/\/www.maniaquedistribution.com\/wp-content\/uploads\/2025\/10\/57538-tall-300x216.jpeg 300w, https:\/\/www.maniaquedistribution.com\/wp-content\/uploads\/2025\/10\/57538-tall-768x552.jpeg 768w, https:\/\/www.maniaquedistribution.com\/wp-content\/uploads\/2025\/10\/57538-tall-18x12.jpeg 18w, https:\/\/www.maniaquedistribution.com\/wp-content\/uploads\/2025\/10\/57538-tall-360x260.jpeg 360w, https:\/\/www.maniaquedistribution.com\/wp-content\/uploads\/2025\/10\/57538-tall-600x431.jpeg 600w, https:\/\/www.maniaquedistribution.com\/wp-content\/uploads\/2025\/10\/57538-tall.jpeg 1000w\" sizes=\"auto, (max-width: 300px) 100vw, 300px\" \/><\/p>","protected":false},"featured_media":6919,"template":"","meta":[],"product_cat":[44,708],"product_tag":[],"class_list":{"0":"post-6918","1":"product","2":"type-product","3":"status-publish","4":"has-post-thumbnail","6":"product_cat-ducar-machinerie","7":"product_cat-souffleuses-a-neige","9":"first","10":"instock","11":"taxable","12":"shipping-taxable","13":"purchasable","14":"product-type-simple"},"_links":{"self":[{"href":"https:\/\/www.maniaquedistribution.com\/en\/wp-json\/wp\/v2\/product\/6918","targetHints":{"allow":["GET"]}}],"collection":[{"href":"https:\/\/www.maniaquedistribution.com\/en\/wp-json\/wp\/v2\/product"}],"about":[{"href":"https:\/\/www.maniaquedistribution.com\/en\/wp-json\/wp\/v2\/types\/product"}],"wp:featuredmedia":[{"embeddable":true,"href":"https:\/\/www.maniaquedistribution.com\/en\/wp-json\/wp\/v2\/media\/6919"}],"wp:attachment":[{"href":"https:\/\/www.maniaquedistribution.com\/en\/wp-json\/wp\/v2\/media?parent=6918"}],"wp:term":[{"taxonomy":"product_cat","embeddable":true,"href":"https:\/\/www.maniaquedistribution.com\/en\/wp-json\/wp\/v2\/product_cat?post=6918"},{"taxonomy":"product_tag","embeddable":true,"href":"https:\/\/www.maniaquedistribution.com\/en\/wp-json\/wp\/v2\/product_tag?post=6918"}],"curies":[{"name":"wp","href":"https:\/\/api.w.org\/{rel}","templated":true}]}}