{"id":6957,"date":"2025-11-27T20:36:54","date_gmt":"2025-11-27T19:36:54","guid":{"rendered":"https:\/\/www.maniaquedistribution.com\/?post_type=product&#038;p=6957"},"modified":"2025-11-27T20:36:55","modified_gmt":"2025-11-27T19:36:55","slug":"souffleuse-26-a-moteur-ducar-212c","status":"publish","type":"product","link":"https:\/\/www.maniaquedistribution.com\/en\/product\/souffleuse-26-a-moteur-ducar-212c\/","title":{"rendered":"Souffleuse 26&#8243; a\/moteur Ducar 212c"},"content":{"rendered":"<p>Type : Deux phases<\/p>\n<p>Largeur de travail : 26 po<\/p>\n<p>Moteur : Ducar 4 temps \u2013 212 cm3 \u2013 7 HP<\/p>\n<p>Entra\u00eenement : Disque friction \u2013 Vitesses 6 AV \u2013 2 AR<\/p>\n<p>D\u00e9marrage : \u00c9lectrique et \u00e0 rappel<\/p>\n<p>Poids : 194 Lb<\/p>\n<p>Poign\u00e9es chauffantes et \u00e9clairage LED<\/p>\n<p>Syst\u00e8me de patins double ( m\u00e9tal \/ plastique ) et de grandes roues 16 po x 4 po<\/p>","protected":false},"excerpt":{"rendered":"<p><img loading=\"lazy\" decoding=\"async\" class=\"alignnone size-medium wp-image-6948\" src=\"https:\/\/www.maniaquedistribution.com\/wp-content\/uploads\/2025\/11\/54672-tall-300x216.jpg\" alt=\"\" width=\"300\" height=\"216\" srcset=\"https:\/\/www.maniaquedistribution.com\/wp-content\/uploads\/2025\/11\/54672-tall-300x216.jpg 300w, https:\/\/www.maniaquedistribution.com\/wp-content\/uploads\/2025\/11\/54672-tall-768x552.jpg 768w, https:\/\/www.maniaquedistribution.com\/wp-content\/uploads\/2025\/11\/54672-tall-18x12.jpg 18w, https:\/\/www.maniaquedistribution.com\/wp-content\/uploads\/2025\/11\/54672-tall-360x260.jpg 360w, https:\/\/www.maniaquedistribution.com\/wp-content\/uploads\/2025\/11\/54672-tall-600x431.jpg 600w, https:\/\/www.maniaquedistribution.com\/wp-content\/uploads\/2025\/11\/54672-tall.jpg 1000w\" sizes=\"auto, (max-width: 300px) 100vw, 300px\" \/><img loading=\"lazy\" decoding=\"async\" class=\"alignnone size-medium wp-image-6949\" src=\"https:\/\/www.maniaquedistribution.com\/wp-content\/uploads\/2025\/11\/54674-tall-300x216.jpg\" alt=\"\" width=\"300\" height=\"216\" srcset=\"https:\/\/www.maniaquedistribution.com\/wp-content\/uploads\/2025\/11\/54674-tall-300x216.jpg 300w, https:\/\/www.maniaquedistribution.com\/wp-content\/uploads\/2025\/11\/54674-tall-768x552.jpg 768w, https:\/\/www.maniaquedistribution.com\/wp-content\/uploads\/2025\/11\/54674-tall-18x12.jpg 18w, https:\/\/www.maniaquedistribution.com\/wp-content\/uploads\/2025\/11\/54674-tall-360x260.jpg 360w, https:\/\/www.maniaquedistribution.com\/wp-content\/uploads\/2025\/11\/54674-tall-600x431.jpg 600w, https:\/\/www.maniaquedistribution.com\/wp-content\/uploads\/2025\/11\/54674-tall.jpg 1000w\" sizes=\"auto, (max-width: 300px) 100vw, 300px\" \/><img loading=\"lazy\" decoding=\"async\" class=\"alignnone size-medium wp-image-6950\" src=\"https:\/\/www.maniaquedistribution.com\/wp-content\/uploads\/2025\/11\/54666-tall-300x216.jpg\" alt=\"\" width=\"300\" height=\"216\" srcset=\"https:\/\/www.maniaquedistribution.com\/wp-content\/uploads\/2025\/11\/54666-tall-300x216.jpg 300w, https:\/\/www.maniaquedistribution.com\/wp-content\/uploads\/2025\/11\/54666-tall-768x552.jpg 768w, https:\/\/www.maniaquedistribution.com\/wp-content\/uploads\/2025\/11\/54666-tall-18x12.jpg 18w, https:\/\/www.maniaquedistribution.com\/wp-content\/uploads\/2025\/11\/54666-tall-360x260.jpg 360w, https:\/\/www.maniaquedistribution.com\/wp-content\/uploads\/2025\/11\/54666-tall-600x431.jpg 600w, https:\/\/www.maniaquedistribution.com\/wp-content\/uploads\/2025\/11\/54666-tall.jpg 1000w\" sizes=\"auto, (max-width: 300px) 100vw, 300px\" \/><img loading=\"lazy\" decoding=\"async\" class=\"alignnone size-medium wp-image-6952\" src=\"https:\/\/www.maniaquedistribution.com\/wp-content\/uploads\/2025\/11\/54668-tall-300x216.jpg\" alt=\"\" width=\"300\" height=\"216\" srcset=\"https:\/\/www.maniaquedistribution.com\/wp-content\/uploads\/2025\/11\/54668-tall-300x216.jpg 300w, https:\/\/www.maniaquedistribution.com\/wp-content\/uploads\/2025\/11\/54668-tall-768x552.jpg 768w, https:\/\/www.maniaquedistribution.com\/wp-content\/uploads\/2025\/11\/54668-tall-18x12.jpg 18w, https:\/\/www.maniaquedistribution.com\/wp-content\/uploads\/2025\/11\/54668-tall-360x260.jpg 360w, https:\/\/www.maniaquedistribution.com\/wp-content\/uploads\/2025\/11\/54668-tall-600x431.jpg 600w, https:\/\/www.maniaquedistribution.com\/wp-content\/uploads\/2025\/11\/54668-tall.jpg 1000w\" sizes=\"auto, (max-width: 300px) 100vw, 300px\" \/><img loading=\"lazy\" decoding=\"async\" class=\"alignnone size-medium wp-image-6953\" src=\"https:\/\/www.maniaquedistribution.com\/wp-content\/uploads\/2025\/11\/54673-tall-300x216.jpg\" alt=\"\" width=\"300\" height=\"216\" srcset=\"https:\/\/www.maniaquedistribution.com\/wp-content\/uploads\/2025\/11\/54673-tall-300x216.jpg 300w, https:\/\/www.maniaquedistribution.com\/wp-content\/uploads\/2025\/11\/54673-tall-768x552.jpg 768w, https:\/\/www.maniaquedistribution.com\/wp-content\/uploads\/2025\/11\/54673-tall-18x12.jpg 18w, https:\/\/www.maniaquedistribution.com\/wp-content\/uploads\/2025\/11\/54673-tall-360x260.jpg 360w, https:\/\/www.maniaquedistribution.com\/wp-content\/uploads\/2025\/11\/54673-tall-600x431.jpg 600w, https:\/\/www.maniaquedistribution.com\/wp-content\/uploads\/2025\/11\/54673-tall.jpg 1000w\" sizes=\"auto, (max-width: 300px) 100vw, 300px\" \/><img loading=\"lazy\" decoding=\"async\" class=\"alignnone size-medium wp-image-6954\" src=\"https:\/\/www.maniaquedistribution.com\/wp-content\/uploads\/2025\/11\/54665-tall-300x216.jpg\" alt=\"\" width=\"300\" height=\"216\" srcset=\"https:\/\/www.maniaquedistribution.com\/wp-content\/uploads\/2025\/11\/54665-tall-300x216.jpg 300w, https:\/\/www.maniaquedistribution.com\/wp-content\/uploads\/2025\/11\/54665-tall-768x552.jpg 768w, https:\/\/www.maniaquedistribution.com\/wp-content\/uploads\/2025\/11\/54665-tall-18x12.jpg 18w, https:\/\/www.maniaquedistribution.com\/wp-content\/uploads\/2025\/11\/54665-tall-360x260.jpg 360w, https:\/\/www.maniaquedistribution.com\/wp-content\/uploads\/2025\/11\/54665-tall-600x431.jpg 600w, https:\/\/www.maniaquedistribution.com\/wp-content\/uploads\/2025\/11\/54665-tall.jpg 1000w\" sizes=\"auto, (max-width: 300px) 100vw, 300px\" \/><\/p>","protected":false},"featured_media":6958,"template":"","meta":[],"product_cat":[708],"product_tag":[],"class_list":{"0":"post-6957","1":"product","2":"type-product","3":"status-publish","4":"has-post-thumbnail","6":"product_cat-souffleuses-a-neige","8":"first","9":"instock","10":"taxable","11":"shipping-taxable","12":"purchasable","13":"product-type-simple"},"_links":{"self":[{"href":"https:\/\/www.maniaquedistribution.com\/en\/wp-json\/wp\/v2\/product\/6957","targetHints":{"allow":["GET"]}}],"collection":[{"href":"https:\/\/www.maniaquedistribution.com\/en\/wp-json\/wp\/v2\/product"}],"about":[{"href":"https:\/\/www.maniaquedistribution.com\/en\/wp-json\/wp\/v2\/types\/product"}],"wp:featuredmedia":[{"embeddable":true,"href":"https:\/\/www.maniaquedistribution.com\/en\/wp-json\/wp\/v2\/media\/6958"}],"wp:attachment":[{"href":"https:\/\/www.maniaquedistribution.com\/en\/wp-json\/wp\/v2\/media?parent=6957"}],"wp:term":[{"taxonomy":"product_cat","embeddable":true,"href":"https:\/\/www.maniaquedistribution.com\/en\/wp-json\/wp\/v2\/product_cat?post=6957"},{"taxonomy":"product_tag","embeddable":true,"href":"https:\/\/www.maniaquedistribution.com\/en\/wp-json\/wp\/v2\/product_tag?post=6957"}],"curies":[{"name":"wp","href":"https:\/\/api.w.org\/{rel}","templated":true}]}}