{"id":6968,"date":"2026-01-05T22:46:26","date_gmt":"2026-01-05T21:46:26","guid":{"rendered":"https:\/\/www.maniaquedistribution.com\/?post_type=product&#038;p=6968"},"modified":"2026-01-05T22:46:26","modified_gmt":"2026-01-05T21:46:26","slug":"moteur-ducar-4-temps-7cv-hivernise","status":"publish","type":"product","link":"https:\/\/www.maniaquedistribution.com\/en\/product\/moteur-ducar-4-temps-7cv-hivernise\/","title":{"rendered":"Moteur DUCAR 4 Temps &#8211; 7CV Hivernis\u00e9"},"content":{"rendered":"<p>Moteur de remplacement pour souffleuse<\/p>\n<p>No. de produit\u00a0: DUEDHP212<\/p>\n<p>Cylindr\u00e9e 212cc<\/p>\n<p>R\u00e9gime maximum 3600<\/p>\n<p>Ratio de compression 8,8:1<\/p>\n<p>Al\u00e9sage 75 mm<\/p>\n<p>Course du moteur 48 mm<\/p>\n<p>Arbre 3\/4 po (19,05 mm)<\/p>\n<p>Capacit\u00e9 du r\u00e9servoir de carburant 3,4 L<\/p>\n<p>Capacit\u00e9 d\u2019huile 0,55 L<\/p>\n<p><img loading=\"lazy\" decoding=\"async\" class=\"alignnone size-medium wp-image-6969\" src=\"https:\/\/www.maniaquedistribution.com\/wp-content\/uploads\/2026\/01\/57370-tall-300x216.jpg\" alt=\"\" width=\"300\" height=\"216\" srcset=\"https:\/\/www.maniaquedistribution.com\/wp-content\/uploads\/2026\/01\/57370-tall-300x216.jpg 300w, https:\/\/www.maniaquedistribution.com\/wp-content\/uploads\/2026\/01\/57370-tall-768x552.jpg 768w, https:\/\/www.maniaquedistribution.com\/wp-content\/uploads\/2026\/01\/57370-tall-18x12.jpg 18w, https:\/\/www.maniaquedistribution.com\/wp-content\/uploads\/2026\/01\/57370-tall-360x260.jpg 360w, https:\/\/www.maniaquedistribution.com\/wp-content\/uploads\/2026\/01\/57370-tall-600x431.jpg 600w, https:\/\/www.maniaquedistribution.com\/wp-content\/uploads\/2026\/01\/57370-tall.jpg 1000w\" sizes=\"auto, (max-width: 300px) 100vw, 300px\" \/> <img loading=\"lazy\" decoding=\"async\" class=\"alignnone size-medium wp-image-6970\" src=\"https:\/\/www.maniaquedistribution.com\/wp-content\/uploads\/2026\/01\/56967-tall-300x216.jpg\" alt=\"\" width=\"300\" height=\"216\" srcset=\"https:\/\/www.maniaquedistribution.com\/wp-content\/uploads\/2026\/01\/56967-tall-300x216.jpg 300w, https:\/\/www.maniaquedistribution.com\/wp-content\/uploads\/2026\/01\/56967-tall-768x552.jpg 768w, https:\/\/www.maniaquedistribution.com\/wp-content\/uploads\/2026\/01\/56967-tall-18x12.jpg 18w, https:\/\/www.maniaquedistribution.com\/wp-content\/uploads\/2026\/01\/56967-tall-360x260.jpg 360w, https:\/\/www.maniaquedistribution.com\/wp-content\/uploads\/2026\/01\/56967-tall-600x431.jpg 600w, https:\/\/www.maniaquedistribution.com\/wp-content\/uploads\/2026\/01\/56967-tall.jpg 1000w\" sizes=\"auto, (max-width: 300px) 100vw, 300px\" \/> <img loading=\"lazy\" decoding=\"async\" class=\"alignnone size-medium wp-image-6971\" src=\"https:\/\/www.maniaquedistribution.com\/wp-content\/uploads\/2026\/01\/57371-tall-300x216.jpg\" alt=\"\" width=\"300\" height=\"216\" srcset=\"https:\/\/www.maniaquedistribution.com\/wp-content\/uploads\/2026\/01\/57371-tall-300x216.jpg 300w, https:\/\/www.maniaquedistribution.com\/wp-content\/uploads\/2026\/01\/57371-tall-768x552.jpg 768w, https:\/\/www.maniaquedistribution.com\/wp-content\/uploads\/2026\/01\/57371-tall-18x12.jpg 18w, https:\/\/www.maniaquedistribution.com\/wp-content\/uploads\/2026\/01\/57371-tall-360x260.jpg 360w, https:\/\/www.maniaquedistribution.com\/wp-content\/uploads\/2026\/01\/57371-tall-600x431.jpg 600w, https:\/\/www.maniaquedistribution.com\/wp-content\/uploads\/2026\/01\/57371-tall.jpg 1000w\" sizes=\"auto, (max-width: 300px) 100vw, 300px\" \/> <img loading=\"lazy\" decoding=\"async\" class=\"alignnone size-medium wp-image-6972\" src=\"https:\/\/www.maniaquedistribution.com\/wp-content\/uploads\/2026\/01\/57372-tall-300x216.jpg\" alt=\"\" width=\"300\" height=\"216\" srcset=\"https:\/\/www.maniaquedistribution.com\/wp-content\/uploads\/2026\/01\/57372-tall-300x216.jpg 300w, https:\/\/www.maniaquedistribution.com\/wp-content\/uploads\/2026\/01\/57372-tall-768x552.jpg 768w, https:\/\/www.maniaquedistribution.com\/wp-content\/uploads\/2026\/01\/57372-tall-18x12.jpg 18w, https:\/\/www.maniaquedistribution.com\/wp-content\/uploads\/2026\/01\/57372-tall-360x260.jpg 360w, https:\/\/www.maniaquedistribution.com\/wp-content\/uploads\/2026\/01\/57372-tall-600x431.jpg 600w, https:\/\/www.maniaquedistribution.com\/wp-content\/uploads\/2026\/01\/57372-tall.jpg 1000w\" sizes=\"auto, (max-width: 300px) 100vw, 300px\" \/> <img loading=\"lazy\" decoding=\"async\" class=\"alignnone size-medium wp-image-6973\" src=\"https:\/\/www.maniaquedistribution.com\/wp-content\/uploads\/2026\/01\/57373-tall-300x216.jpg\" alt=\"\" width=\"300\" height=\"216\" srcset=\"https:\/\/www.maniaquedistribution.com\/wp-content\/uploads\/2026\/01\/57373-tall-300x216.jpg 300w, https:\/\/www.maniaquedistribution.com\/wp-content\/uploads\/2026\/01\/57373-tall-768x552.jpg 768w, https:\/\/www.maniaquedistribution.com\/wp-content\/uploads\/2026\/01\/57373-tall-18x12.jpg 18w, https:\/\/www.maniaquedistribution.com\/wp-content\/uploads\/2026\/01\/57373-tall-360x260.jpg 360w, https:\/\/www.maniaquedistribution.com\/wp-content\/uploads\/2026\/01\/57373-tall-600x431.jpg 600w, https:\/\/www.maniaquedistribution.com\/wp-content\/uploads\/2026\/01\/57373-tall.jpg 1000w\" sizes=\"auto, (max-width: 300px) 100vw, 300px\" \/> <img loading=\"lazy\" decoding=\"async\" class=\"alignnone size-medium wp-image-6974\" src=\"https:\/\/www.maniaquedistribution.com\/wp-content\/uploads\/2026\/01\/57374-tall-300x216.jpg\" alt=\"\" width=\"300\" height=\"216\" srcset=\"https:\/\/www.maniaquedistribution.com\/wp-content\/uploads\/2026\/01\/57374-tall-300x216.jpg 300w, https:\/\/www.maniaquedistribution.com\/wp-content\/uploads\/2026\/01\/57374-tall-768x552.jpg 768w, https:\/\/www.maniaquedistribution.com\/wp-content\/uploads\/2026\/01\/57374-tall-18x12.jpg 18w, https:\/\/www.maniaquedistribution.com\/wp-content\/uploads\/2026\/01\/57374-tall-360x260.jpg 360w, https:\/\/www.maniaquedistribution.com\/wp-content\/uploads\/2026\/01\/57374-tall-600x431.jpg 600w, https:\/\/www.maniaquedistribution.com\/wp-content\/uploads\/2026\/01\/57374-tall.jpg 1000w\" sizes=\"auto, (max-width: 300px) 100vw, 300px\" \/>Poids net 19 kg<\/p>","protected":false},"excerpt":{"rendered":"<p>Moteur de remplacement pour souffleuse No. de produit\u00a0: DUEDHP212 Cylindr\u00e9e 212cc R\u00e9gime maximum 3600 Ratio de compression 8,8:1 Al\u00e9sage 75 mm Course du moteur 48 mm Arbre 3\/4 po (19,05 mm) Capacit\u00e9 du r\u00e9servoir de carburant 3,4 L Capacit\u00e9 d\u2019huile 0,55 L Poids net 19 kg<\/p>","protected":false},"featured_media":6969,"template":"","meta":[],"product_cat":[644],"product_tag":[],"class_list":{"0":"post-6968","1":"product","2":"type-product","3":"status-publish","4":"has-post-thumbnail","6":"product_cat-moteur-de-remplacement","8":"first","9":"instock","10":"taxable","11":"shipping-taxable","12":"purchasable","13":"product-type-simple"},"_links":{"self":[{"href":"https:\/\/www.maniaquedistribution.com\/en\/wp-json\/wp\/v2\/product\/6968","targetHints":{"allow":["GET"]}}],"collection":[{"href":"https:\/\/www.maniaquedistribution.com\/en\/wp-json\/wp\/v2\/product"}],"about":[{"href":"https:\/\/www.maniaquedistribution.com\/en\/wp-json\/wp\/v2\/types\/product"}],"wp:featuredmedia":[{"embeddable":true,"href":"https:\/\/www.maniaquedistribution.com\/en\/wp-json\/wp\/v2\/media\/6969"}],"wp:attachment":[{"href":"https:\/\/www.maniaquedistribution.com\/en\/wp-json\/wp\/v2\/media?parent=6968"}],"wp:term":[{"taxonomy":"product_cat","embeddable":true,"href":"https:\/\/www.maniaquedistribution.com\/en\/wp-json\/wp\/v2\/product_cat?post=6968"},{"taxonomy":"product_tag","embeddable":true,"href":"https:\/\/www.maniaquedistribution.com\/en\/wp-json\/wp\/v2\/product_tag?post=6968"}],"curies":[{"name":"wp","href":"https:\/\/api.w.org\/{rel}","templated":true}]}}