{"id":6975,"date":"2026-01-07T22:13:56","date_gmt":"2026-01-07T21:13:56","guid":{"rendered":"https:\/\/www.maniaquedistribution.com\/?post_type=product&#038;p=6975"},"modified":"2026-01-07T22:13:56","modified_gmt":"2026-01-07T21:13:56","slug":"moteur-ducar-4-temps-7cv-hivernise-demarreur-electrique","status":"publish","type":"product","link":"https:\/\/www.maniaquedistribution.com\/en\/product\/moteur-ducar-4-temps-7cv-hivernise-demarreur-electrique\/","title":{"rendered":"Moteur DUCAR 4 Temps &#8211; 7CV Hivernis\u00e9\/D\u00e9marreur \u00e9lectrique"},"content":{"rendered":"<p>Mod\u00e8le DUEDHP212E<\/p>\n<p>Cylindr\u00e9e 212cc<\/p>\n<p>R\u00e9gime maximum 3600<\/p>\n<p>Ratio de compression 8,8:1<\/p>\n<p>Al\u00e9sage 75 mm<\/p>\n<p>Course du moteur 48 mm<\/p>\n<p>Arbre 3\/4 po (19,05 mm)<\/p>\n<p>Capacit\u00e9 du r\u00e9servoir de carburant 3,4 L<\/p>\n<p>Capacit\u00e9 d\u2019huile 0,55 L<\/p>\n<p>Poids net 19 kg<\/p>","protected":false},"excerpt":{"rendered":"<p><img loading=\"lazy\" decoding=\"async\" class=\"alignnone size-medium wp-image-6977\" src=\"https:\/\/www.maniaquedistribution.com\/wp-content\/uploads\/2026\/01\/57375-tall-300x216.jpg\" alt=\"\" width=\"300\" height=\"216\" srcset=\"https:\/\/www.maniaquedistribution.com\/wp-content\/uploads\/2026\/01\/57375-tall-300x216.jpg 300w, https:\/\/www.maniaquedistribution.com\/wp-content\/uploads\/2026\/01\/57375-tall-768x552.jpg 768w, https:\/\/www.maniaquedistribution.com\/wp-content\/uploads\/2026\/01\/57375-tall-18x12.jpg 18w, https:\/\/www.maniaquedistribution.com\/wp-content\/uploads\/2026\/01\/57375-tall-360x260.jpg 360w, https:\/\/www.maniaquedistribution.com\/wp-content\/uploads\/2026\/01\/57375-tall-600x431.jpg 600w, https:\/\/www.maniaquedistribution.com\/wp-content\/uploads\/2026\/01\/57375-tall.jpg 1000w\" sizes=\"auto, (max-width: 300px) 100vw, 300px\" \/> <img loading=\"lazy\" decoding=\"async\" class=\"alignnone size-medium wp-image-6978\" src=\"https:\/\/www.maniaquedistribution.com\/wp-content\/uploads\/2026\/01\/57376-tall-300x216.jpg\" alt=\"\" width=\"300\" height=\"216\" srcset=\"https:\/\/www.maniaquedistribution.com\/wp-content\/uploads\/2026\/01\/57376-tall-300x216.jpg 300w, https:\/\/www.maniaquedistribution.com\/wp-content\/uploads\/2026\/01\/57376-tall-768x552.jpg 768w, https:\/\/www.maniaquedistribution.com\/wp-content\/uploads\/2026\/01\/57376-tall-18x12.jpg 18w, https:\/\/www.maniaquedistribution.com\/wp-content\/uploads\/2026\/01\/57376-tall-360x260.jpg 360w, https:\/\/www.maniaquedistribution.com\/wp-content\/uploads\/2026\/01\/57376-tall-600x431.jpg 600w, https:\/\/www.maniaquedistribution.com\/wp-content\/uploads\/2026\/01\/57376-tall.jpg 1000w\" sizes=\"auto, (max-width: 300px) 100vw, 300px\" \/> <img loading=\"lazy\" decoding=\"async\" class=\"alignnone size-medium wp-image-6979\" src=\"https:\/\/www.maniaquedistribution.com\/wp-content\/uploads\/2026\/01\/57377-tall-300x216.jpg\" alt=\"\" width=\"300\" height=\"216\" srcset=\"https:\/\/www.maniaquedistribution.com\/wp-content\/uploads\/2026\/01\/57377-tall-300x216.jpg 300w, https:\/\/www.maniaquedistribution.com\/wp-content\/uploads\/2026\/01\/57377-tall-768x552.jpg 768w, https:\/\/www.maniaquedistribution.com\/wp-content\/uploads\/2026\/01\/57377-tall-18x12.jpg 18w, https:\/\/www.maniaquedistribution.com\/wp-content\/uploads\/2026\/01\/57377-tall-360x260.jpg 360w, https:\/\/www.maniaquedistribution.com\/wp-content\/uploads\/2026\/01\/57377-tall-600x431.jpg 600w, https:\/\/www.maniaquedistribution.com\/wp-content\/uploads\/2026\/01\/57377-tall.jpg 1000w\" sizes=\"auto, (max-width: 300px) 100vw, 300px\" \/> <img loading=\"lazy\" decoding=\"async\" class=\"alignnone size-medium wp-image-6980\" src=\"https:\/\/www.maniaquedistribution.com\/wp-content\/uploads\/2026\/01\/57378-tall-300x216.jpg\" alt=\"\" width=\"300\" height=\"216\" srcset=\"https:\/\/www.maniaquedistribution.com\/wp-content\/uploads\/2026\/01\/57378-tall-300x216.jpg 300w, https:\/\/www.maniaquedistribution.com\/wp-content\/uploads\/2026\/01\/57378-tall-768x552.jpg 768w, https:\/\/www.maniaquedistribution.com\/wp-content\/uploads\/2026\/01\/57378-tall-18x12.jpg 18w, https:\/\/www.maniaquedistribution.com\/wp-content\/uploads\/2026\/01\/57378-tall-360x260.jpg 360w, https:\/\/www.maniaquedistribution.com\/wp-content\/uploads\/2026\/01\/57378-tall-600x431.jpg 600w, https:\/\/www.maniaquedistribution.com\/wp-content\/uploads\/2026\/01\/57378-tall.jpg 1000w\" sizes=\"auto, (max-width: 300px) 100vw, 300px\" \/> <img loading=\"lazy\" decoding=\"async\" class=\"alignnone size-medium wp-image-6981\" src=\"https:\/\/www.maniaquedistribution.com\/wp-content\/uploads\/2026\/01\/57379-tall-300x216.jpg\" alt=\"\" width=\"300\" height=\"216\" srcset=\"https:\/\/www.maniaquedistribution.com\/wp-content\/uploads\/2026\/01\/57379-tall-300x216.jpg 300w, https:\/\/www.maniaquedistribution.com\/wp-content\/uploads\/2026\/01\/57379-tall-768x552.jpg 768w, https:\/\/www.maniaquedistribution.com\/wp-content\/uploads\/2026\/01\/57379-tall-18x12.jpg 18w, https:\/\/www.maniaquedistribution.com\/wp-content\/uploads\/2026\/01\/57379-tall-360x260.jpg 360w, https:\/\/www.maniaquedistribution.com\/wp-content\/uploads\/2026\/01\/57379-tall-600x431.jpg 600w, https:\/\/www.maniaquedistribution.com\/wp-content\/uploads\/2026\/01\/57379-tall.jpg 1000w\" sizes=\"auto, (max-width: 300px) 100vw, 300px\" \/><\/p>","protected":false},"featured_media":6976,"template":"","meta":[],"product_cat":[644],"product_tag":[],"class_list":{"0":"post-6975","1":"product","2":"type-product","3":"status-publish","4":"has-post-thumbnail","6":"product_cat-moteur-de-remplacement","8":"first","9":"instock","10":"taxable","11":"shipping-taxable","12":"purchasable","13":"product-type-simple"},"_links":{"self":[{"href":"https:\/\/www.maniaquedistribution.com\/en\/wp-json\/wp\/v2\/product\/6975","targetHints":{"allow":["GET"]}}],"collection":[{"href":"https:\/\/www.maniaquedistribution.com\/en\/wp-json\/wp\/v2\/product"}],"about":[{"href":"https:\/\/www.maniaquedistribution.com\/en\/wp-json\/wp\/v2\/types\/product"}],"wp:featuredmedia":[{"embeddable":true,"href":"https:\/\/www.maniaquedistribution.com\/en\/wp-json\/wp\/v2\/media\/6976"}],"wp:attachment":[{"href":"https:\/\/www.maniaquedistribution.com\/en\/wp-json\/wp\/v2\/media?parent=6975"}],"wp:term":[{"taxonomy":"product_cat","embeddable":true,"href":"https:\/\/www.maniaquedistribution.com\/en\/wp-json\/wp\/v2\/product_cat?post=6975"},{"taxonomy":"product_tag","embeddable":true,"href":"https:\/\/www.maniaquedistribution.com\/en\/wp-json\/wp\/v2\/product_tag?post=6975"}],"curies":[{"name":"wp","href":"https:\/\/api.w.org\/{rel}","templated":true}]}}