{"id":53,"date":"2020-04-18T15:48:35","date_gmt":"2020-04-18T13:48:35","guid":{"rendered":"https:\/\/themebing.com\/wp\/automax\/?page_id=53"},"modified":"2023-08-19T16:29:48","modified_gmt":"2023-08-19T14:29:48","slug":"qui-sommes-nous","status":"publish","type":"page","link":"https:\/\/www.maniaquedistribution.com\/fr\/qui-sommes-nous\/","title":{"rendered":"Qui sommes-nous ?"},"content":{"rendered":"<div data-elementor-type=\"wp-page\" data-elementor-id=\"53\" class=\"elementor elementor-53\">\n\t\t\t\t\t\t\t\t\t<section class=\"elementor-section elementor-top-section elementor-element elementor-element-3d88579 elementor-section-boxed elementor-section-height-default elementor-section-height-default\" data-id=\"3d88579\" data-element_type=\"section\">\n\t\t\t\t\t\t<div class=\"elementor-container elementor-column-gap-default\">\n\t\t\t\t\t<div class=\"elementor-column elementor-col-33 elementor-top-column elementor-element elementor-element-96bd522\" data-id=\"96bd522\" data-element_type=\"column\">\n\t\t\t<div class=\"elementor-widget-wrap elementor-element-populated\">\n\t\t\t\t\t\t\t\t<div class=\"elementor-element elementor-element-3d5eba3 elementor-invisible elementor-widget elementor-widget-heading\" data-id=\"3d5eba3\" data-element_type=\"widget\" data-settings=\"{&quot;_animation&quot;:&quot;fadeIn&quot;}\" data-widget_type=\"heading.default\">\n\t\t\t\t<div class=\"elementor-widget-container\">\n\t\t\t<style>\/*! elementor - v3.10.1 - 17-01-2023 *\/\n.elementor-heading-title{padding:0;margin:0;line-height:1}.elementor-widget-heading .elementor-heading-title[class*=elementor-size-]>a{color:inherit;font-size:inherit;line-height:inherit}.elementor-widget-heading .elementor-heading-title.elementor-size-small{font-size:15px}.elementor-widget-heading .elementor-heading-title.elementor-size-medium{font-size:19px}.elementor-widget-heading .elementor-heading-title.elementor-size-large{font-size:29px}.elementor-widget-heading .elementor-heading-title.elementor-size-xl{font-size:39px}.elementor-widget-heading .elementor-heading-title.elementor-size-xxl{font-size:59px}<\/style><h1 class=\"elementor-heading-title elementor-size-default\">G\u00e9n\u00e9rateur de votre passion!\n<\/h1>\t\t<\/div>\n\t\t\t\t<\/div>\n\t\t\t\t<div class=\"elementor-element elementor-element-1b216c1 elementor-widget elementor-widget-heading\" data-id=\"1b216c1\" data-element_type=\"widget\" data-widget_type=\"heading.default\">\n\t\t\t\t<div class=\"elementor-widget-container\">\n\t\t\t<h2 class=\"elementor-heading-title elementor-size-default\">Sp\u00e9cialiste des v\u00e9hicules chinois et des petits moteurs<\/h2>\t\t<\/div>\n\t\t\t\t<\/div>\n\t\t\t\t<div class=\"elementor-element elementor-element-4585bdb elementor-widget elementor-widget-text-editor\" data-id=\"4585bdb\" data-element_type=\"widget\" data-widget_type=\"text-editor.default\">\n\t\t\t\t<div class=\"elementor-widget-container\">\n\t\t\t<style>\/*! elementor - v3.10.1 - 17-01-2023 *\/\n.elementor-widget-text-editor.elementor-drop-cap-view-stacked .elementor-drop-cap{background-color:#818a91;color:#fff}.elementor-widget-text-editor.elementor-drop-cap-view-framed .elementor-drop-cap{color:#818a91;border:3px solid;background-color:transparent}.elementor-widget-text-editor:not(.elementor-drop-cap-view-default) .elementor-drop-cap{margin-top:8px}.elementor-widget-text-editor:not(.elementor-drop-cap-view-default) .elementor-drop-cap-letter{width:1em;height:1em}.elementor-widget-text-editor .elementor-drop-cap{float:left;text-align:center;line-height:1;font-size:50px}.elementor-widget-text-editor .elementor-drop-cap-letter{display:inline-block}<\/style>\t\t\t\t<p>En affaire depuis 2007 et anciennement Les Pros de la boue, Maniaque distribution vend au d\u00e9tail des v\u00e9hicules motoris\u00e9s et \u00e9lectriques pour enfants et adultes, des pi\u00e8ces et des accessoires. Nous sommes aussi \u00e0 la recherche de concessionnaires pr\u00eats \u00e0 distribuer nos produits !<\/p>\n<p>Situ\u00e9e \u00e0 Saint-Eustache dans un entrep\u00f4t de 6000 pieds carr\u00e9, notre \u00e9quipe est pr\u00eate \u00e0 vous servir !<\/p>\t\t\t\t\t\t<\/div>\n\t\t\t\t<\/div>\n\t\t\t\t<div class=\"elementor-element elementor-element-5a0678c elementor-widget elementor-widget-button\" data-id=\"5a0678c\" data-element_type=\"widget\" data-widget_type=\"button.default\">\n\t\t\t\t<div class=\"elementor-widget-container\">\n\t\t\t\r\n      <div style=\"text-align: left\">\r\n         <a class=\"motormania-btn no\" href=\"https:\/\/www.maniaquedistribution.com\/fr\/nous-contacter\/\">\r\n            Nous joindre<\/a>\r\n      <\/div>\r\n      \t\t<\/div>\n\t\t\t\t<\/div>\n\t\t\t\t\t<\/div>\n\t\t<\/div>\n\t\t\t\t<div class=\"elementor-column elementor-col-33 elementor-top-column elementor-element elementor-element-edf36ff\" data-id=\"edf36ff\" data-element_type=\"column\">\n\t\t\t<div class=\"elementor-widget-wrap\">\n\t\t\t\t\t\t\t\t\t<\/div>\n\t\t<\/div>\n\t\t\t\t<div class=\"elementor-column elementor-col-33 elementor-top-column elementor-element elementor-element-9f9816f\" data-id=\"9f9816f\" data-element_type=\"column\">\n\t\t\t<div class=\"elementor-widget-wrap elementor-element-populated\">\n\t\t\t\t\t\t\t\t<div class=\"elementor-element elementor-element-5a217ac elementor-widget elementor-widget-image\" data-id=\"5a217ac\" data-element_type=\"widget\" data-widget_type=\"image.default\">\n\t\t\t\t<div class=\"elementor-widget-container\">\n\t\t\t<style>\/*! elementor - v3.10.1 - 17-01-2023 *\/\n.elementor-widget-image{text-align:center}.elementor-widget-image a{display:inline-block}.elementor-widget-image a img[src$=\".svg\"]{width:48px}.elementor-widget-image img{vertical-align:middle;display:inline-block}<\/style>\t\t\t\t\t\t\t\t\t\t\t\t<img loading=\"lazy\" decoding=\"async\" width=\"680\" height=\"510\" src=\"https:\/\/www.maniaquedistribution.com\/wp-content\/uploads\/2023\/07\/2022-02-21.jpg\" class=\"attachment-full size-full wp-image-3387\" alt=\"\" srcset=\"https:\/\/www.maniaquedistribution.com\/wp-content\/uploads\/2023\/07\/2022-02-21.jpg 680w, https:\/\/www.maniaquedistribution.com\/wp-content\/uploads\/2023\/07\/2022-02-21-300x225.jpg 300w, https:\/\/www.maniaquedistribution.com\/wp-content\/uploads\/2023\/07\/2022-02-21-600x450.jpg 600w\" sizes=\"auto, (max-width: 680px) 100vw, 680px\" \/>\t\t\t\t\t\t\t\t\t\t\t\t\t\t\t<\/div>\n\t\t\t\t<\/div>\n\t\t\t\t\t<\/div>\n\t\t<\/div>\n\t\t\t\t\t\t\t<\/div>\n\t\t<\/section>\n\t\t\t\t\t\t\t<\/div>","protected":false},"excerpt":{"rendered":"<p>G\u00e9n\u00e9rateur de votre passion! Sp\u00e9cialiste des v\u00e9hicules chinois et des petits moteurs En affaire depuis 2007 et anciennement Les Pros de la boue, Maniaque distribution vend au d\u00e9tail des v\u00e9hicules motoris\u00e9s et \u00e9lectriques pour enfants et adultes, des pi\u00e8ces et des accessoires. Nous sommes aussi \u00e0 la recherche de concessionnaires pr\u00eats \u00e0 distribuer nos produits [&hellip;]<\/p>","protected":false},"author":1,"featured_media":0,"parent":0,"menu_order":0,"comment_status":"closed","ping_status":"closed","template":"custom-page.php","meta":{"footnotes":""},"class_list":["post-53","page","type-page","status-publish","hentry"],"_links":{"self":[{"href":"https:\/\/www.maniaquedistribution.com\/fr\/wp-json\/wp\/v2\/pages\/53","targetHints":{"allow":["GET"]}}],"collection":[{"href":"https:\/\/www.maniaquedistribution.com\/fr\/wp-json\/wp\/v2\/pages"}],"about":[{"href":"https:\/\/www.maniaquedistribution.com\/fr\/wp-json\/wp\/v2\/types\/page"}],"author":[{"embeddable":true,"href":"https:\/\/www.maniaquedistribution.com\/fr\/wp-json\/wp\/v2\/users\/1"}],"replies":[{"embeddable":true,"href":"https:\/\/www.maniaquedistribution.com\/fr\/wp-json\/wp\/v2\/comments?post=53"}],"version-history":[{"count":45,"href":"https:\/\/www.maniaquedistribution.com\/fr\/wp-json\/wp\/v2\/pages\/53\/revisions"}],"predecessor-version":[{"id":6290,"href":"https:\/\/www.maniaquedistribution.com\/fr\/wp-json\/wp\/v2\/pages\/53\/revisions\/6290"}],"wp:attachment":[{"href":"https:\/\/www.maniaquedistribution.com\/fr\/wp-json\/wp\/v2\/media?parent=53"}],"curies":[{"name":"wp","href":"https:\/\/api.w.org\/{rel}","templated":true}]}}