{"id":55,"date":"2020-04-18T15:48:45","date_gmt":"2020-04-18T13:48:45","guid":{"rendered":"https:\/\/themebing.com\/wp\/automax\/?page_id=55"},"modified":"2026-02-16T17:34:26","modified_gmt":"2026-02-16T16:34:26","slug":"nous-contacter","status":"publish","type":"page","link":"https:\/\/www.maniaquedistribution.com\/fr\/nous-contacter\/","title":{"rendered":"Nous contacter"},"content":{"rendered":"<style>\/*! elementor - v3.10.1 - 17-01-2023 *\/<br \/>\n.elementor-heading-title{padding:0;margin:0;line-height:1}.elementor-widget-heading .elementor-heading-title[class*=elementor-size-]>a{color:inherit;font-size:inherit;line-height:inherit}.elementor-widget-heading .elementor-heading-title.elementor-size-small{font-size:15px}.elementor-widget-heading .elementor-heading-title.elementor-size-medium{font-size:19px}.elementor-widget-heading .elementor-heading-title.elementor-size-large{font-size:29px}.elementor-widget-heading .elementor-heading-title.elementor-size-xl{font-size:39px}.elementor-widget-heading .elementor-heading-title.elementor-size-xxl{font-size:59px}<\/style>\n<h2>Vous avez des questions?<\/h2>\n<p style=\"text-align: center;\">N&#8217;h\u00e9sitez pas \u00e0 contacter notre service \u00e0 la client\u00e8le. Il nous fera plaisir de vous assister.<\/p>\n<style>\/*! elementor - v3.10.1 - 17-01-2023 *\/<br \/>\n.elementor-column .elementor-spacer-inner{height:var(--spacer-size)}.e-con{--container-widget-width:100%}.e-con-inner>.elementor-widget-spacer,.e-con>.elementor-widget-spacer{width:var(--container-widget-width,var(--spacer-size));--align-self:var(--container-widget-align-self,initial);--flex-shrink:0}.e-con-inner>.elementor-widget-spacer>.elementor-widget-container,.e-con-inner>.elementor-widget-spacer>.elementor-widget-container>.elementor-spacer,.e-con>.elementor-widget-spacer>.elementor-widget-container,.e-con>.elementor-widget-spacer>.elementor-widget-container>.elementor-spacer{height:100%}.e-con-inner>.elementor-widget-spacer>.elementor-widget-container>.elementor-spacer>.elementor-spacer-inner,.e-con>.elementor-widget-spacer>.elementor-widget-container>.elementor-spacer>.elementor-spacer-inner{height:var(--container-widget-height,var(--spacer-size))}<\/style>\n<h5>Maniaque Distribution<\/h5>\n<p>345 Rue Du Parc Local #104,<br \/>\nSt-Eustache (Qc) J7R 0A3<\/p>\n<h5>450-413-2424<\/h5>\n<h5>Nous \u00e9crire<\/h5>\n<p>maniaquedistribution@hotmail.com<\/p>\n<div class=\"wpforms-container wpforms-container-full\" id=\"wpforms-1881\"><form id=\"wpforms-form-1881\" class=\"wpforms-validate wpforms-form\" data-formid=\"1881\" method=\"post\" enctype=\"multipart\/form-data\" action=\"\/fr\/wp-json\/wp\/v2\/pages\/55\" data-token=\"7ffd0a6f35862dde1227e60348eb89f6\" data-trp-original-action=\"\/fr\/wp-json\/wp\/v2\/pages\/55\"><noscript class=\"wpforms-error-noscript\">Please enable JavaScript in your browser to complete this form.<\/noscript><div class=\"wpforms-field-container\"><div id=\"wpforms-1881-field_0-container\" class=\"wpforms-field wpforms-field-text\" data-field-id=\"0\"><label class=\"wpforms-field-label\" for=\"wpforms-1881-field_0\">Votre pr\u00e9nom et nom de famille <span class=\"wpforms-required-label\">*<\/span><\/label><input type=\"text\" id=\"wpforms-1881-field_0\" class=\"wpforms-field-large wpforms-field-required\" name=\"wpforms[fields][0]\" required><\/div><div id=\"wpforms-1881-field_1-container\" class=\"wpforms-field wpforms-field-email\" data-field-id=\"1\"><label class=\"wpforms-field-label\" for=\"wpforms-1881-field_1\">E-mail <span class=\"wpforms-required-label\">*<\/span><\/label><input type=\"email\" id=\"wpforms-1881-field_1\" class=\"wpforms-field-large wpforms-field-required\" name=\"wpforms[fields][1]\" required><\/div><div id=\"wpforms-1881-field_2-container\" class=\"wpforms-field wpforms-field-phone\" data-field-id=\"2\"><label class=\"wpforms-field-label\" for=\"wpforms-1881-field_2\">T\u00e9l\u00e9phone<\/label><input type=\"tel\" id=\"wpforms-1881-field_2\" class=\"wpforms-field-large\" data-rule-int-phone-field=\"true\" name=\"wpforms[fields][2]\" ><\/div><div id=\"wpforms-1881-field_3-container\" class=\"wpforms-field wpforms-field-text\" data-field-id=\"3\"><label class=\"wpforms-field-label\" for=\"wpforms-1881-field_3\">Quel est le sujet de votre question ?<\/label><input type=\"text\" id=\"wpforms-1881-field_3\" class=\"wpforms-field-large\" name=\"wpforms[fields][3]\" ><\/div><div id=\"wpforms-1881-field_9-container\" class=\"wpforms-field wpforms-field-textarea\" data-field-id=\"9\"><label class=\"wpforms-field-label\" for=\"wpforms-1881-field_9\">Votre message<\/label><textarea id=\"wpforms-1881-field_9\" class=\"wpforms-field-large\" name=\"wpforms[fields][9]\" ><\/textarea><\/div><\/div><div class=\"wpforms-submit-container\"><input type=\"hidden\" name=\"wpforms[id]\" value=\"1881\"><input type=\"hidden\" name=\"wpforms[author]\" value=\"1\"><button type=\"submit\" name=\"wpforms[submit]\" id=\"wpforms-submit-1881\" class=\"wpforms-submit\" aria-live=\"assertive\" value=\"wpforms-submit\">Envoyer<\/button><\/div><input type=\"hidden\" name=\"trp-form-language\" value=\"fr\"\/><\/form><\/div>  <!-- .wpforms-container -->\n<style>\/*! elementor - v3.10.1 - 17-01-2023 *\/<br \/>\n.elementor-widget-google_maps .elementor-widget-container{overflow:hidden}.elementor-widget-google_maps iframe{height:300px}<\/style>\n<p><iframe title=\"345 Rue du Parc Local 104, Saint-Eustache, QC J7R 0A3\" src=\"https:\/\/maps.google.com\/maps?q=345%20Rue%20du%20Parc%20Local%20104%2C%20Saint-Eustache%2C%20QC%20J7R%200A3&amp;t=m&amp;z=17&amp;output=embed&amp;iwloc=near\" aria-label=\"345 Rue du Parc Local 104, Saint-Eustache, QC J7R 0A3\"><\/iframe><\/p>","protected":false},"excerpt":{"rendered":"<p>Vous avez des questions? N&#8217;h\u00e9sitez pas \u00e0 contacter notre service \u00e0 la client\u00e8le. Il nous fera plaisir de vous assister. Maniaque Distribution 345 Rue Du Parc Local #104, St-Eustache (Qc) J7R 0A3 450-413-2424 Nous \u00e9crire maniaquedistribution@hotmail.com<\/p>","protected":false},"author":1,"featured_media":1077,"parent":0,"menu_order":0,"comment_status":"closed","ping_status":"closed","template":"custom-page.php","meta":{"footnotes":""},"class_list":["post-55","page","type-page","status-publish","has-post-thumbnail","hentry"],"_links":{"self":[{"href":"https:\/\/www.maniaquedistribution.com\/fr\/wp-json\/wp\/v2\/pages\/55","targetHints":{"allow":["GET"]}}],"collection":[{"href":"https:\/\/www.maniaquedistribution.com\/fr\/wp-json\/wp\/v2\/pages"}],"about":[{"href":"https:\/\/www.maniaquedistribution.com\/fr\/wp-json\/wp\/v2\/types\/page"}],"author":[{"embeddable":true,"href":"https:\/\/www.maniaquedistribution.com\/fr\/wp-json\/wp\/v2\/users\/1"}],"replies":[{"embeddable":true,"href":"https:\/\/www.maniaquedistribution.com\/fr\/wp-json\/wp\/v2\/comments?post=55"}],"version-history":[{"count":41,"href":"https:\/\/www.maniaquedistribution.com\/fr\/wp-json\/wp\/v2\/pages\/55\/revisions"}],"predecessor-version":[{"id":6986,"href":"https:\/\/www.maniaquedistribution.com\/fr\/wp-json\/wp\/v2\/pages\/55\/revisions\/6986"}],"wp:featuredmedia":[{"embeddable":true,"href":"https:\/\/www.maniaquedistribution.com\/fr\/wp-json\/wp\/v2\/media\/1077"}],"wp:attachment":[{"href":"https:\/\/www.maniaquedistribution.com\/fr\/wp-json\/wp\/v2\/media?parent=55"}],"curies":[{"name":"wp","href":"https:\/\/api.w.org\/{rel}","templated":true}]}}