{"id":3337,"date":"2023-03-18T23:39:01","date_gmt":"2023-03-18T22:39:01","guid":{"rendered":"https:\/\/pneustb.com\/?post_type=product&#038;p=3337"},"modified":"2023-08-09T22:26:24","modified_gmt":"2023-08-09T20:26:24","slug":"rfz-enduro-150","status":"publish","type":"product","link":"https:\/\/www.maniaquedistribution.com\/fr\/product\/rfz-enduro-150\/","title":{"rendered":"RFZ ENDURO 150"},"content":{"rendered":"<p>Derni\u00e8re-n\u00e9e de la gamme, cette motocross b\u00e9n\u00e9ficie des nouveaux plastiques derni\u00e8res g\u00e9n\u00e9ration. En effet, gr\u00e2ce \u00e0 ceux-l\u00e0 l&#8217;entretient de votre moto sera plus simple \u00e0 faire, tous les \u00e9l\u00e9ments sont ind\u00e9pendants les des autres, le garde-boue arri\u00e8re est moul\u00e9 en une seule pi\u00e8ce et la selle est d\u00e9montable \u00e0 la main par le dessus. Cette Pit bike est plus fine que les autres, sa selle est plus longue donc plus confortable et son r\u00e9servoir est le plus gros de sa cat\u00e9gorie avec ses 4,7L de contenance.<\/p>\n<p>Cette moto est \u00e9quip\u00e9e du moteur 150cc YTX qui est connu pour sa fiabilit\u00e9 et sa puissance, vous pouvez alors aussi bien aller sur un terrain de cross que partir en balade avec vos amis\u2026<\/p>\n<p>Cette RFZ ENDURO 150 est destin\u00e9e \u00e0 n\u2019importe quel type d\u2019utilisateur, du jeune\u00a0de 16\u00a0ans \u00e0 l\u2019adulte qui n\u2019a pas peur de sauter avec sa machine. Cette Dirt bike est \u00e9quip\u00e9e de roues 14&#8243; \u00e0 l&#8217;arri\u00e8re et 17&#8243; \u00e0 l&#8217;avant.<\/p>\n<p>Cette moto est \u00e9quip\u00e9e d&#8217;un gripster de roue \u00e0 l&#8217;arri\u00e8re pour bloquer la chambre \u00e0 air et \u00e9viter les arrachements de valves &#8230; Fini les crevaisons !<\/p>\n<p>Tr\u00e8s bien suspendue cette Pit Bike est \u00e9quip\u00e9e de suspensions VOLT d\u00e9velopp\u00e9es par Apollo Motors: Fourche invers\u00e9e hydraulique et amortisseur hydraulique \u00e0 gaz.<\/p>\n<p>Avec cette Dirt Bike, vous allez faire des jaloux &#8230;<\/p>\n<p>Conseill : Pensez \u00e0 bien v\u00e9rifier l&#8217;\u00e9tat de votre Minimoto avant\/apr\u00e8s chaque sortie en effectuant vos r\u00e9glages. Entretenir votre Minimoto est tr\u00e8s important pour votre s\u00e9curit\u00e9 (tension de cha\u00eene , \u00e9tat des pneus, r\u00e9glages carburateurs, visserie g\u00e9n\u00e9rale&#8230;)<\/p>\n<ul>\n<li>Nouveau kit plastiques derni\u00e8re g\u00e9n\u00e9ration<\/li>\n<li>Plus confortable, \u00e9quip\u00e9e de grandes roues 17&#8243;\/14&#8243;<\/li>\n<li>Selle plus longue, plus confortable, d\u00e9montable par le dessus<\/li>\n<li>R\u00e9servoir grosse capacit\u00e9 de 4,7L<\/li>\n<li>Moteur 150cc YTX sur-puissant<\/li>\n<li>Fiabilit\u00e9<\/li>\n<li>Gripster de roue arri\u00e8re de s\u00e9rie<\/li>\n<\/ul>\n<p>Montage inclus<\/p>\n<p class=\"p1\">Meilleur prix garanti !<\/p>\n<p class=\"p1\">Trouvez moins cher et nous \u00e9galiserons le prix !<\/p>\n<p>&nbsp;<\/p>\n<h2>Caract\u00e9ristiques<\/h2>\n<div>\n<h3>MOTORISATION<\/h3>\n<div class=\"list\">\n<p>D\u00e9multiplication:\u00a0Couronne 41 dents, Pignon 14 dents<\/p>\n<p>Carburateur:\u00a0Apollo 24mm<\/p>\n<p>Type de moteur:\u00a0YTX Monocylindre 4T<\/p>\n<p>Embrayage:\u00a0Multidisque en bain d&#8217;huile<\/p>\n<p>Capacit\u00e9 d&#8217;huile:\u00a0900mL<\/p>\n<p>Allumage:\u00a0CDI avec microprocesseur<\/p>\n<p>Refroidissement:\u00a0Air<\/p>\n<p>Mise en route:\u00a0Kick-Start<\/p>\n<p>Cylindr\u00e9e:\u00a0150cc<\/p>\n<p>Transmission:\u00a04 rapports(N-1-2-3-4)<\/p>\n<p>Al\u00e9sage:\u00a056mm x 57mm<\/p>\n<p>Transmission finale:\u00a0Cha\u00eene 428 KMC renforc\u00e9e<\/p>\n<\/div>\n<\/div>\n<div>\n<h3>PARTIES CYCLE<\/h3>\n<div class=\"list\">\n<p>Suspension avant:\u00a0Fourche invers\u00e9e Volt V-ONE<\/p>\n<p>\u00c9chappement:\u00a0Cartouche d&#8217;\u00e9chappement racing en aluminium<\/p>\n<p>Bras oscillant:\u00a0Acier<\/p>\n<p>Selle:\u00a0Noire, d\u00e9montable par le dessus<\/p>\n<p>Suspension arri\u00e8re:\u00a0VOLT-V-ONE<\/p>\n<p>R\u00e9servoir:\u00a0Racing 4.7L<\/p>\n<p>Frein avant:\u00a0Frein \u00e0 disque, \u00e9trier \u00e0 doubles pistons<\/p>\n<p>Couleur:\u00a0Rouge et Bleu<\/p>\n<p>Frein arri\u00e8re:\u00a0Frein \u00e0 disque, \u00e9trier \u00e0 simple piston<\/p>\n<p>Guidon:\u00a0Fatbar 28.6mm en acier<\/p>\n<p>Roue avant:\u00a0Jante acier 17&#8243;, axe de 15mm, pneu 2.75-17<\/p>\n<p>Cadre:\u00a0Chassis V803 central tubulaire en tubes profil\u00e9s<\/p>\n<p>Roue arri\u00e8re:\u00a0Jante acier 14&#8243;, axe de 15mm, pneu 3.00-14<\/p>\n<p>Poign\u00e9es:\u00a0Apollo noire<\/p>\n<\/div>\n<\/div>\n<div>\n<h3>DIMENSIONS<\/h3>\n<div class=\"list\">\n<p>Hauteur de selle:\u00a0820mm<\/p>\n<p>Garde au sol:\u00a0290mm<\/p>\n<p>Empattement:\u00a01210mm \u00b110mm<\/p>\n<p>Poids:\u00a070KG<\/p>\n<\/div>\n<\/div>\n<p>&nbsp;<\/p>","protected":false},"excerpt":{"rendered":"<p>Marque: APOLLO<br \/>\nCylindre: 150cc<br \/>\nMoteur: YTX MONOCYLINDRE 4T<\/p>\n<p>Mise en route:\u00a0Kick-Start<\/p>\n<p>Transmission:\u00a04 rapports(N-1-2-3-4)<\/p>","protected":false},"featured_media":5874,"template":"","meta":[],"product_cat":[42,669],"product_tag":[],"class_list":{"0":"post-3337","1":"product","2":"type-product","3":"status-publish","4":"has-post-thumbnail","6":"product_cat-apollo","7":"product_cat-apollo-moto","9":"first","10":"instock","11":"taxable","12":"shipping-taxable","13":"purchasable","14":"product-type-simple"},"_links":{"self":[{"href":"https:\/\/www.maniaquedistribution.com\/fr\/wp-json\/wp\/v2\/product\/3337","targetHints":{"allow":["GET"]}}],"collection":[{"href":"https:\/\/www.maniaquedistribution.com\/fr\/wp-json\/wp\/v2\/product"}],"about":[{"href":"https:\/\/www.maniaquedistribution.com\/fr\/wp-json\/wp\/v2\/types\/product"}],"wp:featuredmedia":[{"embeddable":true,"href":"https:\/\/www.maniaquedistribution.com\/fr\/wp-json\/wp\/v2\/media\/5874"}],"wp:attachment":[{"href":"https:\/\/www.maniaquedistribution.com\/fr\/wp-json\/wp\/v2\/media?parent=3337"}],"wp:term":[{"taxonomy":"product_cat","embeddable":true,"href":"https:\/\/www.maniaquedistribution.com\/fr\/wp-json\/wp\/v2\/product_cat?post=3337"},{"taxonomy":"product_tag","embeddable":true,"href":"https:\/\/www.maniaquedistribution.com\/fr\/wp-json\/wp\/v2\/product_tag?post=3337"}],"curies":[{"name":"wp","href":"https:\/\/api.w.org\/{rel}","templated":true}]}}