{"id":3361,"date":"2023-03-19T00:14:42","date_gmt":"2023-03-18T23:14:42","guid":{"rendered":"https:\/\/pneustb.com\/?post_type=product&#038;p=3361"},"modified":"2023-08-09T22:25:37","modified_gmt":"2023-08-09T20:25:37","slug":"rfz-start","status":"publish","type":"product","link":"https:\/\/www.maniaquedistribution.com\/fr\/product\/rfz-start\/","title":{"rendered":"RFZ START"},"content":{"rendered":"<p><span class=\"HwtZe\" lang=\"fr\"><span class=\"jCAhz ChMk0b\"><span class=\"ryNqvb\">Le RFZ Start a \u00e9t\u00e9 cr\u00e9\u00e9 en 2016 sur la base d&#8217;un ch\u00e2ssis double poutre que l&#8217;on retrouve chez diff\u00e9rentes marques.<\/span><\/span> <span class=\"jCAhz ChMk0b\"><span class=\"ryNqvb\">En effet une forte demande de leurs clients, a pouss\u00e9 Apollo Motors \u00e0 fabriquer une moto plus basse, mieux adapt\u00e9e \u00e0 l&#8217;apprentissage tout en gardant la touche RFZ avec ses beaux plastiques !<\/span><\/span> <\/span><\/p>\n<p><span class=\"HwtZe\" lang=\"fr\"><span class=\"jCAhz ChMk0b\"><span class=\"ryNqvb\">Le kit plastique des mod\u00e8les RFZ a \u00e9t\u00e9 d\u00e9velopp\u00e9 en France dans leurs bureaux en \u00e9troite collaboration avec leurs usines pilotes : ligne de faisceau ultra-fine, libert\u00e9 de mouvement maximale, sans aucun compromis pour le placement des composants tout lui va comme un gant.<\/span><\/span> <\/span><\/p>\n<p><span class=\"HwtZe\" lang=\"fr\"><span class=\"jCAhz ChMk0b\"><span class=\"ryNqvb\">L&#8217;intelligence de conception du nouveau kit plastique se ressent d\u00e8s que l&#8217;on s&#8217;assoit sur le v\u00e9lo.<\/span><\/span> <span class=\"jCAhz ChMk0b\"><span class=\"ryNqvb\">Apr\u00e8s les premiers tours, on se rend compte de l&#8217;ampleur r\u00e9elle que g\u00e9n\u00e8rent toutes ces diff\u00e9rences.<\/span><\/span> <span class=\"jCAhz ChMk0b\"><span class=\"ryNqvb\">La nouvelle selle RFZ a la particularit\u00e9 d&#8217;\u00eatre extr\u00eamement fine ce qui facilite le maintien du v\u00e9lo avec les jambes.<\/span><\/span> <span class=\"jCAhz ChMk0b\"><span class=\"ryNqvb\">Cette selle est totalement ind\u00e9pendante des plastiques et se d\u00e9monte en moins de 30 secondes gr\u00e2ce \u00e0 un syst\u00e8me de d\u00e9montage rapide par le dessus.<\/span><\/span> <\/span><\/p>\n<p><span class=\"HwtZe\" lang=\"fr\"><span class=\"jCAhz ChMk0b\"><span class=\"ryNqvb\">Fini les crevaisons, ce v\u00e9lo est \u00e9quip\u00e9 d&#8217;un gripster de roue \u00e0 l&#8217;arri\u00e8re pour bloquer la chambre \u00e0 air et \u00e9viter l&#8217;arrachement de valve !<\/span><\/span> <span class=\"jCAhz ChMk0b\"><span class=\"ryNqvb\">C\u00f4t\u00e9 moteur, Apollo collabore avec l&#8217;usine YTX, qui en fait un moteur 125cc de d\u00e9marrage, mais avec un cylindre en aluminium.<\/span><\/span> <\/span><\/p>\n<p><span class=\"HwtZe\" lang=\"fr\"><span class=\"jCAhz ChMk0b\"><span class=\"ryNqvb\">Nous vous recommandons d&#8217;entretenir votre Dirt Bike avant et apr\u00e8s chaque sortie en for\u00eat, cross country.<\/span><\/span> <\/span><\/p>\n<ul>\n<li><span class=\"HwtZe\" lang=\"fr\"><span class=\"jCAhz ChMk0b\"><span class=\"ryNqvb\">Minicross d\u00e9velopp\u00e9 en France<\/span><\/span> <\/span><\/li>\n<li><span class=\"HwtZe\" lang=\"fr\"><span class=\"jCAhz ChMk0b\"><span class=\"ryNqvb\">Haute qualit\u00e9, prix mini.<\/span><\/span> <\/span><\/li>\n<li><span class=\"HwtZe\" lang=\"fr\"><span class=\"jCAhz ChMk0b\"><span class=\"ryNqvb\">Selle amovible \u00e0 la main en moins de 30 secondes<\/span><\/span> <\/span><\/li>\n<li><span class=\"HwtZe\" lang=\"fr\"><span class=\"jCAhz ChMk0b\"><span class=\"ryNqvb\">Fourche et amortisseur <\/span><\/span><\/span><\/li>\n<li><span class=\"HwtZe\" lang=\"fr\"><span class=\"jCAhz ChMk0b\"><span class=\"ryNqvb\">Volt Racing d\u00e9velopp\u00e9s en France<\/span><\/span> <\/span><\/li>\n<li><span class=\"HwtZe\" lang=\"fr\"><span class=\"jCAhz ChMk0b\"><span class=\"ryNqvb\">Moteur \u00e0 cylindre en aluminium <\/span><\/span><\/span><\/li>\n<li><span class=\"HwtZe\" lang=\"fr\"><span class=\"jCAhz ChMk0b\"><span class=\"ryNqvb\">YTX<\/span><\/span> <span class=\"jCAhz ChMk0b\"><span class=\"ryNqvb\">S\u00e9rie de roues arri\u00e8re Gripster<\/span><\/span><\/span><\/li>\n<\/ul>\n<p>&nbsp;<\/p>\n<h2>Caract\u00e9ristiques<\/h2>\n<div>\n<h3>MOTORISATION<\/h3>\n<div class=\"list\">\n<p>MOTORISATION CARACT\u00c9RISTIQUES :<\/p>\n<p>D\u00c9MULTIPLICATION Couronne 41 dents, Pignon 14 dents :<\/p>\n<p>TYPE DE MOTEUR:\u00a0YTX Monocylindre 4T<\/p>\n<p>CAPACIT\u00c9 D&#8217;HUILE:\u00a0900mL<\/p>\n<p>REFROIDISSEMENT:\u00a0Air<\/p>\n<p>CYLINDR\u00c9E:\u00a0110cc<\/p>\n<p>AL\u00c9SAGE:\u00a052.4mm x 55.5mm<\/p>\n<p>CARBURATEUR:\u00a0Apollo PZ19<\/p>\n<p>EMBRAYAGE:\u00a0Multidisque en bain d&#8217;huile<\/p>\n<p>ALLUMAGE:\u00a0Allumage CDI microprocesseur<\/p>\n<p>MISE EN ROUTE:\u00a0Kick-Start<\/p>\n<p>TRANSMISSION:\u00a04 rapports (N-1-2-3-4)<\/p>\n<p>TRANSMISSION FINALE:\u00a0Cha\u00eene 428 KMC renforc\u00e9e<\/p>\n<\/div>\n<\/div>\n<div>\n<h3>PARTIES CYCLE<\/h3>\n<div class=\"list\">\n<p>SUSPENSION AVANTSUSPENSION AVANT:\u00a0Fourche Volt V-ONE 625mm<\/p>\n<p>BRAS OSCILLANT:\u00a0Cross acier, mont\u00e9 sur cages \u00e0 aiguilles<\/p>\n<p>SUSPENSION ARRI\u00c8RE:\u00a0Amortisseur arri\u00e8re Volt V-ONE 280mm<\/p>\n<p>FREIN AVANT:\u00a0Frein \u00e0 disque, \u00e9trier \u00e0 doubles pistons<\/p>\n<p>FREIN ARRI\u00c8RE:\u00a0Frein \u00e0 disque, \u00e9trier \u00e0 simple piston<\/p>\n<p>ROUE AVANT:\u00a0Jante acier 14&#8243;, axe de 15mm, pneu 2.75-14<\/p>\n<p>ROUE ARRI\u00c8RE:\u00a0Jante acier 12&#8243; noire, axe de 15mm, pneu 3.00-12<\/p>\n<p>\u00c9CHAPPEMENT:\u00a0Cartouche d&#8217;\u00e9chappement en acier<\/p>\n<p>SELLE:\u00a0Volt Noire, d\u00e9montable par le dessus<\/p>\n<p>R\u00c9SERVOIR:\u00a0Acier 4.7L<\/p>\n<p>COULEUR:\u00a0Rouge et Bleu<\/p>\n<p>GUIDON:\u00a022mm acier<\/p>\n<p>CADRE:\u00a0Cadre double (3 points d&#8217;ancrage moteur)<\/p>\n<p>POIGN\u00c9ES:\u00a0Apollo noire<\/p>\n<\/div>\n<\/div>\n<div>\n<h3>DIMENSIONS<\/h3>\n<div class=\"list\">\n<p>HAUTEUR DE SELLE:\u00a0760 mm<\/p>\n<p>EMPATTEMENT:\u00a01145 mm<\/p>\n<p>GARDE AU SOL:\u00a0270 mm<\/p>\n<p>POIDS:\u00a066 KG<\/p>\n<\/div>\n<\/div>","protected":false},"excerpt":{"rendered":"<p>Marque: APOLLO<br \/>\nCylindre: 110CC<br \/>\nMoteur: YTX MONOCYLINDRE 4T<\/p>\n<p>Transmission: 4 rapports (N-1-2-3-4)<\/p>\n<p>Mise en route: Kick-Start<\/p>\n<p>&nbsp;<\/p>","protected":false},"featured_media":5873,"template":"","meta":[],"product_cat":[42,669],"product_tag":[],"class_list":{"0":"post-3361","1":"product","2":"type-product","3":"status-publish","4":"has-post-thumbnail","6":"product_cat-apollo","7":"product_cat-apollo-moto","9":"first","10":"instock","11":"taxable","12":"shipping-taxable","13":"purchasable","14":"product-type-simple"},"_links":{"self":[{"href":"https:\/\/www.maniaquedistribution.com\/fr\/wp-json\/wp\/v2\/product\/3361","targetHints":{"allow":["GET"]}}],"collection":[{"href":"https:\/\/www.maniaquedistribution.com\/fr\/wp-json\/wp\/v2\/product"}],"about":[{"href":"https:\/\/www.maniaquedistribution.com\/fr\/wp-json\/wp\/v2\/types\/product"}],"wp:featuredmedia":[{"embeddable":true,"href":"https:\/\/www.maniaquedistribution.com\/fr\/wp-json\/wp\/v2\/media\/5873"}],"wp:attachment":[{"href":"https:\/\/www.maniaquedistribution.com\/fr\/wp-json\/wp\/v2\/media?parent=3361"}],"wp:term":[{"taxonomy":"product_cat","embeddable":true,"href":"https:\/\/www.maniaquedistribution.com\/fr\/wp-json\/wp\/v2\/product_cat?post=3361"},{"taxonomy":"product_tag","embeddable":true,"href":"https:\/\/www.maniaquedistribution.com\/fr\/wp-json\/wp\/v2\/product_tag?post=3361"}],"curies":[{"name":"wp","href":"https:\/\/api.w.org\/{rel}","templated":true}]}}