{"id":3438,"date":"2023-07-29T15:03:33","date_gmt":"2023-07-29T13:03:33","guid":{"rendered":"https:\/\/www.agence-bildo.com\/maniaque\/?post_type=product&#038;p=3438"},"modified":"2023-08-04T17:16:53","modified_gmt":"2023-08-04T15:16:53","slug":"rxf-junior","status":"publish","type":"product","link":"https:\/\/www.maniaquedistribution.com\/fr\/product\/rxf-junior\/","title":{"rendered":"RXF JUNIOR"},"content":{"rendered":"<p>La nouvelle gamme RXF fait rentrer la marque Apollo Motors dans une nouvelle \u00e8re! Nouveau look, nouveau cadre, accrochez-vous \u00e0 votre guidon ces motos mettent une claque \u00e0 toutes les autres du march\u00e9 du Dirt Bike. Cette RXF change de dimension et d&#8217;esth\u00e9tique afin de proposer des motos proches de celles du championnat du monde de moto cross. Vous en avez marre des motos jetables et peu performantes ? Vous voulez acheter une moto con\u00e7ue en France? Cette nouvelle RXF r\u00e9pond \u00e0 vos exigences.<\/p>\n<p>Le kit plastique des mod\u00e8les RXF a \u00e9t\u00e9 d\u00e9velopp\u00e9 en France dans leurs bureaux en \u00e9troite collaboration avec leurs pilotes usines: ligne de poutre ultra fine, libert\u00e9 de mouvement maximale, sans aucun compromis pour le placement des composants tout lui va comme un gant. L&#8217;intelligence de conception du nouveau kit plastique se ressent d\u00e8s que l&#8217;on s&#8217;assoit sur la moto. Apr\u00e8s les premiers tours, on r\u00e9alise la r\u00e9elle ampleur que g\u00e9n\u00e8rent toutes ces diff\u00e9rences.<\/p>\n<p>La nouvelle selle RXF a la particularit\u00e9 d&#8217;\u00eatre extr\u00eamement fine ce qui facilite le maintien de la moto avec les jambes. Cette selle est compl\u00e9tement ind\u00e9pendante aux plastiques et peut donc se d\u00e9monter en moins de 30 secondes! Le petit guidon Fatbar a \u00e9t\u00e9 sp\u00e9cialement con\u00e7u pour le ch\u00e2ssis de la RXF, cette moto est adapt\u00e9e aux plus petits pour un bien meilleur apprentissage.<\/p>\n<p>Cette RXF est \u00e9quip\u00e9e des toutes nouvelles suspensions Volt Racing, la fourche et l&#8217;amortisseur ont \u00e9t\u00e9 d\u00e9velopp\u00e9s en France pendant plus d&#8217;un an avec notre pr\u00e9parateur. La fourche Volt a \u00e9t\u00e9 d\u00e9velopp\u00e9e pour avoir un maximum de confort. Son design est unique, ses fourreaux sont blancs et ses t\u00eates de fourche sont bleues.<\/p>\n<p>Enfin un amortisseur qui fonctionne! Le tout nouveau amortisseur Volt a \u00e9t\u00e9 cr\u00e9\u00e9 uniquement pour cette moto, et adapt\u00e9 \u00e0 un poids d&#8217;enfant et non d&#8217;adulte comme on peut trouver chez d&#8217;autres marques. Votre enfant aura un vrai incontestable et une excellente stabilit\u00e9. Cot\u00e9 freinage, cette RXF est au top, pas de frein \u00e0 c\u00e2bles mais des freins \u00e0 disques hydrauliques qui vous apporteront une s\u00e9curit\u00e9 \u00e0 toutes \u00e9preuves, ceux-l\u00e0 s&#8217;utilisent \u00e0 l&#8217;aide de leviers de freins sur le guidon.<\/p>\n<ul>\n<li>Nouveau mod\u00e8le 100% d\u00e9velopp\u00e9 en France<\/li>\n<li>Nouveau moteur d\u00e9marrage \u00e9lectrique<\/li>\n<li>Kits plastiques d\u00e9montables Easy-out<\/li>\n<li>D\u00e9butant et jeune ados<\/li>\n<li>Freins avant et arri\u00e8re \u00e0 disques hydrauliques<\/li>\n<li>Suspensions Volt adapt\u00e9es aux poids des d\u00e9butant<\/li>\n<li>Freins avant au guidon, arri\u00e8re au pied<\/li>\n<li>D\u00e9marreur \u00e9lectrique<\/li>\n<li>Moteur Semi-automatique, 4 vitesses<\/li>\n<\/ul>\n<p class=\"p1\">Montage inclus<\/p>\n<p class=\"p1\">Meilleur prix garanti !<\/p>\n<p class=\"p1\">Trouvez moins cher et nous \u00e9galiserons le prix !<\/p>\n<div id=\"motorisation\" class=\"section\"><\/div>\n<div id=\"dimensions\" class=\"section\">\n<div class=\"row\">\n<div class=\"grid_6 grid_768_12 alpha_768 omega_768 omega\">\n<div class=\"table\">\n<h2>Caract\u00e9ristiques<\/h2>\n<div>\n<h3>MOTORISATION<\/h3>\n<div class=\"list\">\n<p>D\u00c9MULTIPLICATION:\u00a0Couronne 41 dents, Pignon 14 dents<\/p>\n<p>TYPE DE MOTEUR:\u00a0Monocylindre 4T<\/p>\n<p>CAPACIT\u00c9 D&#8217;HUILE:\u00a0900mL<\/p>\n<p>REFROIDISSEMENT:\u00a0Air<\/p>\n<p>CYLINDR\u00c9E:\u00a0107cc<\/p>\n<p>AL\u00c9SAGE:\u00a052.4mm x 55.5mm<\/p>\n<p>CARBURATEUR:\u00a0Apollo PZ16<\/p>\n<p>EMBRAYAGE:\u00a0Multidisque en bain d&#8217;huile<\/p>\n<p>ALLUMAGE:\u00a0CDI microprocesseur<\/p>\n<p>MISE EN ROUTE:\u00a0Electrique<\/p>\n<p>TRANSMISSION:\u00a0Semi-Automatique<\/p>\n<p>TRANSMISSION FINALE:\u00a0Cha\u00eene 428<\/p>\n<\/div>\n<\/div>\n<div>\n<h3>PARTIES CYCLE<\/h3>\n<div class=\"list\">\n<p>SUSPENSION AVANT:\u00a0Fourche Volt V-ONE 630mm<\/p>\n<p>BRAS OSCILLANT:\u00a0Cross acier, mont\u00e9 sur cages \u00e0 aiguilles<\/p>\n<p>SUSPENSION ARRI\u00c8RE:\u00a0Amortisseur Volt V-ONE 270mm<\/p>\n<p>FREIN AVANT:\u00a0Frein \u00e0 disque, \u00e9trier \u00e0 doubles pistons<\/p>\n<p>FREIN ARRI\u00c8RE:\u00a0Frein \u00e0 disque, \u00e9trier \u00e0 simple piston<\/p>\n<p>ROUE AVANT:\u00a0Jante acier 14&#8243;, axe de 15mm, pneu 2.75-14<\/p>\n<p>ROUE ARRI\u00c8RE:\u00a0Jante acier 12&#8243;, axe de 15mm, pneu 3.00-12<\/p>\n<p>\u00c9CHAPPEMENT:\u00a0ALUMINIUM VOLT PERFORMANCE<\/p>\n<p>SELLE:\u00a0Volt Bleu, d\u00e9montable par le dessus<\/p>\n<p>R\u00c9SERVOIR:\u00a0Plastique 4.7L<\/p>\n<p>COULEUR:\u00a0Rouge et Bleu<\/p>\n<p>GUIDON:\u00a0Fat bar 28.6mm acier<\/p>\n<p>CADRE:\u00a0Cadre double (3 points d&#8217;ancrage moteur)<\/p>\n<p>POIGN\u00c9ES:\u00a0Apollo noire<\/p>\n<\/div>\n<\/div>\n<div>\n<h3>DIMENSIONS<\/h3>\n<div class=\"list\">\n<p>HAUTEUR DE SELLE:\u00a0690mm<\/p>\n<p>EMPATTEMENT:\u00a01100mm<\/p>\n<p>GARDE AU SOL:\u00a0180mm<\/p>\n<p>POIDS:\u00a074KG<\/p>\n<\/div>\n<\/div>\n<\/div>\n<\/div>\n<\/div>\n<\/div>","protected":false},"excerpt":{"rendered":"<p>Marque: APOLLO<\/p>\n<p>Cylindr\u00e9e: 107cc<\/p>\n<p>Moteur: Monocylindre 4T<\/p>\n<p>Mise en route: Electrique<\/p>\n<p>Transmission: Semi-Automatique<\/p>","protected":false},"featured_media":3439,"template":"","meta":[],"product_cat":[42,669],"product_tag":[],"class_list":{"0":"post-3438","1":"product","2":"type-product","3":"status-publish","4":"has-post-thumbnail","6":"product_cat-apollo","7":"product_cat-apollo-moto","9":"first","10":"instock","11":"taxable","12":"shipping-taxable","13":"purchasable","14":"product-type-simple"},"_links":{"self":[{"href":"https:\/\/www.maniaquedistribution.com\/fr\/wp-json\/wp\/v2\/product\/3438","targetHints":{"allow":["GET"]}}],"collection":[{"href":"https:\/\/www.maniaquedistribution.com\/fr\/wp-json\/wp\/v2\/product"}],"about":[{"href":"https:\/\/www.maniaquedistribution.com\/fr\/wp-json\/wp\/v2\/types\/product"}],"wp:featuredmedia":[{"embeddable":true,"href":"https:\/\/www.maniaquedistribution.com\/fr\/wp-json\/wp\/v2\/media\/3439"}],"wp:attachment":[{"href":"https:\/\/www.maniaquedistribution.com\/fr\/wp-json\/wp\/v2\/media?parent=3438"}],"wp:term":[{"taxonomy":"product_cat","embeddable":true,"href":"https:\/\/www.maniaquedistribution.com\/fr\/wp-json\/wp\/v2\/product_cat?post=3438"},{"taxonomy":"product_tag","embeddable":true,"href":"https:\/\/www.maniaquedistribution.com\/fr\/wp-json\/wp\/v2\/product_tag?post=3438"}],"curies":[{"name":"wp","href":"https:\/\/api.w.org\/{rel}","templated":true}]}}