{"id":3440,"date":"2023-07-29T15:07:17","date_gmt":"2023-07-29T13:07:17","guid":{"rendered":"https:\/\/www.agence-bildo.com\/maniaque\/?post_type=product&#038;p=3440"},"modified":"2023-08-04T17:19:11","modified_gmt":"2023-08-04T15:19:11","slug":"rxf-open","status":"publish","type":"product","link":"https:\/\/www.maniaquedistribution.com\/fr\/product\/rxf-open\/","title":{"rendered":"RXF OPEN"},"content":{"rendered":"<p>La RXF change de dimension et d&#8217;esth\u00e9tique afin de proposer des motos proches de celles du championnat du monde de moto cross !<\/p>\n<div id=\"motorisation\" class=\"section\">\n<p class=\"p1\">Montage inclus<\/p>\n<p class=\"p1\">Meilleur prix garanti !<\/p>\n<p class=\"p1\">Trouvez moins cher et nous \u00e9galiserons le prix !<\/p>\n<\/div>\n<div id=\"dimensions\" class=\"section\">\n<div class=\"row\">\n<div class=\"grid_6 grid_768_12 alpha_768 omega_768 omega\">\n<div class=\"table\">\n<div class=\"table_row\">\n<h2><\/h2>\n<h2>Caract\u00e9ristiques<\/h2>\n<div>\n<h3>MOTORISATION<\/h3>\n<div class=\"list\">\n<p>ENTRAINEMENT:\u00a0Couronne 43 dents, Pignon 14 dents<\/p>\n<p>TYPE MOTEUR:\u00a0YTX Monocylindre 4T<\/p>\n<p>CAPACIT\u00c9 D&#8217;HUILE:\u00a0900mL<\/p>\n<p>REFROIDISSEMENT:\u00a0Air<\/p>\n<p>CYLINDR\u00c9E:\u00a0147,7CC<\/p>\n<p>ALESAGE:\u00a056mm x 57mm<\/p>\n<p>CARBURATEUR:\u00a0Molkt 26mm<\/p>\n<p>EMBRAYAGE:\u00a0Multidisque en bain d&#8217;huile<\/p>\n<p>ALLUMAGE:\u00a0Allumage CDI microprocesseur<\/p>\n<p>MISE EN ROUTE:\u00a0D\u00e9marrage au pied<\/p>\n<p>TRANSMISSION:\u00a04 rapports (N-1-2-3-4)<\/p>\n<p>TRANSMISSION FINALE:\u00a0Cha\u00eene 428 KMC renforc\u00e9e<\/p>\n<\/div>\n<\/div>\n<div>\n<h3>PARTIES CYCLE<\/h3>\n<div class=\"list\">\n<p>T\u00c9S DE FOURCHE:\u00a0Aluminium embouti 48mm\/51mm<\/p>\n<p>SUSPENSION AVANT:\u00a0Volt Suspension V-ONE 810mm<\/p>\n<p>BRAS OSCILLANT:\u00a0Acier mont\u00e9 sur cage \u00e0 aiguilles<\/p>\n<p>D\u00c9BATTEMENT AVANT:\u00a0210mm<\/p>\n<p>SUSPENSION ARRI\u00c8RE:\u00a0Volt Suspension V-FORCE 350mm<\/p>\n<p>FREIN AVANT:\u00a0Frein \u00e0 disque \u00e9trier \u00e0 simple piston- disque 220mm<\/p>\n<p>FREIN ARRI\u00c8RE:\u00a0Frein \u00e0 disque \u00e9trier \u00e0 simple piston- disque 190mm<\/p>\n<p>ROUE AVANT:\u00a0Jante acier 14&#8243;, axe de 15mm, pneu 2.75-14<\/p>\n<p>ROUE ARRI\u00c8RE:\u00a0Jante acier 12&#8243;, axe de 15mm, pneu 3.00-12<\/p>\n<p>\u00c9CHAPPEMENT:\u00a0VOLT PERFORMANCE, cartouche E 5.0\u2122 inox<\/p>\n<p>SELLE:\u00a0VOLT Bleu<\/p>\n<p>R\u00c9SERVOIR:\u00a0Plastique capacit\u00e9 5.3L<\/p>\n<p>COULEUR:\u00a0Rouge<\/p>\n<p>GUIDON:\u00a0Fat bar 28.6mm acier<\/p>\n<p>CADRE:\u00a0Chassis central tubulaire en tubes profil\u00e9s<\/p>\n<p>POIGN\u00c9ES:\u00a0Apollo AM deisgn<\/p>\n<\/div>\n<\/div>\n<div>\n<h3>DIMENSIONS<\/h3>\n<div class=\"list\">\n<p>HAUTEUR DE SELLE:\u00a0820mm<\/p>\n<p>EMPATTEMENT:\u00a01180mm \u00b110 mm<\/p>\n<p>GARDE AU SOL:\u00a0290mm<\/p>\n<p>POIDS:\u00a077KG<\/p>\n<\/div>\n<\/div>\n<\/div>\n<\/div>\n<\/div>\n<\/div>\n<\/div>\n<p>&nbsp;<\/p>","protected":false},"excerpt":{"rendered":"<p>Marque: APOLLO<\/p>\n<p>Cylindr\u00e9e: 147,7cc<\/p>\n<p>Moteur: YTX Monocylindre 4T<\/p>\n<p>Mise en route: D\u00e9marrage au pied<\/p>\n<p>Transmission: 4 rapports (N-1-2-3-4)<\/p>","protected":false},"featured_media":3441,"template":"","meta":[],"product_cat":[42,669],"product_tag":[],"class_list":{"0":"post-3440","1":"product","2":"type-product","3":"status-publish","4":"has-post-thumbnail","6":"product_cat-apollo","7":"product_cat-apollo-moto","9":"first","10":"instock","11":"taxable","12":"shipping-taxable","13":"purchasable","14":"product-type-simple"},"_links":{"self":[{"href":"https:\/\/www.maniaquedistribution.com\/fr\/wp-json\/wp\/v2\/product\/3440","targetHints":{"allow":["GET"]}}],"collection":[{"href":"https:\/\/www.maniaquedistribution.com\/fr\/wp-json\/wp\/v2\/product"}],"about":[{"href":"https:\/\/www.maniaquedistribution.com\/fr\/wp-json\/wp\/v2\/types\/product"}],"wp:featuredmedia":[{"embeddable":true,"href":"https:\/\/www.maniaquedistribution.com\/fr\/wp-json\/wp\/v2\/media\/3441"}],"wp:attachment":[{"href":"https:\/\/www.maniaquedistribution.com\/fr\/wp-json\/wp\/v2\/media?parent=3440"}],"wp:term":[{"taxonomy":"product_cat","embeddable":true,"href":"https:\/\/www.maniaquedistribution.com\/fr\/wp-json\/wp\/v2\/product_cat?post=3440"},{"taxonomy":"product_tag","embeddable":true,"href":"https:\/\/www.maniaquedistribution.com\/fr\/wp-json\/wp\/v2\/product_tag?post=3440"}],"curies":[{"name":"wp","href":"https:\/\/api.w.org\/{rel}","templated":true}]}}