{"id":4488,"date":"2023-08-01T21:54:15","date_gmt":"2023-08-01T19:54:15","guid":{"rendered":"https:\/\/www.maniaquedistribution.com\/?post_type=product&#038;p=4488"},"modified":"2025-09-06T16:12:35","modified_gmt":"2025-09-06T14:12:35","slug":"souffleuse-professional-21-ssrc","status":"publish","type":"product","link":"https:\/\/www.maniaquedistribution.com\/fr\/product\/souffleuse-professional-21-ssrc\/","title":{"rendered":"Souffleuse Professional 21 SSRC AE938025"},"content":{"rendered":"<table class=\"table table-hover table-striped\">\n<tbody>\n<tr>\n<td class=\"text-muted\">Largeur de d\u00e9blaiement<\/td>\n<td class=\"font-weight-bold\">21\u00a0po<\/td>\n<\/tr>\n<tr>\n<td class=\"text-muted\">Bo\u00eete d&#8217;engrenage<\/td>\n<td class=\"font-weight-bold\">Aucune<\/td>\n<\/tr>\n<tr>\n<td class=\"text-muted\">D\u00e9flecteur<\/td>\n<td class=\"font-weight-bold\">Manuel<\/td>\n<\/tr>\n<tr>\n<td class=\"text-muted\">D\u00e9marrage<\/td>\n<td class=\"font-weight-bold\">\u00c0 rappel<\/td>\n<\/tr>\n<tr>\n<td class=\"text-muted\">Moteur<\/td>\n<td class=\"font-weight-bold\">Ariens AX 208cc (9.5 pi\/lbs)<\/td>\n<\/tr>\n<tr>\n<td class=\"text-muted\">Rotation de la chute<\/td>\n<td class=\"font-weight-bold\">210\u00b0 t\u00e9l\u00e9command\u00e9<\/td>\n<\/tr>\n<tr>\n<td class=\"text-muted\">S\u00e9rie<\/td>\n<td class=\"font-weight-bold\">Professional 21<\/td>\n<\/tr>\n<tr>\n<td class=\"text-muted\">Type d&#8217;entra\u00eenement<\/td>\n<td class=\"font-weight-bold\">Propulsion<\/td>\n<\/tr>\n<tr>\n<td class=\"text-muted\">Vitesses<\/td>\n<td class=\"font-weight-bold\">1 marche avant<\/td>\n<\/tr>\n<\/tbody>\n<\/table>\n<table class=\"table table-hover table-striped\">\n<tbody>\n<tr>\n<td class=\"text-muted\">Hauteur<\/td>\n<td class=\"font-weight-bold\">41.7\u00a0po<\/td>\n<\/tr>\n<tr>\n<td class=\"text-muted\">Largeur<\/td>\n<td class=\"font-weight-bold\">21.2\u00a0po<\/td>\n<\/tr>\n<tr>\n<td class=\"text-muted\">Longueur<\/td>\n<td class=\"font-weight-bold\">50.8\u00a0po<\/td>\n<\/tr>\n<tr>\n<td class=\"text-muted\">Poids<\/td>\n<td class=\"font-weight-bold\">89\u00a0lbs<\/td>\n<\/tr>\n<tr>\n<td class=\"text-muted\">Puissance moteur<\/td>\n<td class=\"font-weight-bold\">208\u00a0cm\u00b3<\/td>\n<\/tr>\n<tr>\n<td class=\"text-muted\">Distance de projection<\/td>\n<td class=\"font-weight-bold\">3 pi &#8211; 35 pi (.9-10.7 m)<\/td>\n<\/tr>\n<tr>\n<td class=\"text-muted\">Hauteur du tambour<\/td>\n<td class=\"font-weight-bold\">12.1 po (30.7 cm)<\/td>\n<\/tr>\n<tr>\n<td class=\"text-muted\">Type de souffleuse<\/td>\n<td class=\"font-weight-bold\">1 phase<\/td>\n<\/tr>\n<\/tbody>\n<\/table>\n<p>Meilleur prix garanti<br \/>\nTrouvez moins cher et nous \u00e9galiserons le prix<br \/>\nMontage inclus<\/p>","protected":false},"excerpt":{"rendered":"<p>Marque: Ariens<\/p>\n<p>Type: Souffleuse \u00e0 neige<\/p>","protected":false},"featured_media":4489,"template":"","meta":[],"product_cat":[654,661],"product_tag":[],"class_list":{"0":"post-4488","1":"product","2":"type-product","3":"status-publish","4":"has-post-thumbnail","6":"product_cat-ariens","7":"product_cat-souffleuse-a-neige","9":"first","10":"instock","11":"taxable","12":"shipping-taxable","13":"purchasable","14":"product-type-simple"},"_links":{"self":[{"href":"https:\/\/www.maniaquedistribution.com\/fr\/wp-json\/wp\/v2\/product\/4488","targetHints":{"allow":["GET"]}}],"collection":[{"href":"https:\/\/www.maniaquedistribution.com\/fr\/wp-json\/wp\/v2\/product"}],"about":[{"href":"https:\/\/www.maniaquedistribution.com\/fr\/wp-json\/wp\/v2\/types\/product"}],"wp:featuredmedia":[{"embeddable":true,"href":"https:\/\/www.maniaquedistribution.com\/fr\/wp-json\/wp\/v2\/media\/4489"}],"wp:attachment":[{"href":"https:\/\/www.maniaquedistribution.com\/fr\/wp-json\/wp\/v2\/media?parent=4488"}],"wp:term":[{"taxonomy":"product_cat","embeddable":true,"href":"https:\/\/www.maniaquedistribution.com\/fr\/wp-json\/wp\/v2\/product_cat?post=4488"},{"taxonomy":"product_tag","embeddable":true,"href":"https:\/\/www.maniaquedistribution.com\/fr\/wp-json\/wp\/v2\/product_tag?post=4488"}],"curies":[{"name":"wp","href":"https:\/\/api.w.org\/{rel}","templated":true}]}}