{"id":4677,"date":"2023-08-03T20:49:56","date_gmt":"2023-08-03T18:49:56","guid":{"rendered":"https:\/\/www.maniaquedistribution.com\/?post_type=product&#038;p=4677"},"modified":"2023-08-04T17:34:25","modified_gmt":"2023-08-04T15:34:25","slug":"rxf-mx-70","status":"publish","type":"product","link":"https:\/\/www.maniaquedistribution.com\/fr\/product\/rxf-mx-70\/","title":{"rendered":"RXF MX 70"},"content":{"rendered":"<p>Avec ce RXF MX 70, les enfants peuvent d\u00e9sormais vivre le frisson et l&#8217;excitation des sports moteurs. Cela les emm\u00e8nera dans des endroits et transformera leurs r\u00eaves en r\u00e9alit\u00e9. Essayez le RXF MX 70 et laissez-le transformer votre enfant en un guerrier moto imbattable et imparable. \u00cates-vous pr\u00eats \u00e0 relever le d\u00e9fi? Pr\u00e9parez-vous pour une aventure palpitante avec le RXF MX 70 d&#8217;Apollo Motors ! Cette moto tout-terrain enti\u00e8rement noire est \u00e9quip\u00e9e d&#8217;un moteur automatique de 70 cm3 avec d\u00e9marrage \u00e9lectrique, offrant \u00e0 votre enfant la puissance ultime. Dans la gamme Apollo, le MX 70 est un ajustement parfait entre le RXF Junior et le RFZ Rookie, assis confortablement entre les deux sans rien sacrifier \u00e0 leur qualit\u00e9 et \u00e0 leurs performances. Maintenant, il n&#8217;y a plus moyen d&#8217;arr\u00eater votre enfant sur ce guerrier \u00e0 quatre roues, alors qu&#8217;il se faufile \u00e0 travers les sentiers, les chemins de terre et les obstacles. Offrez \u00e0 vos enfants l&#8217;occasion unique de d\u00e9couvrir la joie et l&#8217;excitation des sports m\u00e9caniques et regardez-les explorer, conqu\u00e9rir et relever le d\u00e9fi. Alors qu&#8217;est-ce que tu attends? Amenez la conduite de votre enfant vers de nouveaux sommets avec le RXF MX 70 d&#8217;Apollo Motors !<\/p>\n<p>Montage inclus<\/p>\n<p class=\"p1\">Meilleur prix garanti !<\/p>\n<p class=\"p1\">Trouvez moins cher et nous \u00e9galiserons le prix !<\/p>","protected":false},"excerpt":{"rendered":"<p>Marque: Apollo<\/p>\n<p>Cylindr\u00e9e: 70cc<\/p>\n<p>Mise en route: \u00c9lectrique<\/p>\n<p>Transmission: Automatique<\/p>\n<p>&nbsp;<\/p>","protected":false},"featured_media":4678,"template":"","meta":[],"product_cat":[42,669],"product_tag":[],"class_list":{"0":"post-4677","1":"product","2":"type-product","3":"status-publish","4":"has-post-thumbnail","6":"product_cat-apollo","7":"product_cat-apollo-moto","9":"first","10":"instock","11":"taxable","12":"shipping-taxable","13":"purchasable","14":"product-type-simple"},"_links":{"self":[{"href":"https:\/\/www.maniaquedistribution.com\/fr\/wp-json\/wp\/v2\/product\/4677","targetHints":{"allow":["GET"]}}],"collection":[{"href":"https:\/\/www.maniaquedistribution.com\/fr\/wp-json\/wp\/v2\/product"}],"about":[{"href":"https:\/\/www.maniaquedistribution.com\/fr\/wp-json\/wp\/v2\/types\/product"}],"wp:featuredmedia":[{"embeddable":true,"href":"https:\/\/www.maniaquedistribution.com\/fr\/wp-json\/wp\/v2\/media\/4678"}],"wp:attachment":[{"href":"https:\/\/www.maniaquedistribution.com\/fr\/wp-json\/wp\/v2\/media?parent=4677"}],"wp:term":[{"taxonomy":"product_cat","embeddable":true,"href":"https:\/\/www.maniaquedistribution.com\/fr\/wp-json\/wp\/v2\/product_cat?post=4677"},{"taxonomy":"product_tag","embeddable":true,"href":"https:\/\/www.maniaquedistribution.com\/fr\/wp-json\/wp\/v2\/product_tag?post=4677"}],"curies":[{"name":"wp","href":"https:\/\/api.w.org\/{rel}","templated":true}]}}