{"id":4699,"date":"2023-08-04T15:38:14","date_gmt":"2023-08-04T13:38:14","guid":{"rendered":"https:\/\/www.maniaquedistribution.com\/?post_type=product&#038;p=4699"},"modified":"2023-08-04T17:28:06","modified_gmt":"2023-08-04T15:28:06","slug":"vrx-125-rr","status":"publish","type":"product","link":"https:\/\/www.maniaquedistribution.com\/fr\/product\/vrx-125-rr\/","title":{"rendered":"VRX 125-RR"},"content":{"rendered":"<p>Nouveau arriv\u00e9 dans la famille Apollo, le VRX 125-RR offre un style unique dans les Mini-Quad. Avec ses racks avant et arri\u00e8re, ce solide v\u00e9hicule est ce que vous attendiez. Ce quad Apollo VRX 125-RR est \u00e9quip\u00e9 du tout nouveau cadre p\u00e9rim\u00e9trique derni\u00e8re g\u00e9n\u00e9ration, fait uniquement dans l&#8217;usine Apollo. Ce quad vous apportera confort et stabilit\u00e9 pour vos promenades hors routes. Mont\u00e9 avec des jantes 8 pouces, ce VRX 125-RR pourra passer n&#8217;importe quel obstacle, il est une excellente alternative pour offrir \u00e0 votre enfant la possibilit\u00e9 de ressentir ses premi\u00e8res sensations sur un v\u00e9hicule tout-terrain. M\u00eame pour l&#8217;adulte, il offre des performances plus qu&#8217;int\u00e9ressante.<\/p>\n<p>Il est \u00e9quip\u00e9 d&#8217;un moteur 4 temps YTX 125cc silencieux et \u00e9conomique ainsi que d&#8217;une boite de semi-automatique \u00e0 3 vitesses d&#8217;avant, le neutre et le reculons. Gr\u00e2ce \u00e0 sa vitesse bridable. une stabilit\u00e9 \u00e0 toute \u00e9preuve et sa boite semi-automatique, ce quad assure une vraie s\u00e9curit\u00e9 sans compromettre le plaisir de conduire un v\u00e9hicule tout terrain.<\/p>\n<p>Ce tout nouveau quad Apollo VRX est la nouvelle r\u00e9f\u00e9rence de quad dans sa cat\u00e9gorie, avec son prix tr\u00e8s abordable, plus besoin d&#8217;h\u00e9siter pour l&#8217;acheter ! Pr\u00e9conis\u00e9 \u00e0 partir pour l&#8217;initiation des jeunes et moins jeunes.<\/p>\n<ul>\n<li>Nouveau cadre p\u00e9rim\u00e9trique<\/li>\n<li>Nouveau style, unique<\/li>\n<li>Soutiens pieds en acier<\/li>\n<li>Quad enfant et ado d&#8217;initiation<\/li>\n<li>Moteur 4 Temps 125cc<\/li>\n<li>Roues de 8 pouces<\/li>\n<li>Speedom\u00e8tre<\/li>\n<\/ul>\n<p class=\"p1\">Montage inclus<\/p>\n<p class=\"p1\">Meilleur prix garanti !<\/p>\n<p class=\"p1\">Trouvez moins cher et nous \u00e9galiserons le prix !<\/p>\n<p>&nbsp;<\/p>\n<h2>Caract\u00e9ristiques<\/h2>\n<div>\n<h3>MOTORISATION<\/h3>\n<div class=\"list\">\n<p>D\u00c9MULTIPLICATION:\u00a0Couronne 96 dents<\/p>\n<p>TYPE MOTEUR:\u00a0Monocylindre 4T<\/p>\n<p>CAPACIT\u00c9 D&#8217;HUILE:\u00a0900mL<\/p>\n<p>BATTERIE:\u00a012V &#8211; 5Ah<\/p>\n<p>VITESSE MAXIMALE:\u00a050KM\/H<\/p>\n<p>REFROIDISSEMENT:\u00a0Air<\/p>\n<p>CYLINDREE:\u00a0125cc<\/p>\n<p>PUISSANCE MAX:\u00a09Ch (6,6 kW) \u00e0 7500 tr\/mn<\/p>\n<p>COUPLE MAX:\u00a07Nm \u00e0 6500 tr\/mn<\/p>\n<p>ALLUMAGE:\u00a0CDI microprocesseur<\/p>\n<p>MISE EN ROUTE:\u00a0Electrique<\/p>\n<p>TRANSMISSION:\u00a0Semi-Auto, 3 vitesses, neutre, reculon<\/p>\n<p>TRANSMISSION FINALE:\u00a0Chaine 428<\/p>\n<\/div>\n<\/div>\n<div>\n<h3>PARTIES CYCLE<\/h3>\n<div class=\"list\">\n<p>CARACT\u00c9RISTIQUES :<\/p>\n<p>SUSPENSION AVANT:\u00a0Double amortisseur 325mm<\/p>\n<p>SUSPENSION ARRI\u00c8RE:\u00a0Simple amortisseur 370mm<\/p>\n<p>FREIN AVANT:\u00a0Tambour<\/p>\n<p>FREIN ARRI\u00c8RE:\u00a0Disque<\/p>\n<p>ROUE AVANT:\u00a019&#215;7.00-8 Tubeless<\/p>\n<p>ROUE ARRI\u00c8RE:\u00a018&#215;9.50-8 Tubeless<\/p>\n<p>SELLE:\u00a0Noire<\/p>\n<p>R\u00c9SERVOIR:\u00a0Acier 2.3L<\/p>\n<p>COULEUR:\u00a0Vert<\/p>\n<p>GUIDON:\u00a0Acier noir<\/p>\n<p>CADRE:\u00a0P\u00e9rim\u00e9trique acier<\/p>\n<p>POIGN\u00c9ES:\u00a0Noire<\/p>\n<\/div>\n<\/div>\n<div>\n<h3>DIMENSIONS<\/h3>\n<div class=\"list\">\n<p>HAUTEUR DE SELLE:\u00a0730mm<\/p>\n<p>EMPATTEMENT:\u00a0950mm<\/p>\n<p>GARDE AU SOL:\u00a0130mm<\/p>\n<p>POIDS:\u00a0105Kg<\/p>\n<\/div>\n<\/div>","protected":false},"excerpt":{"rendered":"<p>Marque: Apollo<\/p>\n<p>Cylindr\u00e9e: 125cc<\/p>\n<p>Type: Monocylindre 4T<\/p>\n<p>Transmission: Semi-automatique<\/p>\n<p>&nbsp;<\/p>","protected":false},"featured_media":4700,"template":"","meta":[],"product_cat":[42,673],"product_tag":[],"class_list":{"0":"post-4699","1":"product","2":"type-product","3":"status-publish","4":"has-post-thumbnail","6":"product_cat-apollo","7":"product_cat-apollo-vtt","9":"first","10":"instock","11":"taxable","12":"shipping-taxable","13":"purchasable","14":"product-type-simple"},"_links":{"self":[{"href":"https:\/\/www.maniaquedistribution.com\/fr\/wp-json\/wp\/v2\/product\/4699","targetHints":{"allow":["GET"]}}],"collection":[{"href":"https:\/\/www.maniaquedistribution.com\/fr\/wp-json\/wp\/v2\/product"}],"about":[{"href":"https:\/\/www.maniaquedistribution.com\/fr\/wp-json\/wp\/v2\/types\/product"}],"wp:featuredmedia":[{"embeddable":true,"href":"https:\/\/www.maniaquedistribution.com\/fr\/wp-json\/wp\/v2\/media\/4700"}],"wp:attachment":[{"href":"https:\/\/www.maniaquedistribution.com\/fr\/wp-json\/wp\/v2\/media?parent=4699"}],"wp:term":[{"taxonomy":"product_cat","embeddable":true,"href":"https:\/\/www.maniaquedistribution.com\/fr\/wp-json\/wp\/v2\/product_cat?post=4699"},{"taxonomy":"product_tag","embeddable":true,"href":"https:\/\/www.maniaquedistribution.com\/fr\/wp-json\/wp\/v2\/product_tag?post=4699"}],"curies":[{"name":"wp","href":"https:\/\/api.w.org\/{rel}","templated":true}]}}