{"id":5390,"date":"2023-08-08T18:56:07","date_gmt":"2023-08-08T16:56:07","guid":{"rendered":"https:\/\/www.maniaquedistribution.com\/?post_type=product&#038;p=5390"},"modified":"2023-08-10T13:06:49","modified_gmt":"2023-08-10T11:06:49","slug":"50a-2022","status":"publish","type":"product","link":"https:\/\/www.maniaquedistribution.com\/fr\/product\/50a-2022\/","title":{"rendered":"50A 2022"},"content":{"rendered":"<p><em>Moto parfaite pour les enfants de 3 \u00e0 7 ans. Semi-automatique, avec leviers de freins avant et arri\u00e8re comme un v\u00e9lo.Un kit stabilisateur est disponible pour les d\u00e9butants.<\/em><\/p>\n<h4>POINTS FORTS &amp; NOUVEAUT\u00c9S :<\/h4>\n<ul>\n<li>MOTEUR 4T 50CC<\/li>\n<li>STARTER AU GUIDON<\/li>\n<li>DEMARREUR ELECTRIQUE<\/li>\n<li>PRISE RAPIDE DE CHARGEUR DE BATTERIE<\/li>\n<li>POIGNEE GAZ REGLABLE<\/li>\n<li>42 KGS SEULEMENT<\/li>\n<li>CLE DE CONTACT ETANCHE<\/li>\n<li>FREIN AVANT ET ARRIERE HYDRAULIQUE<\/li>\n<li>NOUVEAU RESERVOIR<\/li>\n<li>TE DE FOURCHE SUPERIEUR 3 POSITIONS<\/li>\n<\/ul>\n<h4>SP\u00c9CIFICATIONS<\/h4>\n<ul>\n<li>POIDS: 42 KG<\/li>\n<li>LONGUEUR: 1240 MM<\/li>\n<li>HAUTEUR DE SELLE: 550 MM<\/li>\n<\/ul>\n<p class=\"p1\">Montage inclus<\/p>\n<p class=\"p1\">Meilleur prix garanti !<\/p>\n<p class=\"p1\">Trouvez moins cher et nous \u00e9galiserons le prix !<\/p>","protected":false},"excerpt":{"rendered":"<p>Marque\u00a0: YCF<\/p>\n<p>Type : Dirt<\/p>\n<p>Niveau : Enfants<\/p>\n<p>Cylindre : 50cc<\/p>\n<p>Moteur\u00a0: Moteur \u00e0 essence 4 temps<\/p>\n<p>Mise en route : D\u00e9marreur \u00e9lectrique<\/p>\n<p>Transmission : Semi-automatique<\/p>","protected":false},"featured_media":5391,"template":"","meta":[],"product_cat":[15],"product_tag":[],"class_list":{"0":"post-5390","1":"product","2":"type-product","3":"status-publish","4":"has-post-thumbnail","6":"product_cat-ycf","8":"first","9":"instock","10":"taxable","11":"shipping-taxable","12":"purchasable","13":"product-type-simple"},"_links":{"self":[{"href":"https:\/\/www.maniaquedistribution.com\/fr\/wp-json\/wp\/v2\/product\/5390","targetHints":{"allow":["GET"]}}],"collection":[{"href":"https:\/\/www.maniaquedistribution.com\/fr\/wp-json\/wp\/v2\/product"}],"about":[{"href":"https:\/\/www.maniaquedistribution.com\/fr\/wp-json\/wp\/v2\/types\/product"}],"wp:featuredmedia":[{"embeddable":true,"href":"https:\/\/www.maniaquedistribution.com\/fr\/wp-json\/wp\/v2\/media\/5391"}],"wp:attachment":[{"href":"https:\/\/www.maniaquedistribution.com\/fr\/wp-json\/wp\/v2\/media?parent=5390"}],"wp:term":[{"taxonomy":"product_cat","embeddable":true,"href":"https:\/\/www.maniaquedistribution.com\/fr\/wp-json\/wp\/v2\/product_cat?post=5390"},{"taxonomy":"product_tag","embeddable":true,"href":"https:\/\/www.maniaquedistribution.com\/fr\/wp-json\/wp\/v2\/product_tag?post=5390"}],"curies":[{"name":"wp","href":"https:\/\/api.w.org\/{rel}","templated":true}]}}