{"id":5634,"date":"2023-08-09T17:04:46","date_gmt":"2023-08-09T15:04:46","guid":{"rendered":"https:\/\/www.maniaquedistribution.com\/?post_type=product&#038;p=5634"},"modified":"2023-08-10T13:54:29","modified_gmt":"2023-08-10T11:54:29","slug":"new-boulder","status":"publish","type":"product","link":"https:\/\/www.maniaquedistribution.com\/fr\/product\/new-boulder\/","title":{"rendered":"New Boulder"},"content":{"rendered":"<p>VTT Tao Boulder 2023 avec moteur 110cc automatique fiable, d\u00e9marreur \u00e9lectrique, limiteur de vitesse et arr\u00eat \u00e0 distance pour un maximum de s\u00e9curit\u00e9. Ce v\u00e9hicule d&#8217;exception demande peu d&#8217;entretien et amusera les enfants et les plus grands !<\/p>\n<p><iframe loading=\"lazy\" title=\"2022 Boulder\" width=\"640\" height=\"360\" src=\"https:\/\/www.youtube.com\/embed\/BTzWC8X7Jyo?feature=oembed\" frameborder=\"0\" allow=\"accelerometer; autoplay; clipboard-write; encrypted-media; gyroscope; picture-in-picture; web-share\" referrerpolicy=\"strict-origin-when-cross-origin\" allowfullscreen><\/iframe><\/p>\n<div id=\"specs\" class=\"fl-module fl-module-rich-text fl-node-vwq5o3x691yz\" data-node=\"vwq5o3x691yz\">\n<div class=\"fl-module-content fl-node-content\">\n<div class=\"fl-rich-text\">\n<h2>SPECIFICATIONS<\/h2>\n<\/div>\n<\/div>\n<\/div>\n<div class=\"fl-module fl-module-pp-table fl-node-ydba6s2kvr1z\" data-node=\"ydba6s2kvr1z\">\n<div class=\"fl-module-content fl-node-content\">\n<div class=\"pp-table-wrap\">\n<table class=\"pp-table-ydba6s2kvr1z pp-table-content tablesaw\" data-tablesaw-minimap=\"\">\n<thead>\n<tr>\n<th id=\"pp-table-col-1\" class=\"pp-table-col\" scope=\"col\" data-tablesaw-sortable-col=\"\"><span class=\"pp-table-header-inner\"><span class=\"pp-table-header-text\">ENGINE<\/span><\/span><\/th>\n<\/tr>\n<\/thead>\n<tbody>\n<tr class=\"pp-table-row odd\" data-row-index=\"1\">\n<td>Engine Type<\/td>\n<td>107cc, Air Cooled, 4-Stroke, single cylinder, automatic<\/td>\n<\/tr>\n<tr class=\"pp-table-row even\" data-row-index=\"2\">\n<td>Start Type<\/td>\n<td>Electric Start<\/td>\n<\/tr>\n<tr class=\"pp-table-row odd\" data-row-index=\"3\">\n<td>Transmission<\/td>\n<td>Chain Drive<\/td>\n<\/tr>\n<tr class=\"pp-table-row even\" data-row-index=\"4\">\n<td>Engine Gear<\/td>\n<td>Fully Automatic<\/td>\n<\/tr>\n<tr class=\"pp-table-row odd\" data-row-index=\"5\">\n<td>Ignition<\/td>\n<td>CDI<\/td>\n<\/tr>\n<tr class=\"pp-table-row even\" data-row-index=\"6\">\n<td>Fuel tank capacity<\/td>\n<td>3.5L \/ 0.92 US gal.<\/td>\n<\/tr>\n<\/tbody>\n<\/table>\n<\/div>\n<\/div>\n<\/div>\n<div class=\"fl-module fl-module-pp-table fl-node-c23q5zw4dhu9\" data-node=\"c23q5zw4dhu9\">\n<div class=\"fl-module-content fl-node-content\">\n<div class=\"pp-table-wrap\">\n<table class=\"pp-table-c23q5zw4dhu9 pp-table-content tablesaw\" data-tablesaw-minimap=\"\">\n<thead>\n<tr>\n<th id=\"pp-table-col-1\" class=\"pp-table-col\" scope=\"col\" data-tablesaw-sortable-col=\"\"><span class=\"pp-table-header-inner\"><span class=\"pp-table-header-text\">CHASSIS<\/span><\/span><\/th>\n<\/tr>\n<\/thead>\n<tbody>\n<tr class=\"pp-table-row odd\" data-row-index=\"1\">\n<td>Front Hand Brake<\/td>\n<td>Drum<\/td>\n<\/tr>\n<tr class=\"pp-table-row even\" data-row-index=\"2\">\n<td>Rear Foot Brake<\/td>\n<td>Disk<\/td>\n<\/tr>\n<tr class=\"pp-table-row odd\" data-row-index=\"3\">\n<td>Tire Front<\/td>\n<td>14.5 x 7 &#8211; 6<\/td>\n<\/tr>\n<tr class=\"pp-table-row even\" data-row-index=\"4\">\n<td>Tire Rear<\/td>\n<td>14.5 x 7 &#8211; 6<\/td>\n<\/tr>\n<tr class=\"pp-table-row odd\" data-row-index=\"5\">\n<td>Remote Wireless Shut off<\/td>\n<td>Yes<\/td>\n<\/tr>\n<tr class=\"pp-table-row even\" data-row-index=\"6\">\n<td>Speed Limiter<\/td>\n<td>Yes<\/td>\n<\/tr>\n<tr class=\"pp-table-row odd\" data-row-index=\"7\">\n<td>Tether kill switch<\/td>\n<td>Yes<\/td>\n<\/tr>\n<tr class=\"pp-table-row even\" data-row-index=\"8\">\n<td>Battery<\/td>\n<td>12V\/5Ah<\/td>\n<\/tr>\n<\/tbody>\n<\/table>\n<\/div>\n<\/div>\n<\/div>\n<div class=\"fl-module fl-module-pp-table fl-node-pt1ivhsc3bgq\" data-node=\"pt1ivhsc3bgq\">\n<div class=\"fl-module-content fl-node-content\">\n<div class=\"pp-table-wrap\">\n<table class=\"pp-table-pt1ivhsc3bgq pp-table-content tablesaw\" data-tablesaw-minimap=\"\">\n<thead>\n<tr>\n<th id=\"pp-table-col-1\" class=\"pp-table-col\" scope=\"col\" data-tablesaw-sortable-col=\"\"><span class=\"pp-table-header-inner\"><span class=\"pp-table-header-text\">DIMENSION<\/span><\/span><\/th>\n<\/tr>\n<\/thead>\n<tbody>\n<tr class=\"pp-table-row odd\" data-row-index=\"1\">\n<td>Seat Height<\/td>\n<td>23.6 inches<\/td>\n<\/tr>\n<tr class=\"pp-table-row even\" data-row-index=\"2\">\n<td>Ground Clearance<\/td>\n<td>2.75 Inches<\/td>\n<\/tr>\n<tr class=\"pp-table-row odd\" data-row-index=\"3\">\n<td>Unassembled Crated Weight<\/td>\n<td>205 LBS<\/td>\n<\/tr>\n<tr class=\"pp-table-row even\" data-row-index=\"4\">\n<td>Vehicle Assembled Without Fuel<\/td>\n<td>185 LBS<\/td>\n<\/tr>\n<tr class=\"pp-table-row odd\" data-row-index=\"5\">\n<td>Vehicle LXWxH<\/td>\n<td>51.5 x 28.7 x 33.6 Inches<\/td>\n<\/tr>\n<tr class=\"pp-table-row even\" data-row-index=\"6\">\n<td>Carton Size<\/td>\n<td>45 x 27 x 23 Inches<\/td>\n<\/tr>\n<\/tbody>\n<\/table>\n<\/div>\n<\/div>\n<\/div>\n<p class=\"p2\">Montage inclus<\/p>\n<p class=\"p2\">Meilleur prix garanti !<\/p>\n<p class=\"p2\">Trouvez moins cher et nous \u00e9galiserons le prix !<\/p>","protected":false},"excerpt":{"rendered":"<p>Marque\u00a0: Tao<\/p>\n<p>Cylindre : 110cc<\/p>\n<p>Moteur\u00a0: Moteur \u00e0 essence 4 temps<\/p>\n<p>Mise en route : D\u00e9marreur automatique<\/p>\n<p>Transmission : Automatique<\/p>","protected":false},"featured_media":5635,"template":"","meta":[],"product_cat":[517,683],"product_tag":[],"class_list":{"0":"post-5634","1":"product","2":"type-product","3":"status-publish","4":"has-post-thumbnail","6":"product_cat-taotao","7":"product_cat-tao-vtt","9":"first","10":"instock","11":"taxable","12":"shipping-taxable","13":"purchasable","14":"product-type-simple"},"_links":{"self":[{"href":"https:\/\/www.maniaquedistribution.com\/fr\/wp-json\/wp\/v2\/product\/5634","targetHints":{"allow":["GET"]}}],"collection":[{"href":"https:\/\/www.maniaquedistribution.com\/fr\/wp-json\/wp\/v2\/product"}],"about":[{"href":"https:\/\/www.maniaquedistribution.com\/fr\/wp-json\/wp\/v2\/types\/product"}],"wp:featuredmedia":[{"embeddable":true,"href":"https:\/\/www.maniaquedistribution.com\/fr\/wp-json\/wp\/v2\/media\/5635"}],"wp:attachment":[{"href":"https:\/\/www.maniaquedistribution.com\/fr\/wp-json\/wp\/v2\/media?parent=5634"}],"wp:term":[{"taxonomy":"product_cat","embeddable":true,"href":"https:\/\/www.maniaquedistribution.com\/fr\/wp-json\/wp\/v2\/product_cat?post=5634"},{"taxonomy":"product_tag","embeddable":true,"href":"https:\/\/www.maniaquedistribution.com\/fr\/wp-json\/wp\/v2\/product_tag?post=5634"}],"curies":[{"name":"wp","href":"https:\/\/api.w.org\/{rel}","templated":true}]}}