{"id":5821,"date":"2023-08-09T20:11:41","date_gmt":"2023-08-09T18:11:41","guid":{"rendered":"https:\/\/www.maniaquedistribution.com\/?post_type=product&#038;p=5821"},"modified":"2026-04-15T20:44:06","modified_gmt":"2026-04-15T18:44:06","slug":"db27-2","status":"publish","type":"product","link":"https:\/\/www.maniaquedistribution.com\/fr\/product\/db27-2\/","title":{"rendered":"New DB27"},"content":{"rendered":"<div id=\"specs\" class=\"fl-module fl-module-rich-text fl-node-xy3r9one1ucq\" data-node=\"xy3r9one1ucq\">\n<div class=\"fl-module-content fl-node-content\">\n<div class=\"fl-rich-text\">\n<div class=\"xdj266r x11i5rnm xat24cr x1mh8g0r x1vvkbs x126k92a\">\n<div dir=\"auto\">\n<p class=\"p1\">Le DB27 a \u00e9t\u00e9 remani\u00e9e et est meilleur que jamais ! Un Dirt Bike 125cc manuel \u00e0 4 vitesses, le DB27 a un cadre peint \u00e0 la poudre, des poign\u00e9es plus douces que jamais et un si\u00e8ge de redessin\u00e9 qui sont tous con\u00e7us pour correspondre aux nouvelles options de couleurs et de d\u00e9calques. Un tout nouvel ensemble d&#8217;acc\u00e9l\u00e9rateur avec roulement garantit moins de r\u00e9sistance et offre une conduite plus douce. Que vous soyez d\u00e9butant ou expert chevronn\u00e9, le DB27 est fait pour vous.<\/p>\n<p><iframe loading=\"lazy\" title=\"2022 DB27\" width=\"640\" height=\"360\" src=\"https:\/\/www.youtube.com\/embed\/kzFP9Vb1fl8?feature=oembed\" frameborder=\"0\" allow=\"accelerometer; autoplay; clipboard-write; encrypted-media; gyroscope; picture-in-picture; web-share\" referrerpolicy=\"strict-origin-when-cross-origin\" allowfullscreen><\/iframe><\/p>\n<\/div>\n<\/div>\n<\/div>\n<\/div>\n<\/div>\n<div id=\"specs\" class=\"fl-module fl-module-rich-text fl-node-m2xokg1tb3nd\" data-node=\"m2xokg1tb3nd\">\n<div class=\"fl-module-content fl-node-content\">\n<div class=\"fl-rich-text\">\n<h2>SPECIFICATIONS<\/h2>\n<\/div>\n<\/div>\n<\/div>\n<div class=\"fl-module fl-module-pp-table fl-node-zaqb8rp6sy13\" data-node=\"zaqb8rp6sy13\">\n<div class=\"fl-module-content fl-node-content\">\n<div class=\"pp-table-wrap\">\n<table id=\"table-7832\" class=\"pp-table-zaqb8rp6sy13 pp-table-content tablesaw tablesaw-swipe\" data-tablesaw-minimap=\"\" data-tablesaw-mode=\"swipe\">\n<thead>\n<tr>\n<th id=\"pp-table-col-1\" class=\"pp-table-col\" scope=\"col\" data-tablesaw-sortable-col=\"\"><span class=\"pp-table-header-inner\"><span class=\"pp-table-header-text\">ENGINE<\/span><\/span><\/th>\n<\/tr>\n<\/thead>\n<tbody>\n<tr class=\"pp-table-row odd\" data-row-index=\"1\">\n<td>Engine Type<\/td>\n<td>125CC,Air cooled, 4-stroke, Single Cylinder<\/td>\n<\/tr>\n<tr class=\"pp-table-row even\" data-row-index=\"2\">\n<td>Start Type<\/td>\n<td>Kick<\/td>\n<\/tr>\n<tr class=\"pp-table-row odd\" data-row-index=\"3\">\n<td>Transmission<\/td>\n<td>Chain Drive<\/td>\n<\/tr>\n<tr class=\"pp-table-row even\" data-row-index=\"4\">\n<td>Engine Gear<\/td>\n<td>Manual 4 speed transmission<\/td>\n<\/tr>\n<tr class=\"pp-table-row odd\" data-row-index=\"5\">\n<td>Gear Selector Lever<\/td>\n<td>Foot<\/td>\n<\/tr>\n<tr class=\"pp-table-row even\" data-row-index=\"6\">\n<td>Ignition<\/td>\n<td>CDI<\/td>\n<\/tr>\n<tr class=\"pp-table-row odd\" data-row-index=\"7\">\n<td>Fuel Tank Capacity<\/td>\n<td>4.8 Liters 1.2 US gallons<\/td>\n<\/tr>\n<\/tbody>\n<\/table>\n<p>&nbsp;<\/p>\n<\/div>\n<\/div>\n<\/div>\n<div class=\"fl-module fl-module-pp-table fl-node-x4yr5m81wbon\" data-node=\"x4yr5m81wbon\">\n<div class=\"fl-module-content fl-node-content\">\n<div class=\"pp-table-wrap\">\n<table id=\"table-3896\" class=\"pp-table-x4yr5m81wbon pp-table-content tablesaw tablesaw-swipe\" data-tablesaw-minimap=\"\" data-tablesaw-mode=\"swipe\">\n<thead>\n<tr>\n<th id=\"pp-table-col-1\" class=\"pp-table-col\" scope=\"col\" data-tablesaw-sortable-col=\"\"><span class=\"pp-table-header-inner\"><span class=\"pp-table-header-text\">CHASSIS<\/span><\/span><\/th>\n<\/tr>\n<\/thead>\n<tbody>\n<tr class=\"pp-table-row odd\" data-row-index=\"1\">\n<td>Front Hand Brake<\/td>\n<td>Hydraulic Disc<\/td>\n<\/tr>\n<tr class=\"pp-table-row even\" data-row-index=\"2\">\n<td>Rear Foot Brake<\/td>\n<td>Hydraulic Disc<\/td>\n<\/tr>\n<tr class=\"pp-table-row odd\" data-row-index=\"3\">\n<td>Tire Front<\/td>\n<td>70\/100 &#8211; 17<\/td>\n<\/tr>\n<tr class=\"pp-table-row even\" data-row-index=\"4\">\n<td>Tire Rear<\/td>\n<td>90\/100 &#8211; 14<\/td>\n<\/tr>\n<\/tbody>\n<\/table>\n<p>&nbsp;<\/p>\n<\/div>\n<\/div>\n<\/div>\n<div class=\"fl-module fl-module-pp-table fl-node-ltfph41xgwm7\" data-node=\"ltfph41xgwm7\">\n<div class=\"fl-module-content fl-node-content\">\n<div class=\"pp-table-wrap\">\n<table id=\"table-3711\" class=\"pp-table-ltfph41xgwm7 pp-table-content tablesaw tablesaw-swipe\" data-tablesaw-minimap=\"\" data-tablesaw-mode=\"swipe\">\n<thead>\n<tr>\n<th id=\"pp-table-col-1\" class=\"pp-table-col\" scope=\"col\" data-tablesaw-sortable-col=\"\"><span class=\"pp-table-header-inner\"><span class=\"pp-table-header-text\">DIMENSION<\/span><\/span><\/th>\n<\/tr>\n<\/thead>\n<tbody>\n<tr class=\"pp-table-row odd\" data-row-index=\"1\">\n<td>Seat Height<\/td>\n<td>35 Inches<\/td>\n<\/tr>\n<tr class=\"pp-table-row even\" data-row-index=\"2\">\n<td>Handlebar height<\/td>\n<td>45 inches<\/td>\n<\/tr>\n<tr class=\"pp-table-row odd\" data-row-index=\"3\">\n<td>Ground Clearance<\/td>\n<td>14.5 Inches<\/td>\n<\/tr>\n<tr class=\"pp-table-row even\" data-row-index=\"4\">\n<td>Wheelbase<\/td>\n<td>50 Inches<\/td>\n<\/tr>\n<tr class=\"pp-table-row odd\" data-row-index=\"5\">\n<td>Unassembled Crated Weight<\/td>\n<td>200 LBS<\/td>\n<\/tr>\n<tr class=\"pp-table-row even\" data-row-index=\"6\">\n<td>Vehicle Assembled Without Fuel<\/td>\n<td>162 LBS (73.5KG)<\/td>\n<\/tr>\n<tr class=\"pp-table-row odd\" data-row-index=\"7\">\n<td>Vehicle LxWxH<\/td>\n<td>72x30x46 Inches<\/td>\n<\/tr>\n<tr class=\"pp-table-row even\" data-row-index=\"8\">\n<td>Carton Size<\/td>\n<td>62 x 17 x 32 Inches<\/td>\n<\/tr>\n<\/tbody>\n<\/table>\n<p>&nbsp;<\/p>\n<\/div>\n<\/div>\n<\/div>\n<p class=\"p1\">Montage inclus<\/p>\n<p class=\"p1\">Meilleur prix garanti !<\/p>\n<p class=\"p1\">Trouvez moins cher et nous \u00e9galiserons le prix !<\/p>","protected":false},"excerpt":{"rendered":"<p>Marque\u00a0: Tao<\/p>\n<p>Cylindre : 107cc<\/p>\n<p>Moteur\u00a0: Moteur \u00e0 essence 4 temps<\/p>\n<p>Mise en route : Kick<\/p>\n<p>Transmission : Manuelle 4 vitesses<\/p>","protected":false},"featured_media":5822,"template":"","meta":[],"product_cat":[682,517],"product_tag":[],"class_list":{"0":"post-5821","1":"product","2":"type-product","3":"status-publish","4":"has-post-thumbnail","6":"product_cat-tao-moto","7":"product_cat-taotao","9":"first","10":"instock","11":"taxable","12":"shipping-taxable","13":"purchasable","14":"product-type-simple"},"_links":{"self":[{"href":"https:\/\/www.maniaquedistribution.com\/fr\/wp-json\/wp\/v2\/product\/5821","targetHints":{"allow":["GET"]}}],"collection":[{"href":"https:\/\/www.maniaquedistribution.com\/fr\/wp-json\/wp\/v2\/product"}],"about":[{"href":"https:\/\/www.maniaquedistribution.com\/fr\/wp-json\/wp\/v2\/types\/product"}],"wp:featuredmedia":[{"embeddable":true,"href":"https:\/\/www.maniaquedistribution.com\/fr\/wp-json\/wp\/v2\/media\/5822"}],"wp:attachment":[{"href":"https:\/\/www.maniaquedistribution.com\/fr\/wp-json\/wp\/v2\/media?parent=5821"}],"wp:term":[{"taxonomy":"product_cat","embeddable":true,"href":"https:\/\/www.maniaquedistribution.com\/fr\/wp-json\/wp\/v2\/product_cat?post=5821"},{"taxonomy":"product_tag","embeddable":true,"href":"https:\/\/www.maniaquedistribution.com\/fr\/wp-json\/wp\/v2\/product_tag?post=5821"}],"curies":[{"name":"wp","href":"https:\/\/api.w.org\/{rel}","templated":true}]}}