{"id":5854,"date":"2023-08-09T20:28:40","date_gmt":"2023-08-09T18:28:40","guid":{"rendered":"https:\/\/www.maniaquedistribution.com\/?post_type=product&#038;p=5854"},"modified":"2026-02-08T17:02:33","modified_gmt":"2026-02-08T16:02:33","slug":"new-triton-125","status":"publish","type":"product","link":"https:\/\/www.maniaquedistribution.com\/fr\/product\/new-triton-125\/","title":{"rendered":"New TRITON 125"},"content":{"rendered":"<div id=\"specs\" class=\"fl-module fl-module-rich-text fl-node-t9yqs20xd1go\" data-node=\"t9yqs20xd1go\">\n<div class=\"fl-module-content fl-node-content\">\n<div class=\"fl-rich-text\">\n<p class=\"p1\">Durable. Abordable. S\u00fbr. Ce ne sont l\u00e0 que quelques \u00e9l\u00e9ments qui viennent \u00e0 l&#8217;esprit lors de la description du tout nouveau Triton 125. Une nouvelle version de notre kart de taille moyenne, le Triton 125 d\u00e9passera les attentes avec son design accrocheur, ses attributs de s\u00e9curit\u00e9 sup\u00e9rieurs et sa durabilit\u00e9. Le si\u00e8ge conducteur r\u00e9glable peut accueillir les pilotes plus grands et plus petits avec le levier de vitesses central \u00e0 port\u00e9e de main. Ne manquant pas de look, le Triton est disponible dans des options de couleurs accrocheuses et est \u00e9quip\u00e9 de si\u00e8ges \u00e9l\u00e9gants \u00e0 deux tons.<\/p>\n<p class=\"p1\">Lorsqu&#8217;il est temps de parcourir les sentiers, les amateurs appr\u00e9cieront la commodit\u00e9 du d\u00e9marrage \u00e9lectrique et du moteur automatique de 120 cm3, n&#8217;ayant qu&#8217;\u00e0 changer de vitesse pour passer en marche avant, au point mort ou en marche arri\u00e8re. Les harnais de ceinture de s\u00e9curit\u00e9 \u00e0 quatre points garantissent la s\u00e9curit\u00e9, m\u00eame sur les terrains les plus accident\u00e9s. Et lorsque le chemin \u00e0 parcourir semble difficile, des amortisseurs avant et arri\u00e8re r\u00e9glables sont pr\u00eats \u00e0 l&#8217;affronter. Le port USB gardera les appareils \u00e9lectroniques charg\u00e9s. \u00c0 la fin d&#8217;une journ\u00e9e passionnante, trois barres lumineuses \u00e0 LED et feux arri\u00e8re \u00e9claireront les sentiers sur le chemin du retour. Les freins \u00e0 disque avant et arri\u00e8re vous permettent de vous arr\u00eater jusqu&#8217;\u00e0 votre prochaine aventure en plein air.<\/p>\n<h2>SPECIFICATIONS<\/h2>\n<\/div>\n<\/div>\n<\/div>\n<div class=\"fl-module fl-module-pp-table fl-node-ozs69d23pgv5\" data-node=\"ozs69d23pgv5\">\n<div class=\"fl-module-content fl-node-content\">\n<div class=\"pp-table-wrap\">\n<table id=\"table-6903\" class=\"pp-table-ozs69d23pgv5 pp-table-content tablesaw tablesaw-swipe\" data-tablesaw-minimap=\"\" data-tablesaw-mode=\"swipe\">\n<thead>\n<tr>\n<th id=\"pp-table-col-1\" class=\"pp-table-col\" scope=\"col\" data-tablesaw-sortable-col=\"\"><span class=\"pp-table-header-inner\"><span class=\"pp-table-header-text\">ENGINE<\/span><\/span><\/th>\n<\/tr>\n<\/thead>\n<tbody>\n<tr class=\"pp-table-row odd\" data-row-index=\"1\">\n<td>Engine Type<\/td>\n<td>120cc, Air Cooled, 4-Stroke, Single Cylinder<\/td>\n<\/tr>\n<tr class=\"pp-table-row even\" data-row-index=\"2\">\n<td>Start Type<\/td>\n<td>Electric Start<\/td>\n<\/tr>\n<tr class=\"pp-table-row odd\" data-row-index=\"3\">\n<td>Transmission<\/td>\n<td>Chain Drive<\/td>\n<\/tr>\n<tr class=\"pp-table-row even\" data-row-index=\"4\">\n<td>Engine Gear<\/td>\n<td>Fully Automatic with reverse<\/td>\n<\/tr>\n<tr class=\"pp-table-row odd\" data-row-index=\"5\">\n<td>Gear Selector Lever<\/td>\n<td>Hand<\/td>\n<\/tr>\n<tr class=\"pp-table-row even\" data-row-index=\"6\">\n<td>Ignition<\/td>\n<td>CDI<\/td>\n<\/tr>\n<tr class=\"pp-table-row odd\" data-row-index=\"7\">\n<td>Fuel Tank Capacity<\/td>\n<td>3.5L \/ 0.9 US gal.<\/td>\n<\/tr>\n<\/tbody>\n<\/table>\n<\/div>\n<\/div>\n<\/div>\n<div class=\"fl-module fl-module-pp-table fl-node-az031fply9et\" data-node=\"az031fply9et\">\n<div class=\"fl-module-content fl-node-content\">\n<div class=\"pp-table-wrap\">\n<div class=\"tablesaw-bar mode-swipe\">\n<div class=\"tablesaw-advance\"><\/div>\n<\/div>\n<table id=\"table-872\" class=\"pp-table-az031fply9et pp-table-content tablesaw tablesaw-swipe\" data-tablesaw-minimap=\"\" data-tablesaw-mode=\"swipe\">\n<thead>\n<tr>\n<th id=\"pp-table-col-1\" class=\"pp-table-col\" scope=\"col\" data-tablesaw-sortable-col=\"\"><span class=\"pp-table-header-inner\"><span class=\"pp-table-header-text\">CHASSIS<\/span><\/span><\/th>\n<\/tr>\n<\/thead>\n<tbody>\n<tr class=\"pp-table-row odd\" data-row-index=\"1\">\n<td>Front Brake<\/td>\n<td>Hydraulic Disc<\/td>\n<\/tr>\n<tr class=\"pp-table-row even\" data-row-index=\"2\">\n<td>Rear Brake<\/td>\n<td>Hydraulic Disc<\/td>\n<\/tr>\n<tr class=\"pp-table-row odd\" data-row-index=\"3\">\n<td>Front Suspension Type<\/td>\n<td>Dual A-Arm<\/td>\n<\/tr>\n<tr class=\"pp-table-row even\" data-row-index=\"4\">\n<td>Rear Suspension Type<\/td>\n<td>Mono Swingarm<\/td>\n<\/tr>\n<tr class=\"pp-table-row odd\" data-row-index=\"5\">\n<td>Tire Front<\/td>\n<td>16 x 8 &#8211; 7<\/td>\n<\/tr>\n<tr class=\"pp-table-row even\" data-row-index=\"6\">\n<td>Tire Rear<\/td>\n<td>16 x 8 &#8211; 7<\/td>\n<\/tr>\n<tr class=\"pp-table-row odd\" data-row-index=\"7\">\n<td>Speed Limiter<\/td>\n<td>Yes<\/td>\n<\/tr>\n<tr class=\"pp-table-row even\" data-row-index=\"8\">\n<td>Battery<\/td>\n<td>12V\/5Ah<\/td>\n<\/tr>\n<tr class=\"pp-table-row odd\" data-row-index=\"9\">\n<td>Front Lights (DRL)<\/td>\n<td>LED Light Bar<\/td>\n<\/tr>\n<tr class=\"pp-table-row even\" data-row-index=\"10\">\n<td>Brake Light<\/td>\n<td>LED<\/td>\n<\/tr>\n<\/tbody>\n<\/table>\n<\/div>\n<\/div>\n<\/div>\n<div class=\"fl-module fl-module-pp-table fl-node-tm0giza3knb1\" data-node=\"tm0giza3knb1\">\n<div class=\"fl-module-content fl-node-content\">\n<div class=\"pp-table-wrap\">\n<div class=\"tablesaw-bar mode-swipe\">\n<div class=\"tablesaw-advance\"><\/div>\n<\/div>\n<table id=\"table-3059\" class=\"pp-table-tm0giza3knb1 pp-table-content tablesaw tablesaw-swipe\" data-tablesaw-minimap=\"\" data-tablesaw-mode=\"swipe\">\n<thead>\n<tr>\n<th id=\"pp-table-col-1\" class=\"pp-table-col\" scope=\"col\" data-tablesaw-sortable-col=\"\"><span class=\"pp-table-header-inner\"><span class=\"pp-table-header-text\">DIMENSION<\/span><\/span><\/th>\n<\/tr>\n<\/thead>\n<tbody>\n<tr class=\"pp-table-row odd\" data-row-index=\"1\">\n<td>Ground Clearance<\/td>\n<td>3.1 inches<\/td>\n<\/tr>\n<tr class=\"pp-table-row even\" data-row-index=\"2\">\n<td>Wheelbase<\/td>\n<td>54 inches<\/td>\n<\/tr>\n<tr class=\"pp-table-row odd\" data-row-index=\"3\">\n<td>Vehicle Assembled Without Fuel<\/td>\n<td>362 LBS<\/td>\n<\/tr>\n<tr class=\"pp-table-row even\" data-row-index=\"4\">\n<td>Unassembled Crated Weight<\/td>\n<td>430 LBS<\/td>\n<\/tr>\n<tr class=\"pp-table-row odd\" data-row-index=\"5\">\n<td>Vehicle Dimension LxWxH<\/td>\n<td>72x52x51 inches<\/td>\n<\/tr>\n<tr class=\"pp-table-row even\" data-row-index=\"6\">\n<td>Carton Size LxWxH<\/td>\n<td>66.5 x 45x 24 inches<\/td>\n<\/tr>\n<\/tbody>\n<\/table>\n<\/div>\n<\/div>\n<\/div>\n<p class=\"p1\">Montage inclus<\/p>\n<p class=\"p1\">Meilleur prix garanti !<\/p>\n<p class=\"p1\">Trouvez moins cher et nous \u00e9galiserons le prix !<\/p>","protected":false},"excerpt":{"rendered":"<p>Marque\u00a0: Tao<\/p>\n<p>Cylindre : 120cc<\/p>\n<p>Moteur\u00a0: Moteur \u00e0 essence 4 temps<\/p>\n<p>Mise en route : D\u00e9marreur \u00e9lectrique<\/p>\n<p>Transmission : Automatique avec reculons<\/p>","protected":false},"featured_media":5855,"template":"","meta":[],"product_cat":[517,683],"product_tag":[],"class_list":{"0":"post-5854","1":"product","2":"type-product","3":"status-publish","4":"has-post-thumbnail","6":"product_cat-taotao","7":"product_cat-tao-vtt","9":"first","10":"instock","11":"taxable","12":"shipping-taxable","13":"purchasable","14":"product-type-simple"},"_links":{"self":[{"href":"https:\/\/www.maniaquedistribution.com\/fr\/wp-json\/wp\/v2\/product\/5854","targetHints":{"allow":["GET"]}}],"collection":[{"href":"https:\/\/www.maniaquedistribution.com\/fr\/wp-json\/wp\/v2\/product"}],"about":[{"href":"https:\/\/www.maniaquedistribution.com\/fr\/wp-json\/wp\/v2\/types\/product"}],"wp:featuredmedia":[{"embeddable":true,"href":"https:\/\/www.maniaquedistribution.com\/fr\/wp-json\/wp\/v2\/media\/5855"}],"wp:attachment":[{"href":"https:\/\/www.maniaquedistribution.com\/fr\/wp-json\/wp\/v2\/media?parent=5854"}],"wp:term":[{"taxonomy":"product_cat","embeddable":true,"href":"https:\/\/www.maniaquedistribution.com\/fr\/wp-json\/wp\/v2\/product_cat?post=5854"},{"taxonomy":"product_tag","embeddable":true,"href":"https:\/\/www.maniaquedistribution.com\/fr\/wp-json\/wp\/v2\/product_tag?post=5854"}],"curies":[{"name":"wp","href":"https:\/\/api.w.org\/{rel}","templated":true}]}}