{"id":5882,"date":"2023-08-10T14:36:59","date_gmt":"2023-08-10T12:36:59","guid":{"rendered":"https:\/\/www.maniaquedistribution.com\/?post_type=product&#038;p=5882"},"modified":"2025-12-11T18:34:34","modified_gmt":"2025-12-11T17:34:34","slug":"evs-slam-combo","status":"publish","type":"product","link":"https:\/\/www.maniaquedistribution.com\/fr\/product\/evs-slam-combo\/","title":{"rendered":"EVS Slam Combo"},"content":{"rendered":"<p>Le Slam Combo par EVS comprend des prot\u00e8ge-genoux, des prot\u00e8ge-coudes et le collier cervical Race R2. Le combo de protection ultime \u00e0 une fraction du prix !<\/p>\n<p>&nbsp;<\/p>\n<p class=\"p1\">Meilleur prix garanti !<\/p>\n<p class=\"p1\">Trouvez moins cher et nous \u00e9galiserons le prix !<\/p>","protected":false},"excerpt":{"rendered":"<p>Tailles: Mini et enfants<\/p>","protected":false},"featured_media":5883,"template":"","meta":[],"product_cat":[688],"product_tag":[],"class_list":{"0":"post-5882","1":"product","2":"type-product","3":"status-publish","4":"has-post-thumbnail","6":"product_cat-protection","8":"first","9":"instock","10":"taxable","11":"shipping-taxable","12":"purchasable","13":"product-type-simple"},"_links":{"self":[{"href":"https:\/\/www.maniaquedistribution.com\/fr\/wp-json\/wp\/v2\/product\/5882","targetHints":{"allow":["GET"]}}],"collection":[{"href":"https:\/\/www.maniaquedistribution.com\/fr\/wp-json\/wp\/v2\/product"}],"about":[{"href":"https:\/\/www.maniaquedistribution.com\/fr\/wp-json\/wp\/v2\/types\/product"}],"wp:featuredmedia":[{"embeddable":true,"href":"https:\/\/www.maniaquedistribution.com\/fr\/wp-json\/wp\/v2\/media\/5883"}],"wp:attachment":[{"href":"https:\/\/www.maniaquedistribution.com\/fr\/wp-json\/wp\/v2\/media?parent=5882"}],"wp:term":[{"taxonomy":"product_cat","embeddable":true,"href":"https:\/\/www.maniaquedistribution.com\/fr\/wp-json\/wp\/v2\/product_cat?post=5882"},{"taxonomy":"product_tag","embeddable":true,"href":"https:\/\/www.maniaquedistribution.com\/fr\/wp-json\/wp\/v2\/product_tag?post=5882"}],"curies":[{"name":"wp","href":"https:\/\/api.w.org\/{rel}","templated":true}]}}